{"id":951,"date":"2016-08-19T18:04:41","date_gmt":"2016-08-19T16:04:41","guid":{"rendered":"http:\/\/www.maisondeaaz.com\/?page_id=951"},"modified":"2016-09-05T18:50:03","modified_gmt":"2016-09-05T15:50:03","slug":"mes-realisations","status":"publish","type":"page","link":"https:\/\/www.maisondeaaz.com\/tr\/mes-realisations\/","title":{"rendered":"Yapt\u0131klar\u0131m"},"content":{"rendered":"<p><div id=\"supsystic-slider-wrapper-7_43897\" class=\"supsystic-slider-wrapper\"> <div class=\"slider-sharing-top\"><\/div> <div id=\"supsystic-slider-7_43897\" class=\"supsystic-slider supsystic-slider-bx\" data-type=\"bx\" data-settings=\"{&quot;general&quot;:{&quot;mode&quot;:&quot;horizontal&quot;,&quot;auto&quot;:&quot;enable&quot;,&quot;slideshowControls&quot;:&quot;disable&quot;,&quot;navigation&quot;:&quot;1&quot;,&quot;captions&quot;:&quot;true&quot;,&quot;speed&quot;:&quot;500&quot;,&quot;easing&quot;:&quot;easeInExpo&quot;},&quot;touch&quot;:{&quot;touchEnabled&quot;:&quot;true&quot;,&quot;oneToOne&quot;:&quot;true&quot;,&quot;swipeThreshold&quot;:&quot;55&quot;},&quot;pager&quot;:{&quot;pagerEnabled&quot;:&quot;false&quot;,&quot;pagerType&quot;:&quot;full&quot;},&quot;properties&quot;:{&quot;width&quot;:&quot;800&quot;,&quot;widthType&quot;:&quot;px&quot;,&quot;height&quot;:&quot;400&quot;,&quot;position&quot;:&quot;center&quot;},&quot;caption&quot;:{&quot;color&quot;:&quot;#000000&quot;,&quot;font-size&quot;:&quot;14&quot;,&quot;text-align&quot;:&quot;auto&quot;,&quot;font-family&quot;:&quot;Open Sans&quot;,&quot;background-color-hex&quot;:&quot;#8e8e8e&quot;,&quot;background-color&quot;:&quot;rgba(142, 142, 142, 0.9)&quot;,&quot;background-opacity&quot;:&quot;0.9&quot;},&quot;__veditor__&quot;:{&quot;.bx-caption&quot;:{&quot;color&quot;:&quot;#000000&quot;,&quot;font-size&quot;:&quot;14px&quot;,&quot;text-align&quot;:&quot;auto&quot;,&quot;font-family&quot;:&quot;Open Sans&quot;,&quot;background-color&quot;:&quot;rgba(142, 142, 142, 0.9)&quot;}},&quot;socialSharing&quot;:{&quot;pluginInstalled&quot;:false,&quot;projectsList&quot;:[],&quot;html&quot;:&quot;&quot;}}\" data-thumbs=\"thumbnails-7\" style=\"visibility: hidden; direction: ltr;overflow-x: hidden;\"> <ul style=\"visibility: hidden; margin: 0 !important; \"> <li class=\"slide\" data-id=\"1\"> <img src=\"https:\/\/www.maisondeaaz.com\/wp-content\/uploads\/2016\/09\/P1190911-800x400.jpg\" alt=\"\" title=\"\" data-title=\"\"\/> <\/li> <li class=\"slide\" data-id=\"2\"> <img src=\"https:\/\/www.maisondeaaz.com\/wp-content\/uploads\/2016\/09\/peinture-2-800x400.jpg\" alt=\"\" title=\"\" data-title=\"\"\/> <\/li> <li class=\"slide\" data-id=\"3\"> <img src=\"https:\/\/www.maisondeaaz.com\/wp-content\/uploads\/2016\/09\/parquet-colle-2-800x400.jpg\" alt=\"\" title=\"\" data-title=\"\"\/> <\/li> <li class=\"slide\" data-id=\"4\"> <img src=\"https:\/\/www.maisondeaaz.com\/wp-content\/uploads\/2016\/09\/parquet-clip-2-800x400.jpg\" alt=\"\" title=\"\" data-title=\"\"\/> <\/li> <li class=\"slide\" data-id=\"5\"> <img src=\"https:\/\/www.maisondeaaz.com\/wp-content\/uploads\/2016\/09\/P1190829-800x400.jpg\" alt=\"\" title=\"\" data-title=\"\"\/> <\/li> <li class=\"slide\" data-id=\"6\"> <img src=\"https:\/\/www.maisondeaaz.com\/wp-content\/uploads\/2016\/09\/P1100710-800x400.jpg\" alt=\"\" title=\"\" data-title=\"\"\/> <\/li> <li class=\"slide\" data-id=\"7\"> <img src=\"https:\/\/www.maisondeaaz.com\/wp-content\/uploads\/2016\/09\/P1190758-800x400.jpg\" alt=\"\" title=\"\" data-title=\"\"\/> <\/li> <li class=\"slide\" data-id=\"8\"> <img src=\"https:\/\/www.maisondeaaz.com\/wp-content\/uploads\/2016\/09\/P1190852-800x400.jpg\" alt=\"\" title=\"\" data-title=\"\"\/> <\/li> <li class=\"slide\" data-id=\"9\"> <img src=\"https:\/\/www.maisondeaaz.com\/wp-content\/uploads\/2016\/09\/P1170445-800x400.jpg\" alt=\"\" title=\"\" data-title=\"\"\/> <\/li> <li class=\"slide\" data-id=\"10\"> <img src=\"https:\/\/www.maisondeaaz.com\/wp-content\/uploads\/2016\/09\/P1190842-800x400.jpg\" alt=\"\" title=\"\" data-title=\"\"\/> <\/li> <\/ul> <\/div> <div id=\"bx-clearfix\" style=\"clear:both;\"><\/div> <ul class=\"thumbnails-7 thumbs\" style=\"visibility: hidden; margin: 0 !important;\"> <li> <img data-index=\"0\" src=\"https:\/\/www.maisondeaaz.com\/wp-content\/uploads\/2016\/09\/P1190911-200x133.jpg\" alt=\"La Cuisine\" title=\"\" data-title=\"\" style=\"\" \/> <\/li> <li> <img data-index=\"1\" src=\"https:\/\/www.maisondeaaz.com\/wp-content\/uploads\/2016\/09\/peinture-2-200x133.jpg\" alt=\"La Peinture\" title=\"\" data-title=\"\" style=\"\" \/> <\/li> <li> <img data-index=\"2\" src=\"https:\/\/www.maisondeaaz.com\/wp-content\/uploads\/2016\/09\/parquet-colle-2-200x133.jpg\" alt=\"Le Parquet Coll\u00e9\" title=\"\" data-title=\"\" style=\"\" \/> <\/li> <li> <img data-index=\"3\" src=\"https:\/\/www.maisondeaaz.com\/wp-content\/uploads\/2016\/09\/parquet-clip-2-200x133.jpg\" alt=\"Le Parquet \u00c0 Clipser\" title=\"\" data-title=\"\" style=\"\" \/> <\/li> <li> <img data-index=\"4\" src=\"https:\/\/www.maisondeaaz.com\/wp-content\/uploads\/2016\/09\/P1190829-200x133.jpg\" alt=\"L&#039;escalier\" title=\"\" data-title=\"\" style=\"\" \/> <\/li> <li> <img data-index=\"5\" src=\"https:\/\/www.maisondeaaz.com\/wp-content\/uploads\/2016\/09\/P1100710-200x133.jpg\" alt=\"Optimiser L&#039;espace Sous L&#039;escalier\" title=\"\" data-title=\"\" style=\"\" \/> <\/li> <li> <img data-index=\"6\" src=\"https:\/\/www.maisondeaaz.com\/wp-content\/uploads\/2016\/09\/P1190758-200x133.jpg\" alt=\"L&#039;armoire Encastr\u00e9e\" title=\"\" data-title=\"\" style=\"\" \/> <\/li> <li> <img data-index=\"7\" src=\"https:\/\/www.maisondeaaz.com\/wp-content\/uploads\/2016\/09\/P1190852-200x133.jpg\" alt=\"La Pergola\" title=\"\" data-title=\"\" style=\"\" \/> <\/li> <li> <img data-index=\"8\" src=\"https:\/\/www.maisondeaaz.com\/wp-content\/uploads\/2016\/09\/P1170445-200x133.jpg\" alt=\"Panneaux De S\u00e9paration Jardin\" title=\"\" data-title=\"\" style=\"\" \/> <\/li> <li> <img data-index=\"9\" src=\"https:\/\/www.maisondeaaz.com\/wp-content\/uploads\/2016\/09\/P1190842-200x133.jpg\" alt=\"Le Carrelage Ext\u00e9rieur\" title=\"\" data-title=\"\" style=\"\" \/> <\/li> <\/ul> <div style=\"clear:both;\"><\/div> <div class=\"slider-sharing-bottom\"><\/div> <\/div><\/p>\n<p>\u015eantiye yeni bitmesine rahmen, daha \u00e7ok yap\u0131lacak i\u015fler var. Ya tek ba\u015f\u0131n\u0131z\u0131na, yada ailenizin arkada\u015flar\u0131n\u0131z\u0131n yard\u0131m\u0131yla, veya bir profesyonel yapt\u0131r\u0131rs\u0131n\u0131z. Kalan i\u015fler \u00e7ok uzun s\u00fcrer, ak\u015famlar\u0131n\u0131z, hafta sonlar\u0131, ve tatilleriniz \u00e7ok me\u015fgul olacakt\u0131r.<\/p>","protected":false},"excerpt":{"rendered":"<p>\u015eantiye yeni bitmesine rahmen, daha \u00e7ok yap\u0131lacak i\u015fler var. Ya tek ba\u015f\u0131n\u0131z\u0131na, yada ailenizin arkada\u015flar\u0131n\u0131z\u0131n yard\u0131m\u0131yla, veya bir profesyonel yapt\u0131r\u0131rs\u0131n\u0131z. Kalan i\u015fler \u00e7ok uzun s\u00fcrer, ak\u015famlar\u0131n\u0131z, hafta sonlar\u0131, ve tatilleriniz<\/p>\n","protected":false},"author":1,"featured_media":0,"parent":0,"menu_order":0,"comment_status":"closed","ping_status":"closed","template":"","meta":[],"yoast_head":"<!-- This site is optimized with the Yoast SEO plugin v18.9 - https:\/\/yoast.com\/wordpress\/plugins\/seo\/ -->\n<title>Yapt\u0131klar\u0131m - MaisondeAaZ.com<\/title>\n<meta name=\"robots\" content=\"index, follow, max-snippet:-1, max-image-preview:large, max-video-preview:-1\" \/>\n<link rel=\"canonical\" href=\"https:\/\/www.maisondeaaz.com\/mes-realisations\/\" \/>\n<meta property=\"og:locale\" content=\"tr_TR\" \/>\n<meta property=\"og:type\" content=\"article\" \/>\n<meta property=\"og:title\" content=\"[:fr]Mes r\u00e9alisations[:tr]Yapt\u0131klar\u0131m[:] - MaisondeAaZ.com\" \/>\n<meta property=\"og:description\" content=\"\u015eantiye yeni bitmesine rahmen, daha \u00e7ok yap\u0131lacak i\u015fler var. Ya tek ba\u015f\u0131n\u0131z\u0131na, yada ailenizin arkada\u015flar\u0131n\u0131z\u0131n yard\u0131m\u0131yla, veya bir profesyonel yapt\u0131r\u0131rs\u0131n\u0131z. Kalan i\u015fler \u00e7ok uzun s\u00fcrer, ak\u015famlar\u0131n\u0131z, hafta sonlar\u0131, ve tatilleriniz\" \/>\n<meta property=\"og:url\" content=\"https:\/\/www.maisondeaaz.com\/mes-realisations\/\" \/>\n<meta property=\"og:site_name\" content=\"MaisondeAaZ.com\" \/>\n<meta property=\"article:modified_time\" content=\"2016-09-05T15:50:03+00:00\" \/>\n<meta name=\"twitter:card\" content=\"summary\" \/>\n<meta name=\"twitter:label1\" content=\"Tahmini okuma s\u00fcresi\" \/>\n\t<meta name=\"twitter:data1\" content=\"1 dakika\" \/>\n<script type=\"application\/ld+json\" class=\"yoast-schema-graph\">{\"@context\":\"https:\/\/schema.org\",\"@graph\":[{\"@type\":\"WebSite\",\"@id\":\"http:\/\/www.maisondeaaz.com\/#website\",\"url\":\"http:\/\/www.maisondeaaz.com\/\",\"name\":\"MaisondeAaZ.com\",\"description\":\"Evimin A dan Z de yap\u0131l\u0131\u015f\u0131\",\"potentialAction\":[{\"@type\":\"SearchAction\",\"target\":{\"@type\":\"EntryPoint\",\"urlTemplate\":\"http:\/\/www.maisondeaaz.com\/?s={search_term_string}\"},\"query-input\":\"required name=search_term_string\"}],\"inLanguage\":\"tr\"},{\"@type\":\"WebPage\",\"@id\":\"https:\/\/www.maisondeaaz.com\/mes-realisations\/#webpage\",\"url\":\"https:\/\/www.maisondeaaz.com\/mes-realisations\/\",\"name\":\"[:fr]Mes r\u00e9alisations[:tr]Yapt\u0131klar\u0131m[:] - MaisondeAaZ.com\",\"isPartOf\":{\"@id\":\"http:\/\/www.maisondeaaz.com\/#website\"},\"datePublished\":\"2016-08-19T16:04:41+00:00\",\"dateModified\":\"2016-09-05T15:50:03+00:00\",\"breadcrumb\":{\"@id\":\"https:\/\/www.maisondeaaz.com\/mes-realisations\/#breadcrumb\"},\"inLanguage\":\"tr\",\"potentialAction\":[{\"@type\":\"ReadAction\",\"target\":[\"https:\/\/www.maisondeaaz.com\/mes-realisations\/\"]}]},{\"@type\":\"BreadcrumbList\",\"@id\":\"https:\/\/www.maisondeaaz.com\/mes-realisations\/#breadcrumb\",\"itemListElement\":[{\"@type\":\"ListItem\",\"position\":1,\"name\":\"Accueil\",\"item\":\"http:\/\/www.maisondeaaz.com\/\"},{\"@type\":\"ListItem\",\"position\":2,\"name\":\"Mes r\u00e9alisations\"}]}]}<\/script>\n<!-- \/ Yoast SEO plugin. -->","yoast_head_json":{"title":"[:fr]Mes r\u00e9alisations[:tr]Yapt\u0131klar\u0131m[:] - MaisondeAaZ.com","robots":{"index":"index","follow":"follow","max-snippet":"max-snippet:-1","max-image-preview":"max-image-preview:large","max-video-preview":"max-video-preview:-1"},"canonical":"https:\/\/www.maisondeaaz.com\/mes-realisations\/","og_locale":"tr_TR","og_type":"article","og_title":"[:fr]Mes r\u00e9alisations[:tr]Yapt\u0131klar\u0131m[:] - MaisondeAaZ.com","og_description":"\u015eantiye yeni bitmesine rahmen, daha \u00e7ok yap\u0131lacak i\u015fler var. Ya tek ba\u015f\u0131n\u0131z\u0131na, yada ailenizin arkada\u015flar\u0131n\u0131z\u0131n yard\u0131m\u0131yla, veya bir profesyonel yapt\u0131r\u0131rs\u0131n\u0131z. Kalan i\u015fler \u00e7ok uzun s\u00fcrer, ak\u015famlar\u0131n\u0131z, hafta sonlar\u0131, ve tatilleriniz","og_url":"https:\/\/www.maisondeaaz.com\/mes-realisations\/","og_site_name":"MaisondeAaZ.com","article_modified_time":"2016-09-05T15:50:03+00:00","twitter_card":"summary","twitter_misc":{"Tahmini okuma s\u00fcresi":"1 dakika"},"schema":{"@context":"https:\/\/schema.org","@graph":[{"@type":"WebSite","@id":"http:\/\/www.maisondeaaz.com\/#website","url":"http:\/\/www.maisondeaaz.com\/","name":"MaisondeAaZ.com","description":"Evimin A dan Z de yap\u0131l\u0131\u015f\u0131","potentialAction":[{"@type":"SearchAction","target":{"@type":"EntryPoint","urlTemplate":"http:\/\/www.maisondeaaz.com\/?s={search_term_string}"},"query-input":"required name=search_term_string"}],"inLanguage":"tr"},{"@type":"WebPage","@id":"https:\/\/www.maisondeaaz.com\/mes-realisations\/#webpage","url":"https:\/\/www.maisondeaaz.com\/mes-realisations\/","name":"[:fr]Mes r\u00e9alisations[:tr]Yapt\u0131klar\u0131m[:] - MaisondeAaZ.com","isPartOf":{"@id":"http:\/\/www.maisondeaaz.com\/#website"},"datePublished":"2016-08-19T16:04:41+00:00","dateModified":"2016-09-05T15:50:03+00:00","breadcrumb":{"@id":"https:\/\/www.maisondeaaz.com\/mes-realisations\/#breadcrumb"},"inLanguage":"tr","potentialAction":[{"@type":"ReadAction","target":["https:\/\/www.maisondeaaz.com\/mes-realisations\/"]}]},{"@type":"BreadcrumbList","@id":"https:\/\/www.maisondeaaz.com\/mes-realisations\/#breadcrumb","itemListElement":[{"@type":"ListItem","position":1,"name":"Accueil","item":"http:\/\/www.maisondeaaz.com\/"},{"@type":"ListItem","position":2,"name":"Mes r\u00e9alisations"}]}]}},"_links":{"self":[{"href":"https:\/\/www.maisondeaaz.com\/tr\/wp-json\/wp\/v2\/pages\/951"}],"collection":[{"href":"https:\/\/www.maisondeaaz.com\/tr\/wp-json\/wp\/v2\/pages"}],"about":[{"href":"https:\/\/www.maisondeaaz.com\/tr\/wp-json\/wp\/v2\/types\/page"}],"author":[{"embeddable":true,"href":"https:\/\/www.maisondeaaz.com\/tr\/wp-json\/wp\/v2\/users\/1"}],"replies":[{"embeddable":true,"href":"https:\/\/www.maisondeaaz.com\/tr\/wp-json\/wp\/v2\/comments?post=951"}],"version-history":[{"count":5,"href":"https:\/\/www.maisondeaaz.com\/tr\/wp-json\/wp\/v2\/pages\/951\/revisions"}],"predecessor-version":[{"id":1596,"href":"https:\/\/www.maisondeaaz.com\/tr\/wp-json\/wp\/v2\/pages\/951\/revisions\/1596"}],"wp:attachment":[{"href":"https:\/\/www.maisondeaaz.com\/tr\/wp-json\/wp\/v2\/media?parent=951"}],"curies":[{"name":"wp","href":"https:\/\/api.w.org\/{rel}","templated":true}]}}