{"id":83,"date":"2016-08-18T08:39:15","date_gmt":"2016-08-18T06:39:15","guid":{"rendered":"http:\/\/www.maisondeaaz.com\/?page_id=83"},"modified":"2016-09-05T16:35:01","modified_gmt":"2016-09-05T13:35:01","slug":"le-terrain","status":"publish","type":"page","link":"https:\/\/www.maisondeaaz.com\/tr\/le-terrain\/","title":{"rendered":"Arsa"},"content":{"rendered":"<p>Arsa, 500 m\u00b2 bir toprak par\u00e7as\u0131, benim evimin olaca\u011f\u0131 yer.<br \/>\nSe\u00e7im i\u00e7in \u00e7ok kolay oldu, sadece iki arsa mevcutu.<\/p>\n<p>\u00c7ekim Tarihi: 07-10-2007<\/p>\n\n\t\t<style type=\"text\/css\">\n\t\t\t#gallery-3 {\n\t\t\t\tmargin: auto;\n\t\t\t}\n\t\t\t#gallery-3 .gallery-item {\n\t\t\t\tfloat: left;\n\t\t\t\tmargin-top: 10px;\n\t\t\t\ttext-align: center;\n\t\t\t\twidth: 100%;\n\t\t\t}\n\t\t\t#gallery-3 img {\n\t\t\t\tborder: 2px solid #cfcfcf;\n\t\t\t}\n\t\t\t#gallery-3 .gallery-caption {\n\t\t\t\tmargin-left: 0;\n\t\t\t}\n\t\t\t\/* see gallery_shortcode() in wp-includes\/media.php *\/\n\t\t<\/style>\n\t\t<div id='gallery-3' class='gallery galleryid-83 gallery-columns-1 gallery-size-large'><dl class='gallery-item'>\n\t\t\t<dt class='gallery-icon landscape'>\n\t\t\t\t<a href='https:\/\/www.maisondeaaz.com\/wp-content\/uploads\/2016\/08\/DSCF0032-1.jpg' rel=\"lightbox[83]\"><img width=\"860\" height=\"645\" src=\"https:\/\/www.maisondeaaz.com\/wp-content\/uploads\/2016\/08\/DSCF0032-1.jpg\" class=\"attachment-large size-large\" alt=\"\" decoding=\"async\" loading=\"lazy\" srcset=\"https:\/\/www.maisondeaaz.com\/wp-content\/uploads\/2016\/08\/DSCF0032-1.jpg 1000w, https:\/\/www.maisondeaaz.com\/wp-content\/uploads\/2016\/08\/DSCF0032-1-300x225.jpg 300w, https:\/\/www.maisondeaaz.com\/wp-content\/uploads\/2016\/08\/DSCF0032-1-768x576.jpg 768w\" sizes=\"(max-width: 860px) 100vw, 860px\" \/><\/a>\n\t\t\t<\/dt><\/dl><br style=\"clear: both\" \/><dl class='gallery-item'>\n\t\t\t<dt class='gallery-icon landscape'>\n\t\t\t\t<a href='https:\/\/www.maisondeaaz.com\/wp-content\/uploads\/2016\/08\/DSCF0028.jpg' rel=\"lightbox[83]\"><img width=\"860\" height=\"645\" src=\"https:\/\/www.maisondeaaz.com\/wp-content\/uploads\/2016\/08\/DSCF0028.jpg\" class=\"attachment-large size-large\" alt=\"\" decoding=\"async\" loading=\"lazy\" srcset=\"https:\/\/www.maisondeaaz.com\/wp-content\/uploads\/2016\/08\/DSCF0028.jpg 1000w, https:\/\/www.maisondeaaz.com\/wp-content\/uploads\/2016\/08\/DSCF0028-300x225.jpg 300w, https:\/\/www.maisondeaaz.com\/wp-content\/uploads\/2016\/08\/DSCF0028-768x576.jpg 768w\" sizes=\"(max-width: 860px) 100vw, 860px\" \/><\/a>\n\t\t\t<\/dt><\/dl><br style=\"clear: both\" \/><dl class='gallery-item'>\n\t\t\t<dt class='gallery-icon landscape'>\n\t\t\t\t<a href='https:\/\/www.maisondeaaz.com\/wp-content\/uploads\/2016\/08\/DSCF0035.jpg' rel=\"lightbox[83]\"><img width=\"860\" height=\"645\" src=\"https:\/\/www.maisondeaaz.com\/wp-content\/uploads\/2016\/08\/DSCF0035.jpg\" class=\"attachment-large size-large\" alt=\"\" decoding=\"async\" loading=\"lazy\" srcset=\"https:\/\/www.maisondeaaz.com\/wp-content\/uploads\/2016\/08\/DSCF0035.jpg 1000w, https:\/\/www.maisondeaaz.com\/wp-content\/uploads\/2016\/08\/DSCF0035-300x225.jpg 300w, https:\/\/www.maisondeaaz.com\/wp-content\/uploads\/2016\/08\/DSCF0035-768x576.jpg 768w\" sizes=\"(max-width: 860px) 100vw, 860px\" \/><\/a>\n\t\t\t<\/dt><\/dl><br style=\"clear: both\" \/><dl class='gallery-item'>\n\t\t\t<dt class='gallery-icon landscape'>\n\t\t\t\t<a href='https:\/\/www.maisondeaaz.com\/wp-content\/uploads\/2016\/08\/DSCF0034.jpg' rel=\"lightbox[83]\"><img width=\"860\" height=\"645\" src=\"https:\/\/www.maisondeaaz.com\/wp-content\/uploads\/2016\/08\/DSCF0034.jpg\" class=\"attachment-large size-large\" alt=\"\" decoding=\"async\" loading=\"lazy\" srcset=\"https:\/\/www.maisondeaaz.com\/wp-content\/uploads\/2016\/08\/DSCF0034.jpg 1000w, https:\/\/www.maisondeaaz.com\/wp-content\/uploads\/2016\/08\/DSCF0034-300x225.jpg 300w, https:\/\/www.maisondeaaz.com\/wp-content\/uploads\/2016\/08\/DSCF0034-768x576.jpg 768w\" sizes=\"(max-width: 860px) 100vw, 860px\" \/><\/a>\n\t\t\t<\/dt><\/dl><br style=\"clear: both\" \/><dl class='gallery-item'>\n\t\t\t<dt class='gallery-icon landscape'>\n\t\t\t\t<a href='https:\/\/www.maisondeaaz.com\/wp-content\/uploads\/2016\/08\/DSCF0032.jpg' rel=\"lightbox[83]\"><img width=\"860\" height=\"645\" src=\"https:\/\/www.maisondeaaz.com\/wp-content\/uploads\/2016\/08\/DSCF0032.jpg\" class=\"attachment-large size-large\" alt=\"\" decoding=\"async\" loading=\"lazy\" srcset=\"https:\/\/www.maisondeaaz.com\/wp-content\/uploads\/2016\/08\/DSCF0032.jpg 1000w, https:\/\/www.maisondeaaz.com\/wp-content\/uploads\/2016\/08\/DSCF0032-300x225.jpg 300w, https:\/\/www.maisondeaaz.com\/wp-content\/uploads\/2016\/08\/DSCF0032-768x576.jpg 768w\" sizes=\"(max-width: 860px) 100vw, 860px\" \/><\/a>\n\t\t\t<\/dt><\/dl><br style=\"clear: both\" \/><dl class='gallery-item'>\n\t\t\t<dt class='gallery-icon landscape'>\n\t\t\t\t<a href='https:\/\/www.maisondeaaz.com\/wp-content\/uploads\/2016\/08\/DSCF0031.jpg' rel=\"lightbox[83]\"><img width=\"860\" height=\"645\" src=\"https:\/\/www.maisondeaaz.com\/wp-content\/uploads\/2016\/08\/DSCF0031.jpg\" class=\"attachment-large size-large\" alt=\"\" decoding=\"async\" loading=\"lazy\" srcset=\"https:\/\/www.maisondeaaz.com\/wp-content\/uploads\/2016\/08\/DSCF0031.jpg 1000w, https:\/\/www.maisondeaaz.com\/wp-content\/uploads\/2016\/08\/DSCF0031-300x225.jpg 300w, https:\/\/www.maisondeaaz.com\/wp-content\/uploads\/2016\/08\/DSCF0031-768x576.jpg 768w\" sizes=\"(max-width: 860px) 100vw, 860px\" \/><\/a>\n\t\t\t<\/dt><\/dl><br style=\"clear: both\" \/>\n\t\t<\/div>\n\n<p>&nbsp;<\/p>\n<p>Arsay\u0131 ald\u0131ktan sonra, evimin planlar\u0131n\u0131 d\u00fczenledikten sonra, belediyenin izinini bekliyoruz evi ba\u015flamak i\u00e7in. Etrafta evler bitiyor bile&#8230;<\/p>\n<p>\u00c7ekim Tarihi: : 29-03-2008<\/p>\n<p>\n\t\t<style type=\"text\/css\">\n\t\t\t#gallery-4 {\n\t\t\t\tmargin: auto;\n\t\t\t}\n\t\t\t#gallery-4 .gallery-item {\n\t\t\t\tfloat: left;\n\t\t\t\tmargin-top: 10px;\n\t\t\t\ttext-align: center;\n\t\t\t\twidth: 100%;\n\t\t\t}\n\t\t\t#gallery-4 img {\n\t\t\t\tborder: 2px solid #cfcfcf;\n\t\t\t}\n\t\t\t#gallery-4 .gallery-caption {\n\t\t\t\tmargin-left: 0;\n\t\t\t}\n\t\t\t\/* see gallery_shortcode() in wp-includes\/media.php *\/\n\t\t<\/style>\n\t\t<div id='gallery-4' class='gallery galleryid-83 gallery-columns-1 gallery-size-large'><dl class='gallery-item'>\n\t\t\t<dt class='gallery-icon landscape'>\n\t\t\t\t<a href='https:\/\/www.maisondeaaz.com\/wp-content\/uploads\/2016\/08\/DSCF0001.jpg' rel=\"lightbox[83]\"><img width=\"860\" height=\"645\" src=\"https:\/\/www.maisondeaaz.com\/wp-content\/uploads\/2016\/08\/DSCF0001.jpg\" class=\"attachment-large size-large\" alt=\"\" decoding=\"async\" loading=\"lazy\" srcset=\"https:\/\/www.maisondeaaz.com\/wp-content\/uploads\/2016\/08\/DSCF0001.jpg 1000w, https:\/\/www.maisondeaaz.com\/wp-content\/uploads\/2016\/08\/DSCF0001-300x225.jpg 300w, https:\/\/www.maisondeaaz.com\/wp-content\/uploads\/2016\/08\/DSCF0001-768x576.jpg 768w\" sizes=\"(max-width: 860px) 100vw, 860px\" \/><\/a>\n\t\t\t<\/dt><\/dl><br style=\"clear: both\" \/><dl class='gallery-item'>\n\t\t\t<dt class='gallery-icon landscape'>\n\t\t\t\t<a href='https:\/\/www.maisondeaaz.com\/wp-content\/uploads\/2016\/08\/DSCF0003.jpg' rel=\"lightbox[83]\"><img width=\"860\" height=\"645\" src=\"https:\/\/www.maisondeaaz.com\/wp-content\/uploads\/2016\/08\/DSCF0003.jpg\" class=\"attachment-large size-large\" alt=\"\" decoding=\"async\" loading=\"lazy\" srcset=\"https:\/\/www.maisondeaaz.com\/wp-content\/uploads\/2016\/08\/DSCF0003.jpg 1000w, https:\/\/www.maisondeaaz.com\/wp-content\/uploads\/2016\/08\/DSCF0003-300x225.jpg 300w, https:\/\/www.maisondeaaz.com\/wp-content\/uploads\/2016\/08\/DSCF0003-768x576.jpg 768w\" sizes=\"(max-width: 860px) 100vw, 860px\" \/><\/a>\n\t\t\t<\/dt><\/dl><br style=\"clear: both\" \/><dl class='gallery-item'>\n\t\t\t<dt class='gallery-icon landscape'>\n\t\t\t\t<a href='https:\/\/www.maisondeaaz.com\/wp-content\/uploads\/2016\/08\/DSCF0004.jpg' rel=\"lightbox[83]\"><img width=\"860\" height=\"645\" src=\"https:\/\/www.maisondeaaz.com\/wp-content\/uploads\/2016\/08\/DSCF0004.jpg\" class=\"attachment-large size-large\" alt=\"\" decoding=\"async\" loading=\"lazy\" srcset=\"https:\/\/www.maisondeaaz.com\/wp-content\/uploads\/2016\/08\/DSCF0004.jpg 1000w, https:\/\/www.maisondeaaz.com\/wp-content\/uploads\/2016\/08\/DSCF0004-300x225.jpg 300w, https:\/\/www.maisondeaaz.com\/wp-content\/uploads\/2016\/08\/DSCF0004-768x576.jpg 768w\" sizes=\"(max-width: 860px) 100vw, 860px\" \/><\/a>\n\t\t\t<\/dt><\/dl><br style=\"clear: both\" \/><dl class='gallery-item'>\n\t\t\t<dt class='gallery-icon landscape'>\n\t\t\t\t<a href='https:\/\/www.maisondeaaz.com\/wp-content\/uploads\/2016\/08\/DSCF0005.jpg' rel=\"lightbox[83]\"><img width=\"860\" height=\"645\" src=\"https:\/\/www.maisondeaaz.com\/wp-content\/uploads\/2016\/08\/DSCF0005.jpg\" class=\"attachment-large size-large\" alt=\"\" decoding=\"async\" loading=\"lazy\" srcset=\"https:\/\/www.maisondeaaz.com\/wp-content\/uploads\/2016\/08\/DSCF0005.jpg 1000w, https:\/\/www.maisondeaaz.com\/wp-content\/uploads\/2016\/08\/DSCF0005-300x225.jpg 300w, https:\/\/www.maisondeaaz.com\/wp-content\/uploads\/2016\/08\/DSCF0005-768x576.jpg 768w\" sizes=\"(max-width: 860px) 100vw, 860px\" \/><\/a>\n\t\t\t<\/dt><\/dl><br style=\"clear: both\" \/>\n\t\t<\/div>\n<\/p>","protected":false},"excerpt":{"rendered":"<p>Arsa, 500 m\u00b2 bir toprak par\u00e7as\u0131, benim evimin olaca\u011f\u0131 yer. Se\u00e7im i\u00e7in \u00e7ok kolay oldu, sadece iki arsa mevcutu. \u00c7ekim Tarihi: 07-10-2007 &nbsp; Arsay\u0131 ald\u0131ktan sonra, evimin planlar\u0131n\u0131 d\u00fczenledikten sonra,<\/p>\n","protected":false},"author":1,"featured_media":0,"parent":0,"menu_order":0,"comment_status":"closed","ping_status":"closed","template":"","meta":[],"yoast_head":"<!-- This site is optimized with the Yoast SEO plugin v18.9 - https:\/\/yoast.com\/wordpress\/plugins\/seo\/ -->\n<title>Arsa - MaisondeAaZ.com<\/title>\n<meta name=\"robots\" content=\"index, follow, max-snippet:-1, max-image-preview:large, max-video-preview:-1\" \/>\n<link rel=\"canonical\" href=\"https:\/\/www.maisondeaaz.com\/tr\/le-terrain\/\" \/>\n<meta property=\"og:locale\" content=\"tr_TR\" \/>\n<meta property=\"og:type\" content=\"article\" \/>\n<meta property=\"og:title\" content=\"[:fr]Le terrain[:tr]Arsa[:] - MaisondeAaZ.com\" \/>\n<meta property=\"og:description\" content=\"Arsa, 500 m\u00b2 bir toprak par\u00e7as\u0131, benim evimin olaca\u011f\u0131 yer. Se\u00e7im i\u00e7in \u00e7ok kolay oldu, sadece iki arsa mevcutu. \u00c7ekim Tarihi: 07-10-2007 &nbsp; Arsay\u0131 ald\u0131ktan sonra, evimin planlar\u0131n\u0131 d\u00fczenledikten sonra,\" \/>\n<meta property=\"og:url\" content=\"https:\/\/www.maisondeaaz.com\/tr\/le-terrain\/\" \/>\n<meta property=\"og:site_name\" content=\"MaisondeAaZ.com\" \/>\n<meta property=\"article:modified_time\" content=\"2016-09-05T13:35:01+00:00\" \/>\n<meta property=\"og:image\" content=\"https:\/\/www.maisondeaaz.com\/wp-content\/uploads\/2016\/08\/DSCF0032-1.jpg\" \/>\n<meta name=\"twitter:card\" content=\"summary\" \/>\n<meta name=\"twitter:label1\" content=\"Tahmini okuma s\u00fcresi\" \/>\n\t<meta name=\"twitter:data1\" content=\"1 dakika\" \/>\n<script type=\"application\/ld+json\" class=\"yoast-schema-graph\">{\"@context\":\"https:\/\/schema.org\",\"@graph\":[{\"@type\":\"WebSite\",\"@id\":\"http:\/\/www.maisondeaaz.com\/#website\",\"url\":\"http:\/\/www.maisondeaaz.com\/\",\"name\":\"MaisondeAaZ.com\",\"description\":\"Evimin A dan Z de yap\u0131l\u0131\u015f\u0131\",\"potentialAction\":[{\"@type\":\"SearchAction\",\"target\":{\"@type\":\"EntryPoint\",\"urlTemplate\":\"http:\/\/www.maisondeaaz.com\/?s={search_term_string}\"},\"query-input\":\"required name=search_term_string\"}],\"inLanguage\":\"tr\"},{\"@type\":\"WebPage\",\"@id\":\"https:\/\/www.maisondeaaz.com\/tr\/le-terrain\/#webpage\",\"url\":\"https:\/\/www.maisondeaaz.com\/tr\/le-terrain\/\",\"name\":\"[:fr]Le terrain[:tr]Arsa[:] - MaisondeAaZ.com\",\"isPartOf\":{\"@id\":\"http:\/\/www.maisondeaaz.com\/#website\"},\"datePublished\":\"2016-08-18T06:39:15+00:00\",\"dateModified\":\"2016-09-05T13:35:01+00:00\",\"breadcrumb\":{\"@id\":\"https:\/\/www.maisondeaaz.com\/tr\/le-terrain\/#breadcrumb\"},\"inLanguage\":\"tr\",\"potentialAction\":[{\"@type\":\"ReadAction\",\"target\":[\"https:\/\/www.maisondeaaz.com\/tr\/le-terrain\/\"]}]},{\"@type\":\"BreadcrumbList\",\"@id\":\"https:\/\/www.maisondeaaz.com\/tr\/le-terrain\/#breadcrumb\",\"itemListElement\":[{\"@type\":\"ListItem\",\"position\":1,\"name\":\"Accueil\",\"item\":\"http:\/\/www.maisondeaaz.com\/\"},{\"@type\":\"ListItem\",\"position\":2,\"name\":\"Arsa\"}]}]}<\/script>\n<!-- \/ Yoast SEO plugin. -->","yoast_head_json":{"title":"[:fr]Le terrain[:tr]Arsa[:] - MaisondeAaZ.com","robots":{"index":"index","follow":"follow","max-snippet":"max-snippet:-1","max-image-preview":"max-image-preview:large","max-video-preview":"max-video-preview:-1"},"canonical":"https:\/\/www.maisondeaaz.com\/tr\/le-terrain\/","og_locale":"tr_TR","og_type":"article","og_title":"[:fr]Le terrain[:tr]Arsa[:] - MaisondeAaZ.com","og_description":"Arsa, 500 m\u00b2 bir toprak par\u00e7as\u0131, benim evimin olaca\u011f\u0131 yer. Se\u00e7im i\u00e7in \u00e7ok kolay oldu, sadece iki arsa mevcutu. \u00c7ekim Tarihi: 07-10-2007 &nbsp; Arsay\u0131 ald\u0131ktan sonra, evimin planlar\u0131n\u0131 d\u00fczenledikten sonra,","og_url":"https:\/\/www.maisondeaaz.com\/tr\/le-terrain\/","og_site_name":"MaisondeAaZ.com","article_modified_time":"2016-09-05T13:35:01+00:00","og_image":[{"url":"https:\/\/www.maisondeaaz.com\/wp-content\/uploads\/2016\/08\/DSCF0032-1.jpg"}],"twitter_card":"summary","twitter_misc":{"Tahmini okuma s\u00fcresi":"1 dakika"},"schema":{"@context":"https:\/\/schema.org","@graph":[{"@type":"WebSite","@id":"http:\/\/www.maisondeaaz.com\/#website","url":"http:\/\/www.maisondeaaz.com\/","name":"MaisondeAaZ.com","description":"Evimin A dan Z de yap\u0131l\u0131\u015f\u0131","potentialAction":[{"@type":"SearchAction","target":{"@type":"EntryPoint","urlTemplate":"http:\/\/www.maisondeaaz.com\/?s={search_term_string}"},"query-input":"required name=search_term_string"}],"inLanguage":"tr"},{"@type":"WebPage","@id":"https:\/\/www.maisondeaaz.com\/tr\/le-terrain\/#webpage","url":"https:\/\/www.maisondeaaz.com\/tr\/le-terrain\/","name":"[:fr]Le terrain[:tr]Arsa[:] - MaisondeAaZ.com","isPartOf":{"@id":"http:\/\/www.maisondeaaz.com\/#website"},"datePublished":"2016-08-18T06:39:15+00:00","dateModified":"2016-09-05T13:35:01+00:00","breadcrumb":{"@id":"https:\/\/www.maisondeaaz.com\/tr\/le-terrain\/#breadcrumb"},"inLanguage":"tr","potentialAction":[{"@type":"ReadAction","target":["https:\/\/www.maisondeaaz.com\/tr\/le-terrain\/"]}]},{"@type":"BreadcrumbList","@id":"https:\/\/www.maisondeaaz.com\/tr\/le-terrain\/#breadcrumb","itemListElement":[{"@type":"ListItem","position":1,"name":"Accueil","item":"http:\/\/www.maisondeaaz.com\/"},{"@type":"ListItem","position":2,"name":"Arsa"}]}]}},"_links":{"self":[{"href":"https:\/\/www.maisondeaaz.com\/tr\/wp-json\/wp\/v2\/pages\/83"}],"collection":[{"href":"https:\/\/www.maisondeaaz.com\/tr\/wp-json\/wp\/v2\/pages"}],"about":[{"href":"https:\/\/www.maisondeaaz.com\/tr\/wp-json\/wp\/v2\/types\/page"}],"author":[{"embeddable":true,"href":"https:\/\/www.maisondeaaz.com\/tr\/wp-json\/wp\/v2\/users\/1"}],"replies":[{"embeddable":true,"href":"https:\/\/www.maisondeaaz.com\/tr\/wp-json\/wp\/v2\/comments?post=83"}],"version-history":[{"count":14,"href":"https:\/\/www.maisondeaaz.com\/tr\/wp-json\/wp\/v2\/pages\/83\/revisions"}],"predecessor-version":[{"id":1588,"href":"https:\/\/www.maisondeaaz.com\/tr\/wp-json\/wp\/v2\/pages\/83\/revisions\/1588"}],"wp:attachment":[{"href":"https:\/\/www.maisondeaaz.com\/tr\/wp-json\/wp\/v2\/media?parent=83"}],"curies":[{"name":"wp","href":"https:\/\/api.w.org\/{rel}","templated":true}]}}