{"id":820,"date":"2016-08-19T15:55:54","date_gmt":"2016-08-19T13:55:54","guid":{"rendered":"http:\/\/www.maisondeaaz.com\/?page_id=820"},"modified":"2016-08-23T09:39:11","modified_gmt":"2016-08-23T07:39:11","slug":"la-pose-portes-interieures","status":"publish","type":"page","link":"https:\/\/www.maisondeaaz.com\/tr\/la-pose-portes-interieures\/","title":{"rendered":"La pose des portes int\u00e9rieures"},"content":{"rendered":"<p>Pour enfin d\u00e9finir les pi\u00e8ces, l&#8217;\u00e9tape de la pose des portes int\u00e9rieures.<\/p>\n\n\t\t<style type=\"text\/css\">\n\t\t\t#gallery-1 {\n\t\t\t\tmargin: auto;\n\t\t\t}\n\t\t\t#gallery-1 .gallery-item {\n\t\t\t\tfloat: left;\n\t\t\t\tmargin-top: 10px;\n\t\t\t\ttext-align: center;\n\t\t\t\twidth: 100%;\n\t\t\t}\n\t\t\t#gallery-1 img {\n\t\t\t\tborder: 2px solid #cfcfcf;\n\t\t\t}\n\t\t\t#gallery-1 .gallery-caption {\n\t\t\t\tmargin-left: 0;\n\t\t\t}\n\t\t\t\/* see gallery_shortcode() in wp-includes\/media.php *\/\n\t\t<\/style>\n\t\t<div id='gallery-1' class='gallery galleryid-820 gallery-columns-1 gallery-size-large'><dl class='gallery-item'>\n\t\t\t<dt class='gallery-icon landscape'>\n\t\t\t\t<a href='https:\/\/www.maisondeaaz.com\/wp-content\/uploads\/2016\/08\/a008_10_24_mai22_base.jpg' rel=\"lightbox[820]\"><img width=\"800\" height=\"600\" src=\"https:\/\/www.maisondeaaz.com\/wp-content\/uploads\/2016\/08\/a008_10_24_mai22_base.jpg\" class=\"attachment-large size-large\" alt=\"\" decoding=\"async\" loading=\"lazy\" srcset=\"https:\/\/www.maisondeaaz.com\/wp-content\/uploads\/2016\/08\/a008_10_24_mai22_base.jpg 800w, https:\/\/www.maisondeaaz.com\/wp-content\/uploads\/2016\/08\/a008_10_24_mai22_base-300x225.jpg 300w, https:\/\/www.maisondeaaz.com\/wp-content\/uploads\/2016\/08\/a008_10_24_mai22_base-768x576.jpg 768w, https:\/\/www.maisondeaaz.com\/wp-content\/uploads\/2016\/08\/a008_10_24_mai22_base-700x525.jpg 700w, https:\/\/www.maisondeaaz.com\/wp-content\/uploads\/2016\/08\/a008_10_24_mai22_base-332x249.jpg 332w\" sizes=\"(max-width: 800px) 100vw, 800px\" \/><\/a>\n\t\t\t<\/dt><\/dl><br style=\"clear: both\" \/><dl class='gallery-item'>\n\t\t\t<dt class='gallery-icon landscape'>\n\t\t\t\t<a href='https:\/\/www.maisondeaaz.com\/wp-content\/uploads\/2016\/08\/a008_10_24_mai23_base.jpg' rel=\"lightbox[820]\"><img width=\"800\" height=\"600\" src=\"https:\/\/www.maisondeaaz.com\/wp-content\/uploads\/2016\/08\/a008_10_24_mai23_base.jpg\" class=\"attachment-large size-large\" alt=\"\" decoding=\"async\" loading=\"lazy\" srcset=\"https:\/\/www.maisondeaaz.com\/wp-content\/uploads\/2016\/08\/a008_10_24_mai23_base.jpg 800w, https:\/\/www.maisondeaaz.com\/wp-content\/uploads\/2016\/08\/a008_10_24_mai23_base-300x225.jpg 300w, https:\/\/www.maisondeaaz.com\/wp-content\/uploads\/2016\/08\/a008_10_24_mai23_base-768x576.jpg 768w, https:\/\/www.maisondeaaz.com\/wp-content\/uploads\/2016\/08\/a008_10_24_mai23_base-700x525.jpg 700w, https:\/\/www.maisondeaaz.com\/wp-content\/uploads\/2016\/08\/a008_10_24_mai23_base-332x249.jpg 332w\" sizes=\"(max-width: 800px) 100vw, 800px\" \/><\/a>\n\t\t\t<\/dt><\/dl><br style=\"clear: both\" \/><dl class='gallery-item'>\n\t\t\t<dt class='gallery-icon landscape'>\n\t\t\t\t<a href='https:\/\/www.maisondeaaz.com\/wp-content\/uploads\/2016\/08\/a008_10_29_mai10_base-2.jpg' rel=\"lightbox[820]\"><img width=\"800\" height=\"600\" src=\"https:\/\/www.maisondeaaz.com\/wp-content\/uploads\/2016\/08\/a008_10_29_mai10_base-2.jpg\" class=\"attachment-large size-large\" alt=\"\" decoding=\"async\" loading=\"lazy\" srcset=\"https:\/\/www.maisondeaaz.com\/wp-content\/uploads\/2016\/08\/a008_10_29_mai10_base-2.jpg 800w, https:\/\/www.maisondeaaz.com\/wp-content\/uploads\/2016\/08\/a008_10_29_mai10_base-2-300x225.jpg 300w, https:\/\/www.maisondeaaz.com\/wp-content\/uploads\/2016\/08\/a008_10_29_mai10_base-2-768x576.jpg 768w, https:\/\/www.maisondeaaz.com\/wp-content\/uploads\/2016\/08\/a008_10_29_mai10_base-2-700x525.jpg 700w, https:\/\/www.maisondeaaz.com\/wp-content\/uploads\/2016\/08\/a008_10_29_mai10_base-2-332x249.jpg 332w\" sizes=\"(max-width: 800px) 100vw, 800px\" \/><\/a>\n\t\t\t<\/dt><\/dl><br style=\"clear: both\" \/><dl class='gallery-item'>\n\t\t\t<dt class='gallery-icon landscape'>\n\t\t\t\t<a href='https:\/\/www.maisondeaaz.com\/wp-content\/uploads\/2016\/08\/a008_11_05_mai5_base.jpg' rel=\"lightbox[820]\"><img width=\"800\" height=\"600\" src=\"https:\/\/www.maisondeaaz.com\/wp-content\/uploads\/2016\/08\/a008_11_05_mai5_base.jpg\" class=\"attachment-large size-large\" alt=\"\" decoding=\"async\" loading=\"lazy\" srcset=\"https:\/\/www.maisondeaaz.com\/wp-content\/uploads\/2016\/08\/a008_11_05_mai5_base.jpg 800w, https:\/\/www.maisondeaaz.com\/wp-content\/uploads\/2016\/08\/a008_11_05_mai5_base-300x225.jpg 300w, https:\/\/www.maisondeaaz.com\/wp-content\/uploads\/2016\/08\/a008_11_05_mai5_base-768x576.jpg 768w, https:\/\/www.maisondeaaz.com\/wp-content\/uploads\/2016\/08\/a008_11_05_mai5_base-700x525.jpg 700w, https:\/\/www.maisondeaaz.com\/wp-content\/uploads\/2016\/08\/a008_11_05_mai5_base-332x249.jpg 332w\" sizes=\"(max-width: 800px) 100vw, 800px\" \/><\/a>\n\t\t\t<\/dt><\/dl><br style=\"clear: both\" \/><dl class='gallery-item'>\n\t\t\t<dt class='gallery-icon landscape'>\n\t\t\t\t<a href='https:\/\/www.maisondeaaz.com\/wp-content\/uploads\/2016\/08\/a008_11_07_mai20_base-2.jpg' rel=\"lightbox[820]\"><img width=\"800\" height=\"600\" src=\"https:\/\/www.maisondeaaz.com\/wp-content\/uploads\/2016\/08\/a008_11_07_mai20_base-2.jpg\" class=\"attachment-large size-large\" alt=\"\" decoding=\"async\" loading=\"lazy\" srcset=\"https:\/\/www.maisondeaaz.com\/wp-content\/uploads\/2016\/08\/a008_11_07_mai20_base-2.jpg 800w, https:\/\/www.maisondeaaz.com\/wp-content\/uploads\/2016\/08\/a008_11_07_mai20_base-2-300x225.jpg 300w, https:\/\/www.maisondeaaz.com\/wp-content\/uploads\/2016\/08\/a008_11_07_mai20_base-2-768x576.jpg 768w, https:\/\/www.maisondeaaz.com\/wp-content\/uploads\/2016\/08\/a008_11_07_mai20_base-2-700x525.jpg 700w, https:\/\/www.maisondeaaz.com\/wp-content\/uploads\/2016\/08\/a008_11_07_mai20_base-2-332x249.jpg 332w\" sizes=\"(max-width: 800px) 100vw, 800px\" \/><\/a>\n\t\t\t<\/dt><\/dl><br style=\"clear: both\" \/><dl class='gallery-item'>\n\t\t\t<dt class='gallery-icon landscape'>\n\t\t\t\t<a href='https:\/\/www.maisondeaaz.com\/wp-content\/uploads\/2016\/08\/a008_11_08_mai7_base-1.jpg' rel=\"lightbox[820]\"><img width=\"800\" height=\"600\" src=\"https:\/\/www.maisondeaaz.com\/wp-content\/uploads\/2016\/08\/a008_11_08_mai7_base-1.jpg\" class=\"attachment-large size-large\" alt=\"\" decoding=\"async\" loading=\"lazy\" srcset=\"https:\/\/www.maisondeaaz.com\/wp-content\/uploads\/2016\/08\/a008_11_08_mai7_base-1.jpg 800w, https:\/\/www.maisondeaaz.com\/wp-content\/uploads\/2016\/08\/a008_11_08_mai7_base-1-300x225.jpg 300w, https:\/\/www.maisondeaaz.com\/wp-content\/uploads\/2016\/08\/a008_11_08_mai7_base-1-768x576.jpg 768w, https:\/\/www.maisondeaaz.com\/wp-content\/uploads\/2016\/08\/a008_11_08_mai7_base-1-700x525.jpg 700w, https:\/\/www.maisondeaaz.com\/wp-content\/uploads\/2016\/08\/a008_11_08_mai7_base-1-332x249.jpg 332w\" sizes=\"(max-width: 800px) 100vw, 800px\" \/><\/a>\n\t\t\t<\/dt><\/dl><br style=\"clear: both\" \/><dl class='gallery-item'>\n\t\t\t<dt class='gallery-icon landscape'>\n\t\t\t\t<a href='https:\/\/www.maisondeaaz.com\/wp-content\/uploads\/2016\/08\/a008_11_08_mai11_base.jpg' rel=\"lightbox[820]\"><img width=\"800\" height=\"600\" src=\"https:\/\/www.maisondeaaz.com\/wp-content\/uploads\/2016\/08\/a008_11_08_mai11_base.jpg\" class=\"attachment-large size-large\" alt=\"\" decoding=\"async\" loading=\"lazy\" srcset=\"https:\/\/www.maisondeaaz.com\/wp-content\/uploads\/2016\/08\/a008_11_08_mai11_base.jpg 800w, https:\/\/www.maisondeaaz.com\/wp-content\/uploads\/2016\/08\/a008_11_08_mai11_base-300x225.jpg 300w, https:\/\/www.maisondeaaz.com\/wp-content\/uploads\/2016\/08\/a008_11_08_mai11_base-768x576.jpg 768w, https:\/\/www.maisondeaaz.com\/wp-content\/uploads\/2016\/08\/a008_11_08_mai11_base-700x525.jpg 700w, https:\/\/www.maisondeaaz.com\/wp-content\/uploads\/2016\/08\/a008_11_08_mai11_base-332x249.jpg 332w\" sizes=\"(max-width: 800px) 100vw, 800px\" \/><\/a>\n\t\t\t<\/dt><\/dl><br style=\"clear: both\" \/><dl class='gallery-item'>\n\t\t\t<dt class='gallery-icon landscape'>\n\t\t\t\t<a href='https:\/\/www.maisondeaaz.com\/wp-content\/uploads\/2016\/08\/a008_11_08_mai25_base-1.jpg' rel=\"lightbox[820]\"><img width=\"800\" height=\"600\" src=\"https:\/\/www.maisondeaaz.com\/wp-content\/uploads\/2016\/08\/a008_11_08_mai25_base-1.jpg\" class=\"attachment-large size-large\" alt=\"\" decoding=\"async\" loading=\"lazy\" srcset=\"https:\/\/www.maisondeaaz.com\/wp-content\/uploads\/2016\/08\/a008_11_08_mai25_base-1.jpg 800w, https:\/\/www.maisondeaaz.com\/wp-content\/uploads\/2016\/08\/a008_11_08_mai25_base-1-300x225.jpg 300w, https:\/\/www.maisondeaaz.com\/wp-content\/uploads\/2016\/08\/a008_11_08_mai25_base-1-768x576.jpg 768w, https:\/\/www.maisondeaaz.com\/wp-content\/uploads\/2016\/08\/a008_11_08_mai25_base-1-700x525.jpg 700w, https:\/\/www.maisondeaaz.com\/wp-content\/uploads\/2016\/08\/a008_11_08_mai25_base-1-332x249.jpg 332w\" sizes=\"(max-width: 800px) 100vw, 800px\" \/><\/a>\n\t\t\t<\/dt><\/dl><br style=\"clear: both\" \/>\n\t\t<\/div>\n\n","protected":false},"excerpt":{"rendered":"<p>Pour enfin d\u00e9finir les pi\u00e8ces, l&#8217;\u00e9tape de la pose des portes int\u00e9rieures.<\/p>\n","protected":false},"author":1,"featured_media":0,"parent":0,"menu_order":0,"comment_status":"closed","ping_status":"closed","template":"","meta":[],"yoast_head":"<!-- This site is optimized with the Yoast SEO plugin v18.9 - https:\/\/yoast.com\/wordpress\/plugins\/seo\/ -->\n<title>La pose des portes int\u00e9rieures - MaisondeAaZ.com<\/title>\n<meta name=\"robots\" content=\"index, follow, max-snippet:-1, max-image-preview:large, max-video-preview:-1\" \/>\n<link rel=\"canonical\" href=\"https:\/\/www.maisondeaaz.com\/la-pose-portes-interieures\/\" \/>\n<meta property=\"og:locale\" content=\"tr_TR\" \/>\n<meta property=\"og:type\" content=\"article\" \/>\n<meta property=\"og:title\" content=\"La pose des portes int\u00e9rieures - MaisondeAaZ.com\" \/>\n<meta property=\"og:description\" content=\"Pour enfin d\u00e9finir les pi\u00e8ces, l&#8217;\u00e9tape de la pose des portes int\u00e9rieures.\" \/>\n<meta property=\"og:url\" content=\"https:\/\/www.maisondeaaz.com\/la-pose-portes-interieures\/\" \/>\n<meta property=\"og:site_name\" content=\"MaisondeAaZ.com\" \/>\n<meta property=\"article:modified_time\" content=\"2016-08-23T07:39:11+00:00\" \/>\n<meta property=\"og:image\" content=\"https:\/\/www.maisondeaaz.com\/wp-content\/uploads\/2016\/08\/a008_10_24_mai22_base.jpg\" \/>\n<meta name=\"twitter:card\" content=\"summary\" \/>\n<script type=\"application\/ld+json\" class=\"yoast-schema-graph\">{\"@context\":\"https:\/\/schema.org\",\"@graph\":[{\"@type\":\"WebSite\",\"@id\":\"http:\/\/www.maisondeaaz.com\/#website\",\"url\":\"http:\/\/www.maisondeaaz.com\/\",\"name\":\"MaisondeAaZ.com\",\"description\":\"Evimin A dan Z de yap\u0131l\u0131\u015f\u0131\",\"potentialAction\":[{\"@type\":\"SearchAction\",\"target\":{\"@type\":\"EntryPoint\",\"urlTemplate\":\"http:\/\/www.maisondeaaz.com\/?s={search_term_string}\"},\"query-input\":\"required name=search_term_string\"}],\"inLanguage\":\"tr\"},{\"@type\":\"WebPage\",\"@id\":\"https:\/\/www.maisondeaaz.com\/la-pose-portes-interieures\/#webpage\",\"url\":\"https:\/\/www.maisondeaaz.com\/la-pose-portes-interieures\/\",\"name\":\"La pose des portes int\u00e9rieures - MaisondeAaZ.com\",\"isPartOf\":{\"@id\":\"http:\/\/www.maisondeaaz.com\/#website\"},\"datePublished\":\"2016-08-19T13:55:54+00:00\",\"dateModified\":\"2016-08-23T07:39:11+00:00\",\"breadcrumb\":{\"@id\":\"https:\/\/www.maisondeaaz.com\/la-pose-portes-interieures\/#breadcrumb\"},\"inLanguage\":\"tr\",\"potentialAction\":[{\"@type\":\"ReadAction\",\"target\":[\"https:\/\/www.maisondeaaz.com\/la-pose-portes-interieures\/\"]}]},{\"@type\":\"BreadcrumbList\",\"@id\":\"https:\/\/www.maisondeaaz.com\/la-pose-portes-interieures\/#breadcrumb\",\"itemListElement\":[{\"@type\":\"ListItem\",\"position\":1,\"name\":\"Accueil\",\"item\":\"http:\/\/www.maisondeaaz.com\/\"},{\"@type\":\"ListItem\",\"position\":2,\"name\":\"La pose des portes int\u00e9rieures\"}]}]}<\/script>\n<!-- \/ Yoast SEO plugin. -->","yoast_head_json":{"title":"La pose des portes int\u00e9rieures - MaisondeAaZ.com","robots":{"index":"index","follow":"follow","max-snippet":"max-snippet:-1","max-image-preview":"max-image-preview:large","max-video-preview":"max-video-preview:-1"},"canonical":"https:\/\/www.maisondeaaz.com\/la-pose-portes-interieures\/","og_locale":"tr_TR","og_type":"article","og_title":"La pose des portes int\u00e9rieures - MaisondeAaZ.com","og_description":"Pour enfin d\u00e9finir les pi\u00e8ces, l&#8217;\u00e9tape de la pose des portes int\u00e9rieures.","og_url":"https:\/\/www.maisondeaaz.com\/la-pose-portes-interieures\/","og_site_name":"MaisondeAaZ.com","article_modified_time":"2016-08-23T07:39:11+00:00","og_image":[{"url":"https:\/\/www.maisondeaaz.com\/wp-content\/uploads\/2016\/08\/a008_10_24_mai22_base.jpg"}],"twitter_card":"summary","schema":{"@context":"https:\/\/schema.org","@graph":[{"@type":"WebSite","@id":"http:\/\/www.maisondeaaz.com\/#website","url":"http:\/\/www.maisondeaaz.com\/","name":"MaisondeAaZ.com","description":"Evimin A dan Z de yap\u0131l\u0131\u015f\u0131","potentialAction":[{"@type":"SearchAction","target":{"@type":"EntryPoint","urlTemplate":"http:\/\/www.maisondeaaz.com\/?s={search_term_string}"},"query-input":"required name=search_term_string"}],"inLanguage":"tr"},{"@type":"WebPage","@id":"https:\/\/www.maisondeaaz.com\/la-pose-portes-interieures\/#webpage","url":"https:\/\/www.maisondeaaz.com\/la-pose-portes-interieures\/","name":"La pose des portes int\u00e9rieures - MaisondeAaZ.com","isPartOf":{"@id":"http:\/\/www.maisondeaaz.com\/#website"},"datePublished":"2016-08-19T13:55:54+00:00","dateModified":"2016-08-23T07:39:11+00:00","breadcrumb":{"@id":"https:\/\/www.maisondeaaz.com\/la-pose-portes-interieures\/#breadcrumb"},"inLanguage":"tr","potentialAction":[{"@type":"ReadAction","target":["https:\/\/www.maisondeaaz.com\/la-pose-portes-interieures\/"]}]},{"@type":"BreadcrumbList","@id":"https:\/\/www.maisondeaaz.com\/la-pose-portes-interieures\/#breadcrumb","itemListElement":[{"@type":"ListItem","position":1,"name":"Accueil","item":"http:\/\/www.maisondeaaz.com\/"},{"@type":"ListItem","position":2,"name":"La pose des portes int\u00e9rieures"}]}]}},"_links":{"self":[{"href":"https:\/\/www.maisondeaaz.com\/tr\/wp-json\/wp\/v2\/pages\/820"}],"collection":[{"href":"https:\/\/www.maisondeaaz.com\/tr\/wp-json\/wp\/v2\/pages"}],"about":[{"href":"https:\/\/www.maisondeaaz.com\/tr\/wp-json\/wp\/v2\/types\/page"}],"author":[{"embeddable":true,"href":"https:\/\/www.maisondeaaz.com\/tr\/wp-json\/wp\/v2\/users\/1"}],"replies":[{"embeddable":true,"href":"https:\/\/www.maisondeaaz.com\/tr\/wp-json\/wp\/v2\/comments?post=820"}],"version-history":[{"count":6,"href":"https:\/\/www.maisondeaaz.com\/tr\/wp-json\/wp\/v2\/pages\/820\/revisions"}],"predecessor-version":[{"id":1417,"href":"https:\/\/www.maisondeaaz.com\/tr\/wp-json\/wp\/v2\/pages\/820\/revisions\/1417"}],"wp:attachment":[{"href":"https:\/\/www.maisondeaaz.com\/tr\/wp-json\/wp\/v2\/media?parent=820"}],"curies":[{"name":"wp","href":"https:\/\/api.w.org\/{rel}","templated":true}]}}