{"id":706,"date":"2016-08-19T14:12:07","date_gmt":"2016-08-19T12:12:07","guid":{"rendered":"http:\/\/www.maisondeaaz.com\/?page_id=706"},"modified":"2016-09-06T23:28:25","modified_gmt":"2016-09-06T20:28:25","slug":"lescalier","status":"publish","type":"page","link":"https:\/\/www.maisondeaaz.com\/tr\/lescalier\/","title":{"rendered":"Merdiven"},"content":{"rendered":"<p>Merdiven yerle\u015ftirme&#8230; <\/p>\n<p>\u00c7ekim tarihi :Le 08-11-2008<br \/>\n\n\t\t<style type=\"text\/css\">\n\t\t\t#gallery-2 {\n\t\t\t\tmargin: auto;\n\t\t\t}\n\t\t\t#gallery-2 .gallery-item {\n\t\t\t\tfloat: left;\n\t\t\t\tmargin-top: 10px;\n\t\t\t\ttext-align: center;\n\t\t\t\twidth: 100%;\n\t\t\t}\n\t\t\t#gallery-2 img {\n\t\t\t\tborder: 2px solid #cfcfcf;\n\t\t\t}\n\t\t\t#gallery-2 .gallery-caption {\n\t\t\t\tmargin-left: 0;\n\t\t\t}\n\t\t\t\/* see gallery_shortcode() in wp-includes\/media.php *\/\n\t\t<\/style>\n\t\t<div id='gallery-2' class='gallery galleryid-706 gallery-columns-1 gallery-size-large'><dl class='gallery-item'>\n\t\t\t<dt class='gallery-icon landscape'>\n\t\t\t\t<a href='https:\/\/www.maisondeaaz.com\/wp-content\/uploads\/2016\/08\/a008_11_11_mai6_base.jpg' rel=\"lightbox[706]\"><img width=\"800\" height=\"600\" src=\"https:\/\/www.maisondeaaz.com\/wp-content\/uploads\/2016\/08\/a008_11_11_mai6_base.jpg\" class=\"attachment-large size-large\" alt=\"\" decoding=\"async\" loading=\"lazy\" srcset=\"https:\/\/www.maisondeaaz.com\/wp-content\/uploads\/2016\/08\/a008_11_11_mai6_base.jpg 800w, https:\/\/www.maisondeaaz.com\/wp-content\/uploads\/2016\/08\/a008_11_11_mai6_base-300x225.jpg 300w, https:\/\/www.maisondeaaz.com\/wp-content\/uploads\/2016\/08\/a008_11_11_mai6_base-768x576.jpg 768w, https:\/\/www.maisondeaaz.com\/wp-content\/uploads\/2016\/08\/a008_11_11_mai6_base-700x525.jpg 700w, https:\/\/www.maisondeaaz.com\/wp-content\/uploads\/2016\/08\/a008_11_11_mai6_base-332x249.jpg 332w\" sizes=\"(max-width: 800px) 100vw, 800px\" \/><\/a>\n\t\t\t<\/dt><\/dl><br style=\"clear: both\" \/><dl class='gallery-item'>\n\t\t\t<dt class='gallery-icon landscape'>\n\t\t\t\t<a href='https:\/\/www.maisondeaaz.com\/wp-content\/uploads\/2016\/08\/a008_11_11_mai7_base.jpg' rel=\"lightbox[706]\"><img width=\"800\" height=\"600\" src=\"https:\/\/www.maisondeaaz.com\/wp-content\/uploads\/2016\/08\/a008_11_11_mai7_base.jpg\" class=\"attachment-large size-large\" alt=\"\" decoding=\"async\" loading=\"lazy\" srcset=\"https:\/\/www.maisondeaaz.com\/wp-content\/uploads\/2016\/08\/a008_11_11_mai7_base.jpg 800w, https:\/\/www.maisondeaaz.com\/wp-content\/uploads\/2016\/08\/a008_11_11_mai7_base-300x225.jpg 300w, https:\/\/www.maisondeaaz.com\/wp-content\/uploads\/2016\/08\/a008_11_11_mai7_base-768x576.jpg 768w, https:\/\/www.maisondeaaz.com\/wp-content\/uploads\/2016\/08\/a008_11_11_mai7_base-700x525.jpg 700w, https:\/\/www.maisondeaaz.com\/wp-content\/uploads\/2016\/08\/a008_11_11_mai7_base-332x249.jpg 332w\" sizes=\"(max-width: 800px) 100vw, 800px\" \/><\/a>\n\t\t\t<\/dt><\/dl><br style=\"clear: both\" \/><dl class='gallery-item'>\n\t\t\t<dt class='gallery-icon landscape'>\n\t\t\t\t<a href='https:\/\/www.maisondeaaz.com\/wp-content\/uploads\/2016\/08\/a008_11_11_mai8_base.jpg' rel=\"lightbox[706]\"><img width=\"800\" height=\"600\" src=\"https:\/\/www.maisondeaaz.com\/wp-content\/uploads\/2016\/08\/a008_11_11_mai8_base.jpg\" class=\"attachment-large size-large\" alt=\"\" decoding=\"async\" loading=\"lazy\" srcset=\"https:\/\/www.maisondeaaz.com\/wp-content\/uploads\/2016\/08\/a008_11_11_mai8_base.jpg 800w, https:\/\/www.maisondeaaz.com\/wp-content\/uploads\/2016\/08\/a008_11_11_mai8_base-300x225.jpg 300w, https:\/\/www.maisondeaaz.com\/wp-content\/uploads\/2016\/08\/a008_11_11_mai8_base-768x576.jpg 768w, https:\/\/www.maisondeaaz.com\/wp-content\/uploads\/2016\/08\/a008_11_11_mai8_base-700x525.jpg 700w, https:\/\/www.maisondeaaz.com\/wp-content\/uploads\/2016\/08\/a008_11_11_mai8_base-332x249.jpg 332w\" sizes=\"(max-width: 800px) 100vw, 800px\" \/><\/a>\n\t\t\t<\/dt><\/dl><br style=\"clear: both\" \/><dl class='gallery-item'>\n\t\t\t<dt class='gallery-icon landscape'>\n\t\t\t\t<a href='https:\/\/www.maisondeaaz.com\/wp-content\/uploads\/2016\/08\/a008_11_11_mai9_base.jpg' rel=\"lightbox[706]\"><img width=\"800\" height=\"600\" src=\"https:\/\/www.maisondeaaz.com\/wp-content\/uploads\/2016\/08\/a008_11_11_mai9_base.jpg\" class=\"attachment-large size-large\" alt=\"\" decoding=\"async\" loading=\"lazy\" srcset=\"https:\/\/www.maisondeaaz.com\/wp-content\/uploads\/2016\/08\/a008_11_11_mai9_base.jpg 800w, https:\/\/www.maisondeaaz.com\/wp-content\/uploads\/2016\/08\/a008_11_11_mai9_base-300x225.jpg 300w, https:\/\/www.maisondeaaz.com\/wp-content\/uploads\/2016\/08\/a008_11_11_mai9_base-768x576.jpg 768w, https:\/\/www.maisondeaaz.com\/wp-content\/uploads\/2016\/08\/a008_11_11_mai9_base-700x525.jpg 700w, https:\/\/www.maisondeaaz.com\/wp-content\/uploads\/2016\/08\/a008_11_11_mai9_base-332x249.jpg 332w\" sizes=\"(max-width: 800px) 100vw, 800px\" \/><\/a>\n\t\t\t<\/dt><\/dl><br style=\"clear: both\" \/><dl class='gallery-item'>\n\t\t\t<dt class='gallery-icon landscape'>\n\t\t\t\t<a href='https:\/\/www.maisondeaaz.com\/wp-content\/uploads\/2016\/08\/a008_11_11_mai10_base.jpg' rel=\"lightbox[706]\"><img width=\"800\" height=\"600\" src=\"https:\/\/www.maisondeaaz.com\/wp-content\/uploads\/2016\/08\/a008_11_11_mai10_base.jpg\" class=\"attachment-large size-large\" alt=\"\" decoding=\"async\" loading=\"lazy\" srcset=\"https:\/\/www.maisondeaaz.com\/wp-content\/uploads\/2016\/08\/a008_11_11_mai10_base.jpg 800w, https:\/\/www.maisondeaaz.com\/wp-content\/uploads\/2016\/08\/a008_11_11_mai10_base-300x225.jpg 300w, https:\/\/www.maisondeaaz.com\/wp-content\/uploads\/2016\/08\/a008_11_11_mai10_base-768x576.jpg 768w, https:\/\/www.maisondeaaz.com\/wp-content\/uploads\/2016\/08\/a008_11_11_mai10_base-700x525.jpg 700w, https:\/\/www.maisondeaaz.com\/wp-content\/uploads\/2016\/08\/a008_11_11_mai10_base-332x249.jpg 332w\" sizes=\"(max-width: 800px) 100vw, 800px\" \/><\/a>\n\t\t\t<\/dt><\/dl><br style=\"clear: both\" \/><dl class='gallery-item'>\n\t\t\t<dt class='gallery-icon landscape'>\n\t\t\t\t<a href='https:\/\/www.maisondeaaz.com\/wp-content\/uploads\/2016\/08\/a008_11_11_mai11_base.jpg' rel=\"lightbox[706]\"><img width=\"800\" height=\"600\" src=\"https:\/\/www.maisondeaaz.com\/wp-content\/uploads\/2016\/08\/a008_11_11_mai11_base.jpg\" class=\"attachment-large size-large\" alt=\"\" decoding=\"async\" loading=\"lazy\" srcset=\"https:\/\/www.maisondeaaz.com\/wp-content\/uploads\/2016\/08\/a008_11_11_mai11_base.jpg 800w, https:\/\/www.maisondeaaz.com\/wp-content\/uploads\/2016\/08\/a008_11_11_mai11_base-300x225.jpg 300w, https:\/\/www.maisondeaaz.com\/wp-content\/uploads\/2016\/08\/a008_11_11_mai11_base-768x576.jpg 768w, https:\/\/www.maisondeaaz.com\/wp-content\/uploads\/2016\/08\/a008_11_11_mai11_base-700x525.jpg 700w, https:\/\/www.maisondeaaz.com\/wp-content\/uploads\/2016\/08\/a008_11_11_mai11_base-332x249.jpg 332w\" sizes=\"(max-width: 800px) 100vw, 800px\" \/><\/a>\n\t\t\t<\/dt><\/dl><br style=\"clear: both\" \/><dl class='gallery-item'>\n\t\t\t<dt class='gallery-icon landscape'>\n\t\t\t\t<a href='https:\/\/www.maisondeaaz.com\/wp-content\/uploads\/2016\/08\/a008_11_11_mai12_base.jpg' rel=\"lightbox[706]\"><img width=\"800\" height=\"600\" src=\"https:\/\/www.maisondeaaz.com\/wp-content\/uploads\/2016\/08\/a008_11_11_mai12_base.jpg\" class=\"attachment-large size-large\" alt=\"\" decoding=\"async\" loading=\"lazy\" srcset=\"https:\/\/www.maisondeaaz.com\/wp-content\/uploads\/2016\/08\/a008_11_11_mai12_base.jpg 800w, https:\/\/www.maisondeaaz.com\/wp-content\/uploads\/2016\/08\/a008_11_11_mai12_base-300x225.jpg 300w, https:\/\/www.maisondeaaz.com\/wp-content\/uploads\/2016\/08\/a008_11_11_mai12_base-768x576.jpg 768w, https:\/\/www.maisondeaaz.com\/wp-content\/uploads\/2016\/08\/a008_11_11_mai12_base-700x525.jpg 700w, https:\/\/www.maisondeaaz.com\/wp-content\/uploads\/2016\/08\/a008_11_11_mai12_base-332x249.jpg 332w\" sizes=\"(max-width: 800px) 100vw, 800px\" \/><\/a>\n\t\t\t<\/dt><\/dl><br style=\"clear: both\" \/><dl class='gallery-item'>\n\t\t\t<dt class='gallery-icon landscape'>\n\t\t\t\t<a href='https:\/\/www.maisondeaaz.com\/wp-content\/uploads\/2016\/08\/a008_11_11_mai13_base.jpg' rel=\"lightbox[706]\"><img width=\"800\" height=\"600\" src=\"https:\/\/www.maisondeaaz.com\/wp-content\/uploads\/2016\/08\/a008_11_11_mai13_base.jpg\" class=\"attachment-large size-large\" alt=\"\" decoding=\"async\" loading=\"lazy\" srcset=\"https:\/\/www.maisondeaaz.com\/wp-content\/uploads\/2016\/08\/a008_11_11_mai13_base.jpg 800w, https:\/\/www.maisondeaaz.com\/wp-content\/uploads\/2016\/08\/a008_11_11_mai13_base-300x225.jpg 300w, https:\/\/www.maisondeaaz.com\/wp-content\/uploads\/2016\/08\/a008_11_11_mai13_base-768x576.jpg 768w, https:\/\/www.maisondeaaz.com\/wp-content\/uploads\/2016\/08\/a008_11_11_mai13_base-700x525.jpg 700w, https:\/\/www.maisondeaaz.com\/wp-content\/uploads\/2016\/08\/a008_11_11_mai13_base-332x249.jpg 332w\" sizes=\"(max-width: 800px) 100vw, 800px\" \/><\/a>\n\t\t\t<\/dt><\/dl><br style=\"clear: both\" \/><dl class='gallery-item'>\n\t\t\t<dt class='gallery-icon landscape'>\n\t\t\t\t<a href='https:\/\/www.maisondeaaz.com\/wp-content\/uploads\/2016\/08\/a008_11_11_mai14_base.jpg' rel=\"lightbox[706]\"><img width=\"800\" height=\"600\" src=\"https:\/\/www.maisondeaaz.com\/wp-content\/uploads\/2016\/08\/a008_11_11_mai14_base.jpg\" class=\"attachment-large size-large\" alt=\"\" decoding=\"async\" loading=\"lazy\" srcset=\"https:\/\/www.maisondeaaz.com\/wp-content\/uploads\/2016\/08\/a008_11_11_mai14_base.jpg 800w, https:\/\/www.maisondeaaz.com\/wp-content\/uploads\/2016\/08\/a008_11_11_mai14_base-300x225.jpg 300w, https:\/\/www.maisondeaaz.com\/wp-content\/uploads\/2016\/08\/a008_11_11_mai14_base-768x576.jpg 768w, https:\/\/www.maisondeaaz.com\/wp-content\/uploads\/2016\/08\/a008_11_11_mai14_base-700x525.jpg 700w, https:\/\/www.maisondeaaz.com\/wp-content\/uploads\/2016\/08\/a008_11_11_mai14_base-332x249.jpg 332w\" sizes=\"(max-width: 800px) 100vw, 800px\" \/><\/a>\n\t\t\t<\/dt><\/dl><br style=\"clear: both\" \/><dl class='gallery-item'>\n\t\t\t<dt class='gallery-icon landscape'>\n\t\t\t\t<a href='https:\/\/www.maisondeaaz.com\/wp-content\/uploads\/2016\/08\/a008_11_11_mai15_base.jpg' rel=\"lightbox[706]\"><img width=\"800\" height=\"600\" src=\"https:\/\/www.maisondeaaz.com\/wp-content\/uploads\/2016\/08\/a008_11_11_mai15_base.jpg\" class=\"attachment-large size-large\" alt=\"\" decoding=\"async\" loading=\"lazy\" srcset=\"https:\/\/www.maisondeaaz.com\/wp-content\/uploads\/2016\/08\/a008_11_11_mai15_base.jpg 800w, https:\/\/www.maisondeaaz.com\/wp-content\/uploads\/2016\/08\/a008_11_11_mai15_base-300x225.jpg 300w, https:\/\/www.maisondeaaz.com\/wp-content\/uploads\/2016\/08\/a008_11_11_mai15_base-768x576.jpg 768w, https:\/\/www.maisondeaaz.com\/wp-content\/uploads\/2016\/08\/a008_11_11_mai15_base-700x525.jpg 700w, https:\/\/www.maisondeaaz.com\/wp-content\/uploads\/2016\/08\/a008_11_11_mai15_base-332x249.jpg 332w\" sizes=\"(max-width: 800px) 100vw, 800px\" \/><\/a>\n\t\t\t<\/dt><\/dl><br style=\"clear: both\" \/><dl class='gallery-item'>\n\t\t\t<dt class='gallery-icon landscape'>\n\t\t\t\t<a href='https:\/\/www.maisondeaaz.com\/wp-content\/uploads\/2016\/08\/a008_11_15_mai30_base.jpg' rel=\"lightbox[706]\"><img width=\"800\" height=\"600\" src=\"https:\/\/www.maisondeaaz.com\/wp-content\/uploads\/2016\/08\/a008_11_15_mai30_base.jpg\" class=\"attachment-large size-large\" alt=\"\" decoding=\"async\" loading=\"lazy\" srcset=\"https:\/\/www.maisondeaaz.com\/wp-content\/uploads\/2016\/08\/a008_11_15_mai30_base.jpg 800w, https:\/\/www.maisondeaaz.com\/wp-content\/uploads\/2016\/08\/a008_11_15_mai30_base-300x225.jpg 300w, https:\/\/www.maisondeaaz.com\/wp-content\/uploads\/2016\/08\/a008_11_15_mai30_base-768x576.jpg 768w, https:\/\/www.maisondeaaz.com\/wp-content\/uploads\/2016\/08\/a008_11_15_mai30_base-700x525.jpg 700w, https:\/\/www.maisondeaaz.com\/wp-content\/uploads\/2016\/08\/a008_11_15_mai30_base-332x249.jpg 332w\" sizes=\"(max-width: 800px) 100vw, 800px\" \/><\/a>\n\t\t\t<\/dt><\/dl><br style=\"clear: both\" \/><dl class='gallery-item'>\n\t\t\t<dt class='gallery-icon landscape'>\n\t\t\t\t<a href='https:\/\/www.maisondeaaz.com\/wp-content\/uploads\/2016\/08\/a008_11_15_mai31_base.jpg' rel=\"lightbox[706]\"><img width=\"800\" height=\"600\" src=\"https:\/\/www.maisondeaaz.com\/wp-content\/uploads\/2016\/08\/a008_11_15_mai31_base.jpg\" class=\"attachment-large size-large\" alt=\"\" decoding=\"async\" loading=\"lazy\" srcset=\"https:\/\/www.maisondeaaz.com\/wp-content\/uploads\/2016\/08\/a008_11_15_mai31_base.jpg 800w, https:\/\/www.maisondeaaz.com\/wp-content\/uploads\/2016\/08\/a008_11_15_mai31_base-300x225.jpg 300w, https:\/\/www.maisondeaaz.com\/wp-content\/uploads\/2016\/08\/a008_11_15_mai31_base-768x576.jpg 768w, https:\/\/www.maisondeaaz.com\/wp-content\/uploads\/2016\/08\/a008_11_15_mai31_base-700x525.jpg 700w, https:\/\/www.maisondeaaz.com\/wp-content\/uploads\/2016\/08\/a008_11_15_mai31_base-332x249.jpg 332w\" sizes=\"(max-width: 800px) 100vw, 800px\" \/><\/a>\n\t\t\t<\/dt><\/dl><br style=\"clear: both\" \/><dl class='gallery-item'>\n\t\t\t<dt class='gallery-icon landscape'>\n\t\t\t\t<a href='https:\/\/www.maisondeaaz.com\/wp-content\/uploads\/2016\/08\/a008_11_27_mai5_base.jpg' rel=\"lightbox[706]\"><img width=\"800\" height=\"600\" src=\"https:\/\/www.maisondeaaz.com\/wp-content\/uploads\/2016\/08\/a008_11_27_mai5_base.jpg\" class=\"attachment-large size-large\" alt=\"\" decoding=\"async\" loading=\"lazy\" srcset=\"https:\/\/www.maisondeaaz.com\/wp-content\/uploads\/2016\/08\/a008_11_27_mai5_base.jpg 800w, https:\/\/www.maisondeaaz.com\/wp-content\/uploads\/2016\/08\/a008_11_27_mai5_base-300x225.jpg 300w, https:\/\/www.maisondeaaz.com\/wp-content\/uploads\/2016\/08\/a008_11_27_mai5_base-768x576.jpg 768w, https:\/\/www.maisondeaaz.com\/wp-content\/uploads\/2016\/08\/a008_11_27_mai5_base-700x525.jpg 700w, https:\/\/www.maisondeaaz.com\/wp-content\/uploads\/2016\/08\/a008_11_27_mai5_base-332x249.jpg 332w\" sizes=\"(max-width: 800px) 100vw, 800px\" \/><\/a>\n\t\t\t<\/dt><\/dl><br style=\"clear: both\" \/><dl class='gallery-item'>\n\t\t\t<dt class='gallery-icon landscape'>\n\t\t\t\t<a href='https:\/\/www.maisondeaaz.com\/wp-content\/uploads\/2016\/08\/a008_11_27_mai7_base.jpg' rel=\"lightbox[706]\"><img width=\"800\" height=\"600\" src=\"https:\/\/www.maisondeaaz.com\/wp-content\/uploads\/2016\/08\/a008_11_27_mai7_base.jpg\" class=\"attachment-large size-large\" alt=\"\" decoding=\"async\" loading=\"lazy\" srcset=\"https:\/\/www.maisondeaaz.com\/wp-content\/uploads\/2016\/08\/a008_11_27_mai7_base.jpg 800w, https:\/\/www.maisondeaaz.com\/wp-content\/uploads\/2016\/08\/a008_11_27_mai7_base-300x225.jpg 300w, https:\/\/www.maisondeaaz.com\/wp-content\/uploads\/2016\/08\/a008_11_27_mai7_base-768x576.jpg 768w, https:\/\/www.maisondeaaz.com\/wp-content\/uploads\/2016\/08\/a008_11_27_mai7_base-700x525.jpg 700w, https:\/\/www.maisondeaaz.com\/wp-content\/uploads\/2016\/08\/a008_11_27_mai7_base-332x249.jpg 332w\" sizes=\"(max-width: 800px) 100vw, 800px\" \/><\/a>\n\t\t\t<\/dt><\/dl><br style=\"clear: both\" \/>\n\t\t<\/div>\n<\/p>","protected":false},"excerpt":{"rendered":"<p>Merdiven yerle\u015ftirme&#8230; \u00c7ekim tarihi :Le 08-11-2008<\/p>\n","protected":false},"author":1,"featured_media":0,"parent":0,"menu_order":0,"comment_status":"closed","ping_status":"closed","template":"","meta":[],"yoast_head":"<!-- This site is optimized with the Yoast SEO plugin v18.9 - https:\/\/yoast.com\/wordpress\/plugins\/seo\/ -->\n<title>Merdiven - MaisondeAaZ.com<\/title>\n<meta name=\"robots\" content=\"index, follow, max-snippet:-1, max-image-preview:large, max-video-preview:-1\" \/>\n<link rel=\"canonical\" href=\"http:\/\/www.maisondeaaz.com\/lescalier\/\" \/>\n<meta property=\"og:locale\" content=\"tr_TR\" \/>\n<meta property=\"og:type\" content=\"article\" \/>\n<meta property=\"og:title\" content=\"[:fr]L&#039;escalier[:tr]Merdiven[:] - MaisondeAaZ.com\" \/>\n<meta property=\"og:description\" content=\"Merdiven yerle\u015ftirme&#8230; \u00c7ekim tarihi :Le 08-11-2008\" \/>\n<meta property=\"og:url\" content=\"http:\/\/www.maisondeaaz.com\/lescalier\/\" \/>\n<meta property=\"og:site_name\" content=\"MaisondeAaZ.com\" \/>\n<meta property=\"article:modified_time\" content=\"2016-09-06T20:28:25+00:00\" \/>\n<meta property=\"og:image\" content=\"http:\/\/www.maisondeaaz.com\/wp-content\/uploads\/2016\/08\/a008_11_11_mai6_base.jpg\" \/>\n<meta name=\"twitter:card\" content=\"summary\" \/>\n<script type=\"application\/ld+json\" class=\"yoast-schema-graph\">{\"@context\":\"https:\/\/schema.org\",\"@graph\":[{\"@type\":\"WebSite\",\"@id\":\"http:\/\/www.maisondeaaz.com\/#website\",\"url\":\"http:\/\/www.maisondeaaz.com\/\",\"name\":\"MaisondeAaZ.com\",\"description\":\"Evimin A dan Z de yap\u0131l\u0131\u015f\u0131\",\"potentialAction\":[{\"@type\":\"SearchAction\",\"target\":{\"@type\":\"EntryPoint\",\"urlTemplate\":\"http:\/\/www.maisondeaaz.com\/?s={search_term_string}\"},\"query-input\":\"required name=search_term_string\"}],\"inLanguage\":\"tr\"},{\"@type\":\"WebPage\",\"@id\":\"http:\/\/www.maisondeaaz.com\/lescalier\/#webpage\",\"url\":\"http:\/\/www.maisondeaaz.com\/lescalier\/\",\"name\":\"[:fr]L'escalier[:tr]Merdiven[:] - MaisondeAaZ.com\",\"isPartOf\":{\"@id\":\"http:\/\/www.maisondeaaz.com\/#website\"},\"datePublished\":\"2016-08-19T12:12:07+00:00\",\"dateModified\":\"2016-09-06T20:28:25+00:00\",\"breadcrumb\":{\"@id\":\"http:\/\/www.maisondeaaz.com\/lescalier\/#breadcrumb\"},\"inLanguage\":\"tr\",\"potentialAction\":[{\"@type\":\"ReadAction\",\"target\":[\"http:\/\/www.maisondeaaz.com\/lescalier\/\"]}]},{\"@type\":\"BreadcrumbList\",\"@id\":\"http:\/\/www.maisondeaaz.com\/lescalier\/#breadcrumb\",\"itemListElement\":[{\"@type\":\"ListItem\",\"position\":1,\"name\":\"Accueil\",\"item\":\"http:\/\/www.maisondeaaz.com\/\"},{\"@type\":\"ListItem\",\"position\":2,\"name\":\"L&rsquo;escalier\"}]}]}<\/script>\n<!-- \/ Yoast SEO plugin. -->","yoast_head_json":{"title":"[:fr]L'escalier[:tr]Merdiven[:] - MaisondeAaZ.com","robots":{"index":"index","follow":"follow","max-snippet":"max-snippet:-1","max-image-preview":"max-image-preview:large","max-video-preview":"max-video-preview:-1"},"canonical":"http:\/\/www.maisondeaaz.com\/lescalier\/","og_locale":"tr_TR","og_type":"article","og_title":"[:fr]L'escalier[:tr]Merdiven[:] - MaisondeAaZ.com","og_description":"Merdiven yerle\u015ftirme&#8230; \u00c7ekim tarihi :Le 08-11-2008","og_url":"http:\/\/www.maisondeaaz.com\/lescalier\/","og_site_name":"MaisondeAaZ.com","article_modified_time":"2016-09-06T20:28:25+00:00","og_image":[{"url":"http:\/\/www.maisondeaaz.com\/wp-content\/uploads\/2016\/08\/a008_11_11_mai6_base.jpg"}],"twitter_card":"summary","schema":{"@context":"https:\/\/schema.org","@graph":[{"@type":"WebSite","@id":"http:\/\/www.maisondeaaz.com\/#website","url":"http:\/\/www.maisondeaaz.com\/","name":"MaisondeAaZ.com","description":"Evimin A dan Z de yap\u0131l\u0131\u015f\u0131","potentialAction":[{"@type":"SearchAction","target":{"@type":"EntryPoint","urlTemplate":"http:\/\/www.maisondeaaz.com\/?s={search_term_string}"},"query-input":"required name=search_term_string"}],"inLanguage":"tr"},{"@type":"WebPage","@id":"http:\/\/www.maisondeaaz.com\/lescalier\/#webpage","url":"http:\/\/www.maisondeaaz.com\/lescalier\/","name":"[:fr]L'escalier[:tr]Merdiven[:] - MaisondeAaZ.com","isPartOf":{"@id":"http:\/\/www.maisondeaaz.com\/#website"},"datePublished":"2016-08-19T12:12:07+00:00","dateModified":"2016-09-06T20:28:25+00:00","breadcrumb":{"@id":"http:\/\/www.maisondeaaz.com\/lescalier\/#breadcrumb"},"inLanguage":"tr","potentialAction":[{"@type":"ReadAction","target":["http:\/\/www.maisondeaaz.com\/lescalier\/"]}]},{"@type":"BreadcrumbList","@id":"http:\/\/www.maisondeaaz.com\/lescalier\/#breadcrumb","itemListElement":[{"@type":"ListItem","position":1,"name":"Accueil","item":"http:\/\/www.maisondeaaz.com\/"},{"@type":"ListItem","position":2,"name":"L&rsquo;escalier"}]}]}},"_links":{"self":[{"href":"https:\/\/www.maisondeaaz.com\/tr\/wp-json\/wp\/v2\/pages\/706"}],"collection":[{"href":"https:\/\/www.maisondeaaz.com\/tr\/wp-json\/wp\/v2\/pages"}],"about":[{"href":"https:\/\/www.maisondeaaz.com\/tr\/wp-json\/wp\/v2\/types\/page"}],"author":[{"embeddable":true,"href":"https:\/\/www.maisondeaaz.com\/tr\/wp-json\/wp\/v2\/users\/1"}],"replies":[{"embeddable":true,"href":"https:\/\/www.maisondeaaz.com\/tr\/wp-json\/wp\/v2\/comments?post=706"}],"version-history":[{"count":3,"href":"https:\/\/www.maisondeaaz.com\/tr\/wp-json\/wp\/v2\/pages\/706\/revisions"}],"predecessor-version":[{"id":1626,"href":"https:\/\/www.maisondeaaz.com\/tr\/wp-json\/wp\/v2\/pages\/706\/revisions\/1626"}],"wp:attachment":[{"href":"https:\/\/www.maisondeaaz.com\/tr\/wp-json\/wp\/v2\/media?parent=706"}],"curies":[{"name":"wp","href":"https:\/\/api.w.org\/{rel}","templated":true}]}}