{"id":420,"date":"2016-08-19T10:09:57","date_gmt":"2016-08-19T08:09:57","guid":{"rendered":"http:\/\/www.maisondeaaz.com\/?page_id=420"},"modified":"2016-08-23T09:53:55","modified_gmt":"2016-08-23T07:53:55","slug":"les-portes-et-fenetres","status":"publish","type":"page","link":"https:\/\/www.maisondeaaz.com\/tr\/les-portes-et-fenetres\/","title":{"rendered":"Les portes, fen\u00eatres et volets"},"content":{"rendered":"<p>L&#8217;int\u00e9gration des portes, fen\u00eatres et volets. En option, porte d&#8217;entr\u00e9e blanche et contour des fen\u00eatres en aluminium noir. Les volets \u00e9lectriques puor le salon et le s\u00e9jours en option \u00e9galement. <\/p>\n<p>Date des prises de vues : le 25-09-2008<br \/>\n\n\t\t<style type=\"text\/css\">\n\t\t\t#gallery-1 {\n\t\t\t\tmargin: auto;\n\t\t\t}\n\t\t\t#gallery-1 .gallery-item {\n\t\t\t\tfloat: left;\n\t\t\t\tmargin-top: 10px;\n\t\t\t\ttext-align: center;\n\t\t\t\twidth: 100%;\n\t\t\t}\n\t\t\t#gallery-1 img {\n\t\t\t\tborder: 2px solid #cfcfcf;\n\t\t\t}\n\t\t\t#gallery-1 .gallery-caption {\n\t\t\t\tmargin-left: 0;\n\t\t\t}\n\t\t\t\/* see gallery_shortcode() in wp-includes\/media.php *\/\n\t\t<\/style>\n\t\t<div id='gallery-1' class='gallery galleryid-420 gallery-columns-1 gallery-size-large'><dl class='gallery-item'>\n\t\t\t<dt class='gallery-icon landscape'>\n\t\t\t\t<a href='https:\/\/www.maisondeaaz.com\/wp-content\/uploads\/2016\/08\/a008_09_25_mai5_base.jpg' rel=\"lightbox[420]\"><img width=\"800\" height=\"600\" src=\"https:\/\/www.maisondeaaz.com\/wp-content\/uploads\/2016\/08\/a008_09_25_mai5_base.jpg\" class=\"attachment-large size-large\" alt=\"\" decoding=\"async\" loading=\"lazy\" srcset=\"https:\/\/www.maisondeaaz.com\/wp-content\/uploads\/2016\/08\/a008_09_25_mai5_base.jpg 800w, https:\/\/www.maisondeaaz.com\/wp-content\/uploads\/2016\/08\/a008_09_25_mai5_base-300x225.jpg 300w, https:\/\/www.maisondeaaz.com\/wp-content\/uploads\/2016\/08\/a008_09_25_mai5_base-768x576.jpg 768w, https:\/\/www.maisondeaaz.com\/wp-content\/uploads\/2016\/08\/a008_09_25_mai5_base-700x525.jpg 700w, https:\/\/www.maisondeaaz.com\/wp-content\/uploads\/2016\/08\/a008_09_25_mai5_base-332x249.jpg 332w\" sizes=\"(max-width: 800px) 100vw, 800px\" \/><\/a>\n\t\t\t<\/dt><\/dl><br style=\"clear: both\" \/><dl class='gallery-item'>\n\t\t\t<dt class='gallery-icon landscape'>\n\t\t\t\t<a href='https:\/\/www.maisondeaaz.com\/wp-content\/uploads\/2016\/08\/a008_09_25_mai4_base.jpg' rel=\"lightbox[420]\"><img width=\"800\" height=\"600\" src=\"https:\/\/www.maisondeaaz.com\/wp-content\/uploads\/2016\/08\/a008_09_25_mai4_base.jpg\" class=\"attachment-large size-large\" alt=\"\" decoding=\"async\" loading=\"lazy\" srcset=\"https:\/\/www.maisondeaaz.com\/wp-content\/uploads\/2016\/08\/a008_09_25_mai4_base.jpg 800w, https:\/\/www.maisondeaaz.com\/wp-content\/uploads\/2016\/08\/a008_09_25_mai4_base-300x225.jpg 300w, https:\/\/www.maisondeaaz.com\/wp-content\/uploads\/2016\/08\/a008_09_25_mai4_base-768x576.jpg 768w, https:\/\/www.maisondeaaz.com\/wp-content\/uploads\/2016\/08\/a008_09_25_mai4_base-700x525.jpg 700w, https:\/\/www.maisondeaaz.com\/wp-content\/uploads\/2016\/08\/a008_09_25_mai4_base-332x249.jpg 332w\" sizes=\"(max-width: 800px) 100vw, 800px\" \/><\/a>\n\t\t\t<\/dt><\/dl><br style=\"clear: both\" \/><dl class='gallery-item'>\n\t\t\t<dt class='gallery-icon landscape'>\n\t\t\t\t<a href='https:\/\/www.maisondeaaz.com\/wp-content\/uploads\/2016\/08\/a008_09_25_mai3_base.jpg' rel=\"lightbox[420]\"><img width=\"800\" height=\"600\" src=\"https:\/\/www.maisondeaaz.com\/wp-content\/uploads\/2016\/08\/a008_09_25_mai3_base.jpg\" class=\"attachment-large size-large\" alt=\"\" decoding=\"async\" loading=\"lazy\" srcset=\"https:\/\/www.maisondeaaz.com\/wp-content\/uploads\/2016\/08\/a008_09_25_mai3_base.jpg 800w, https:\/\/www.maisondeaaz.com\/wp-content\/uploads\/2016\/08\/a008_09_25_mai3_base-300x225.jpg 300w, https:\/\/www.maisondeaaz.com\/wp-content\/uploads\/2016\/08\/a008_09_25_mai3_base-768x576.jpg 768w, https:\/\/www.maisondeaaz.com\/wp-content\/uploads\/2016\/08\/a008_09_25_mai3_base-700x525.jpg 700w, https:\/\/www.maisondeaaz.com\/wp-content\/uploads\/2016\/08\/a008_09_25_mai3_base-332x249.jpg 332w\" sizes=\"(max-width: 800px) 100vw, 800px\" \/><\/a>\n\t\t\t<\/dt><\/dl><br style=\"clear: both\" \/><dl class='gallery-item'>\n\t\t\t<dt class='gallery-icon landscape'>\n\t\t\t\t<a href='https:\/\/www.maisondeaaz.com\/wp-content\/uploads\/2016\/08\/a008_09_25_mai2_base.jpg' rel=\"lightbox[420]\"><img width=\"800\" height=\"600\" src=\"https:\/\/www.maisondeaaz.com\/wp-content\/uploads\/2016\/08\/a008_09_25_mai2_base.jpg\" class=\"attachment-large size-large\" alt=\"\" decoding=\"async\" loading=\"lazy\" srcset=\"https:\/\/www.maisondeaaz.com\/wp-content\/uploads\/2016\/08\/a008_09_25_mai2_base.jpg 800w, https:\/\/www.maisondeaaz.com\/wp-content\/uploads\/2016\/08\/a008_09_25_mai2_base-300x225.jpg 300w, https:\/\/www.maisondeaaz.com\/wp-content\/uploads\/2016\/08\/a008_09_25_mai2_base-768x576.jpg 768w, https:\/\/www.maisondeaaz.com\/wp-content\/uploads\/2016\/08\/a008_09_25_mai2_base-700x525.jpg 700w, https:\/\/www.maisondeaaz.com\/wp-content\/uploads\/2016\/08\/a008_09_25_mai2_base-332x249.jpg 332w\" sizes=\"(max-width: 800px) 100vw, 800px\" \/><\/a>\n\t\t\t<\/dt><\/dl><br style=\"clear: both\" \/><dl class='gallery-item'>\n\t\t\t<dt class='gallery-icon landscape'>\n\t\t\t\t<a href='https:\/\/www.maisondeaaz.com\/wp-content\/uploads\/2016\/08\/a008_09_25_mai1_base.jpg' rel=\"lightbox[420]\"><img width=\"800\" height=\"600\" src=\"https:\/\/www.maisondeaaz.com\/wp-content\/uploads\/2016\/08\/a008_09_25_mai1_base.jpg\" class=\"attachment-large size-large\" alt=\"\" decoding=\"async\" loading=\"lazy\" srcset=\"https:\/\/www.maisondeaaz.com\/wp-content\/uploads\/2016\/08\/a008_09_25_mai1_base.jpg 800w, https:\/\/www.maisondeaaz.com\/wp-content\/uploads\/2016\/08\/a008_09_25_mai1_base-300x225.jpg 300w, https:\/\/www.maisondeaaz.com\/wp-content\/uploads\/2016\/08\/a008_09_25_mai1_base-768x576.jpg 768w, https:\/\/www.maisondeaaz.com\/wp-content\/uploads\/2016\/08\/a008_09_25_mai1_base-700x525.jpg 700w, https:\/\/www.maisondeaaz.com\/wp-content\/uploads\/2016\/08\/a008_09_25_mai1_base-332x249.jpg 332w\" sizes=\"(max-width: 800px) 100vw, 800px\" \/><\/a>\n\t\t\t<\/dt><\/dl><br style=\"clear: both\" \/><dl class='gallery-item'>\n\t\t\t<dt class='gallery-icon landscape'>\n\t\t\t\t<a href='https:\/\/www.maisondeaaz.com\/wp-content\/uploads\/2016\/08\/a008_09_25_mai_base.jpg' rel=\"lightbox[420]\"><img width=\"800\" height=\"600\" src=\"https:\/\/www.maisondeaaz.com\/wp-content\/uploads\/2016\/08\/a008_09_25_mai_base.jpg\" class=\"attachment-large size-large\" alt=\"\" decoding=\"async\" loading=\"lazy\" srcset=\"https:\/\/www.maisondeaaz.com\/wp-content\/uploads\/2016\/08\/a008_09_25_mai_base.jpg 800w, https:\/\/www.maisondeaaz.com\/wp-content\/uploads\/2016\/08\/a008_09_25_mai_base-300x225.jpg 300w, https:\/\/www.maisondeaaz.com\/wp-content\/uploads\/2016\/08\/a008_09_25_mai_base-768x576.jpg 768w, https:\/\/www.maisondeaaz.com\/wp-content\/uploads\/2016\/08\/a008_09_25_mai_base-700x525.jpg 700w, https:\/\/www.maisondeaaz.com\/wp-content\/uploads\/2016\/08\/a008_09_25_mai_base-332x249.jpg 332w\" sizes=\"(max-width: 800px) 100vw, 800px\" \/><\/a>\n\t\t\t<\/dt><\/dl><br style=\"clear: both\" \/><dl class='gallery-item'>\n\t\t\t<dt class='gallery-icon landscape'>\n\t\t\t\t<a href='https:\/\/www.maisondeaaz.com\/wp-content\/uploads\/2016\/08\/a008_09_25_gar_base.jpg' rel=\"lightbox[420]\"><img width=\"800\" height=\"600\" src=\"https:\/\/www.maisondeaaz.com\/wp-content\/uploads\/2016\/08\/a008_09_25_gar_base.jpg\" class=\"attachment-large size-large\" alt=\"\" decoding=\"async\" loading=\"lazy\" srcset=\"https:\/\/www.maisondeaaz.com\/wp-content\/uploads\/2016\/08\/a008_09_25_gar_base.jpg 800w, https:\/\/www.maisondeaaz.com\/wp-content\/uploads\/2016\/08\/a008_09_25_gar_base-300x225.jpg 300w, https:\/\/www.maisondeaaz.com\/wp-content\/uploads\/2016\/08\/a008_09_25_gar_base-768x576.jpg 768w, https:\/\/www.maisondeaaz.com\/wp-content\/uploads\/2016\/08\/a008_09_25_gar_base-700x525.jpg 700w, https:\/\/www.maisondeaaz.com\/wp-content\/uploads\/2016\/08\/a008_09_25_gar_base-332x249.jpg 332w\" sizes=\"(max-width: 800px) 100vw, 800px\" \/><\/a>\n\t\t\t<\/dt><\/dl><br style=\"clear: both\" \/><dl class='gallery-item'>\n\t\t\t<dt class='gallery-icon landscape'>\n\t\t\t\t<a href='https:\/\/www.maisondeaaz.com\/wp-content\/uploads\/2016\/08\/a008_09_25_fen2_base.jpg' rel=\"lightbox[420]\"><img width=\"800\" height=\"600\" src=\"https:\/\/www.maisondeaaz.com\/wp-content\/uploads\/2016\/08\/a008_09_25_fen2_base.jpg\" class=\"attachment-large size-large\" alt=\"\" decoding=\"async\" loading=\"lazy\" srcset=\"https:\/\/www.maisondeaaz.com\/wp-content\/uploads\/2016\/08\/a008_09_25_fen2_base.jpg 800w, https:\/\/www.maisondeaaz.com\/wp-content\/uploads\/2016\/08\/a008_09_25_fen2_base-300x225.jpg 300w, https:\/\/www.maisondeaaz.com\/wp-content\/uploads\/2016\/08\/a008_09_25_fen2_base-768x576.jpg 768w, https:\/\/www.maisondeaaz.com\/wp-content\/uploads\/2016\/08\/a008_09_25_fen2_base-700x525.jpg 700w, https:\/\/www.maisondeaaz.com\/wp-content\/uploads\/2016\/08\/a008_09_25_fen2_base-332x249.jpg 332w\" sizes=\"(max-width: 800px) 100vw, 800px\" \/><\/a>\n\t\t\t<\/dt><\/dl><br style=\"clear: both\" \/><dl class='gallery-item'>\n\t\t\t<dt class='gallery-icon landscape'>\n\t\t\t\t<a href='https:\/\/www.maisondeaaz.com\/wp-content\/uploads\/2016\/08\/a008_09_25_fen1_base.jpg' rel=\"lightbox[420]\"><img width=\"800\" height=\"600\" src=\"https:\/\/www.maisondeaaz.com\/wp-content\/uploads\/2016\/08\/a008_09_25_fen1_base.jpg\" class=\"attachment-large size-large\" alt=\"\" decoding=\"async\" loading=\"lazy\" srcset=\"https:\/\/www.maisondeaaz.com\/wp-content\/uploads\/2016\/08\/a008_09_25_fen1_base.jpg 800w, https:\/\/www.maisondeaaz.com\/wp-content\/uploads\/2016\/08\/a008_09_25_fen1_base-300x225.jpg 300w, https:\/\/www.maisondeaaz.com\/wp-content\/uploads\/2016\/08\/a008_09_25_fen1_base-768x576.jpg 768w, https:\/\/www.maisondeaaz.com\/wp-content\/uploads\/2016\/08\/a008_09_25_fen1_base-700x525.jpg 700w, https:\/\/www.maisondeaaz.com\/wp-content\/uploads\/2016\/08\/a008_09_25_fen1_base-332x249.jpg 332w\" sizes=\"(max-width: 800px) 100vw, 800px\" \/><\/a>\n\t\t\t<\/dt><\/dl><br style=\"clear: both\" \/><dl class='gallery-item'>\n\t\t\t<dt class='gallery-icon landscape'>\n\t\t\t\t<a href='https:\/\/www.maisondeaaz.com\/wp-content\/uploads\/2016\/08\/a008_09_25_fen_base.jpg' rel=\"lightbox[420]\"><img width=\"800\" height=\"600\" src=\"https:\/\/www.maisondeaaz.com\/wp-content\/uploads\/2016\/08\/a008_09_25_fen_base.jpg\" class=\"attachment-large size-large\" alt=\"\" decoding=\"async\" loading=\"lazy\" srcset=\"https:\/\/www.maisondeaaz.com\/wp-content\/uploads\/2016\/08\/a008_09_25_fen_base.jpg 800w, https:\/\/www.maisondeaaz.com\/wp-content\/uploads\/2016\/08\/a008_09_25_fen_base-300x225.jpg 300w, https:\/\/www.maisondeaaz.com\/wp-content\/uploads\/2016\/08\/a008_09_25_fen_base-768x576.jpg 768w, https:\/\/www.maisondeaaz.com\/wp-content\/uploads\/2016\/08\/a008_09_25_fen_base-700x525.jpg 700w, https:\/\/www.maisondeaaz.com\/wp-content\/uploads\/2016\/08\/a008_09_25_fen_base-332x249.jpg 332w\" sizes=\"(max-width: 800px) 100vw, 800px\" \/><\/a>\n\t\t\t<\/dt><\/dl><br style=\"clear: both\" \/><dl class='gallery-item'>\n\t\t\t<dt class='gallery-icon landscape'>\n\t\t\t\t<a href='https:\/\/www.maisondeaaz.com\/wp-content\/uploads\/2016\/08\/a008_09_25_bai_base.jpg' rel=\"lightbox[420]\"><img width=\"800\" height=\"600\" src=\"https:\/\/www.maisondeaaz.com\/wp-content\/uploads\/2016\/08\/a008_09_25_bai_base.jpg\" class=\"attachment-large size-large\" alt=\"\" decoding=\"async\" loading=\"lazy\" srcset=\"https:\/\/www.maisondeaaz.com\/wp-content\/uploads\/2016\/08\/a008_09_25_bai_base.jpg 800w, https:\/\/www.maisondeaaz.com\/wp-content\/uploads\/2016\/08\/a008_09_25_bai_base-300x225.jpg 300w, https:\/\/www.maisondeaaz.com\/wp-content\/uploads\/2016\/08\/a008_09_25_bai_base-768x576.jpg 768w, https:\/\/www.maisondeaaz.com\/wp-content\/uploads\/2016\/08\/a008_09_25_bai_base-700x525.jpg 700w, https:\/\/www.maisondeaaz.com\/wp-content\/uploads\/2016\/08\/a008_09_25_bai_base-332x249.jpg 332w\" sizes=\"(max-width: 800px) 100vw, 800px\" \/><\/a>\n\t\t\t<\/dt><\/dl><br style=\"clear: both\" \/><dl class='gallery-item'>\n\t\t\t<dt class='gallery-icon landscape'>\n\t\t\t\t<a href='https:\/\/www.maisondeaaz.com\/wp-content\/uploads\/2016\/08\/a008_10_24_mai27_base.jpg' rel=\"lightbox[420]\"><img width=\"800\" height=\"600\" src=\"https:\/\/www.maisondeaaz.com\/wp-content\/uploads\/2016\/08\/a008_10_24_mai27_base.jpg\" class=\"attachment-large size-large\" alt=\"\" decoding=\"async\" loading=\"lazy\" srcset=\"https:\/\/www.maisondeaaz.com\/wp-content\/uploads\/2016\/08\/a008_10_24_mai27_base.jpg 800w, https:\/\/www.maisondeaaz.com\/wp-content\/uploads\/2016\/08\/a008_10_24_mai27_base-300x225.jpg 300w, https:\/\/www.maisondeaaz.com\/wp-content\/uploads\/2016\/08\/a008_10_24_mai27_base-768x576.jpg 768w, https:\/\/www.maisondeaaz.com\/wp-content\/uploads\/2016\/08\/a008_10_24_mai27_base-700x525.jpg 700w, https:\/\/www.maisondeaaz.com\/wp-content\/uploads\/2016\/08\/a008_10_24_mai27_base-332x249.jpg 332w\" sizes=\"(max-width: 800px) 100vw, 800px\" \/><\/a>\n\t\t\t<\/dt><\/dl><br style=\"clear: both\" \/><dl class='gallery-item'>\n\t\t\t<dt class='gallery-icon landscape'>\n\t\t\t\t<a href='https:\/\/www.maisondeaaz.com\/wp-content\/uploads\/2016\/08\/a008_10_24_mai16_base.jpg' rel=\"lightbox[420]\"><img width=\"800\" height=\"600\" src=\"https:\/\/www.maisondeaaz.com\/wp-content\/uploads\/2016\/08\/a008_10_24_mai16_base.jpg\" class=\"attachment-large size-large\" alt=\"\" decoding=\"async\" loading=\"lazy\" srcset=\"https:\/\/www.maisondeaaz.com\/wp-content\/uploads\/2016\/08\/a008_10_24_mai16_base.jpg 800w, https:\/\/www.maisondeaaz.com\/wp-content\/uploads\/2016\/08\/a008_10_24_mai16_base-300x225.jpg 300w, https:\/\/www.maisondeaaz.com\/wp-content\/uploads\/2016\/08\/a008_10_24_mai16_base-768x576.jpg 768w, https:\/\/www.maisondeaaz.com\/wp-content\/uploads\/2016\/08\/a008_10_24_mai16_base-700x525.jpg 700w, https:\/\/www.maisondeaaz.com\/wp-content\/uploads\/2016\/08\/a008_10_24_mai16_base-332x249.jpg 332w\" sizes=\"(max-width: 800px) 100vw, 800px\" \/><\/a>\n\t\t\t<\/dt><\/dl><br style=\"clear: both\" \/><dl class='gallery-item'>\n\t\t\t<dt class='gallery-icon landscape'>\n\t\t\t\t<a href='https:\/\/www.maisondeaaz.com\/wp-content\/uploads\/2016\/08\/a008_10_24_mai5_base.jpg' rel=\"lightbox[420]\"><img width=\"800\" height=\"600\" src=\"https:\/\/www.maisondeaaz.com\/wp-content\/uploads\/2016\/08\/a008_10_24_mai5_base.jpg\" class=\"attachment-large size-large\" alt=\"\" decoding=\"async\" loading=\"lazy\" srcset=\"https:\/\/www.maisondeaaz.com\/wp-content\/uploads\/2016\/08\/a008_10_24_mai5_base.jpg 800w, https:\/\/www.maisondeaaz.com\/wp-content\/uploads\/2016\/08\/a008_10_24_mai5_base-300x225.jpg 300w, https:\/\/www.maisondeaaz.com\/wp-content\/uploads\/2016\/08\/a008_10_24_mai5_base-768x576.jpg 768w, https:\/\/www.maisondeaaz.com\/wp-content\/uploads\/2016\/08\/a008_10_24_mai5_base-700x525.jpg 700w, https:\/\/www.maisondeaaz.com\/wp-content\/uploads\/2016\/08\/a008_10_24_mai5_base-332x249.jpg 332w\" sizes=\"(max-width: 800px) 100vw, 800px\" \/><\/a>\n\t\t\t<\/dt><\/dl><br style=\"clear: both\" \/><dl class='gallery-item'>\n\t\t\t<dt class='gallery-icon landscape'>\n\t\t\t\t<a href='https:\/\/www.maisondeaaz.com\/wp-content\/uploads\/2016\/08\/a008_10_24_mai1_base.jpg' rel=\"lightbox[420]\"><img width=\"800\" height=\"600\" src=\"https:\/\/www.maisondeaaz.com\/wp-content\/uploads\/2016\/08\/a008_10_24_mai1_base.jpg\" class=\"attachment-large size-large\" alt=\"\" decoding=\"async\" loading=\"lazy\" srcset=\"https:\/\/www.maisondeaaz.com\/wp-content\/uploads\/2016\/08\/a008_10_24_mai1_base.jpg 800w, https:\/\/www.maisondeaaz.com\/wp-content\/uploads\/2016\/08\/a008_10_24_mai1_base-300x225.jpg 300w, https:\/\/www.maisondeaaz.com\/wp-content\/uploads\/2016\/08\/a008_10_24_mai1_base-768x576.jpg 768w, https:\/\/www.maisondeaaz.com\/wp-content\/uploads\/2016\/08\/a008_10_24_mai1_base-700x525.jpg 700w, https:\/\/www.maisondeaaz.com\/wp-content\/uploads\/2016\/08\/a008_10_24_mai1_base-332x249.jpg 332w\" sizes=\"(max-width: 800px) 100vw, 800px\" \/><\/a>\n\t\t\t<\/dt><\/dl><br style=\"clear: both\" \/><dl class='gallery-item'>\n\t\t\t<dt class='gallery-icon landscape'>\n\t\t\t\t<a href='https:\/\/www.maisondeaaz.com\/wp-content\/uploads\/2016\/08\/a008_10_17_mai24_base.jpg' rel=\"lightbox[420]\"><img width=\"800\" height=\"600\" src=\"https:\/\/www.maisondeaaz.com\/wp-content\/uploads\/2016\/08\/a008_10_17_mai24_base.jpg\" class=\"attachment-large size-large\" alt=\"\" decoding=\"async\" loading=\"lazy\" srcset=\"https:\/\/www.maisondeaaz.com\/wp-content\/uploads\/2016\/08\/a008_10_17_mai24_base.jpg 800w, https:\/\/www.maisondeaaz.com\/wp-content\/uploads\/2016\/08\/a008_10_17_mai24_base-300x225.jpg 300w, https:\/\/www.maisondeaaz.com\/wp-content\/uploads\/2016\/08\/a008_10_17_mai24_base-768x576.jpg 768w, https:\/\/www.maisondeaaz.com\/wp-content\/uploads\/2016\/08\/a008_10_17_mai24_base-700x525.jpg 700w, https:\/\/www.maisondeaaz.com\/wp-content\/uploads\/2016\/08\/a008_10_17_mai24_base-332x249.jpg 332w\" sizes=\"(max-width: 800px) 100vw, 800px\" \/><\/a>\n\t\t\t<\/dt><\/dl><br style=\"clear: both\" \/>\n\t\t<\/div>\n<\/p>\n","protected":false},"excerpt":{"rendered":"<p>L&#8217;int\u00e9gration des portes, fen\u00eatres et volets. En option, porte d&#8217;entr\u00e9e blanche et contour des fen\u00eatres en aluminium noir. Les volets \u00e9lectriques puor le salon et le s\u00e9jours en option \u00e9galement.<\/p>\n","protected":false},"author":1,"featured_media":0,"parent":0,"menu_order":0,"comment_status":"closed","ping_status":"closed","template":"","meta":[],"yoast_head":"<!-- This site is optimized with the Yoast SEO plugin v18.9 - https:\/\/yoast.com\/wordpress\/plugins\/seo\/ -->\n<title>Les portes, fen\u00eatres et volets - MaisondeAaZ.com<\/title>\n<meta name=\"robots\" content=\"index, follow, max-snippet:-1, max-image-preview:large, max-video-preview:-1\" \/>\n<link rel=\"canonical\" href=\"https:\/\/www.maisondeaaz.com\/les-portes-et-fenetres\/\" \/>\n<meta property=\"og:locale\" content=\"tr_TR\" \/>\n<meta property=\"og:type\" content=\"article\" \/>\n<meta property=\"og:title\" content=\"Les portes, fen\u00eatres et volets - MaisondeAaZ.com\" \/>\n<meta property=\"og:description\" content=\"L&#8217;int\u00e9gration des portes, fen\u00eatres et volets. En option, porte d&#8217;entr\u00e9e blanche et contour des fen\u00eatres en aluminium noir. Les volets \u00e9lectriques puor le salon et le s\u00e9jours en option \u00e9galement.\" \/>\n<meta property=\"og:url\" content=\"https:\/\/www.maisondeaaz.com\/les-portes-et-fenetres\/\" \/>\n<meta property=\"og:site_name\" content=\"MaisondeAaZ.com\" \/>\n<meta property=\"article:modified_time\" content=\"2016-08-23T07:53:55+00:00\" \/>\n<meta property=\"og:image\" content=\"https:\/\/www.maisondeaaz.com\/wp-content\/uploads\/2016\/08\/a008_09_25_mai5_base.jpg\" \/>\n<meta name=\"twitter:card\" content=\"summary\" \/>\n<script type=\"application\/ld+json\" class=\"yoast-schema-graph\">{\"@context\":\"https:\/\/schema.org\",\"@graph\":[{\"@type\":\"WebSite\",\"@id\":\"http:\/\/www.maisondeaaz.com\/#website\",\"url\":\"http:\/\/www.maisondeaaz.com\/\",\"name\":\"MaisondeAaZ.com\",\"description\":\"Evimin A dan Z de yap\u0131l\u0131\u015f\u0131\",\"potentialAction\":[{\"@type\":\"SearchAction\",\"target\":{\"@type\":\"EntryPoint\",\"urlTemplate\":\"http:\/\/www.maisondeaaz.com\/?s={search_term_string}\"},\"query-input\":\"required name=search_term_string\"}],\"inLanguage\":\"tr\"},{\"@type\":\"WebPage\",\"@id\":\"https:\/\/www.maisondeaaz.com\/les-portes-et-fenetres\/#webpage\",\"url\":\"https:\/\/www.maisondeaaz.com\/les-portes-et-fenetres\/\",\"name\":\"Les portes, fen\u00eatres et volets - MaisondeAaZ.com\",\"isPartOf\":{\"@id\":\"http:\/\/www.maisondeaaz.com\/#website\"},\"datePublished\":\"2016-08-19T08:09:57+00:00\",\"dateModified\":\"2016-08-23T07:53:55+00:00\",\"breadcrumb\":{\"@id\":\"https:\/\/www.maisondeaaz.com\/les-portes-et-fenetres\/#breadcrumb\"},\"inLanguage\":\"tr\",\"potentialAction\":[{\"@type\":\"ReadAction\",\"target\":[\"https:\/\/www.maisondeaaz.com\/les-portes-et-fenetres\/\"]}]},{\"@type\":\"BreadcrumbList\",\"@id\":\"https:\/\/www.maisondeaaz.com\/les-portes-et-fenetres\/#breadcrumb\",\"itemListElement\":[{\"@type\":\"ListItem\",\"position\":1,\"name\":\"Accueil\",\"item\":\"http:\/\/www.maisondeaaz.com\/\"},{\"@type\":\"ListItem\",\"position\":2,\"name\":\"Les portes, fen\u00eatres et volets\"}]}]}<\/script>\n<!-- \/ Yoast SEO plugin. -->","yoast_head_json":{"title":"Les portes, fen\u00eatres et volets - MaisondeAaZ.com","robots":{"index":"index","follow":"follow","max-snippet":"max-snippet:-1","max-image-preview":"max-image-preview:large","max-video-preview":"max-video-preview:-1"},"canonical":"https:\/\/www.maisondeaaz.com\/les-portes-et-fenetres\/","og_locale":"tr_TR","og_type":"article","og_title":"Les portes, fen\u00eatres et volets - MaisondeAaZ.com","og_description":"L&#8217;int\u00e9gration des portes, fen\u00eatres et volets. En option, porte d&#8217;entr\u00e9e blanche et contour des fen\u00eatres en aluminium noir. Les volets \u00e9lectriques puor le salon et le s\u00e9jours en option \u00e9galement.","og_url":"https:\/\/www.maisondeaaz.com\/les-portes-et-fenetres\/","og_site_name":"MaisondeAaZ.com","article_modified_time":"2016-08-23T07:53:55+00:00","og_image":[{"url":"https:\/\/www.maisondeaaz.com\/wp-content\/uploads\/2016\/08\/a008_09_25_mai5_base.jpg"}],"twitter_card":"summary","schema":{"@context":"https:\/\/schema.org","@graph":[{"@type":"WebSite","@id":"http:\/\/www.maisondeaaz.com\/#website","url":"http:\/\/www.maisondeaaz.com\/","name":"MaisondeAaZ.com","description":"Evimin A dan Z de yap\u0131l\u0131\u015f\u0131","potentialAction":[{"@type":"SearchAction","target":{"@type":"EntryPoint","urlTemplate":"http:\/\/www.maisondeaaz.com\/?s={search_term_string}"},"query-input":"required name=search_term_string"}],"inLanguage":"tr"},{"@type":"WebPage","@id":"https:\/\/www.maisondeaaz.com\/les-portes-et-fenetres\/#webpage","url":"https:\/\/www.maisondeaaz.com\/les-portes-et-fenetres\/","name":"Les portes, fen\u00eatres et volets - MaisondeAaZ.com","isPartOf":{"@id":"http:\/\/www.maisondeaaz.com\/#website"},"datePublished":"2016-08-19T08:09:57+00:00","dateModified":"2016-08-23T07:53:55+00:00","breadcrumb":{"@id":"https:\/\/www.maisondeaaz.com\/les-portes-et-fenetres\/#breadcrumb"},"inLanguage":"tr","potentialAction":[{"@type":"ReadAction","target":["https:\/\/www.maisondeaaz.com\/les-portes-et-fenetres\/"]}]},{"@type":"BreadcrumbList","@id":"https:\/\/www.maisondeaaz.com\/les-portes-et-fenetres\/#breadcrumb","itemListElement":[{"@type":"ListItem","position":1,"name":"Accueil","item":"http:\/\/www.maisondeaaz.com\/"},{"@type":"ListItem","position":2,"name":"Les portes, fen\u00eatres et volets"}]}]}},"_links":{"self":[{"href":"https:\/\/www.maisondeaaz.com\/tr\/wp-json\/wp\/v2\/pages\/420"}],"collection":[{"href":"https:\/\/www.maisondeaaz.com\/tr\/wp-json\/wp\/v2\/pages"}],"about":[{"href":"https:\/\/www.maisondeaaz.com\/tr\/wp-json\/wp\/v2\/types\/page"}],"author":[{"embeddable":true,"href":"https:\/\/www.maisondeaaz.com\/tr\/wp-json\/wp\/v2\/users\/1"}],"replies":[{"embeddable":true,"href":"https:\/\/www.maisondeaaz.com\/tr\/wp-json\/wp\/v2\/comments?post=420"}],"version-history":[{"count":12,"href":"https:\/\/www.maisondeaaz.com\/tr\/wp-json\/wp\/v2\/pages\/420\/revisions"}],"predecessor-version":[{"id":1426,"href":"https:\/\/www.maisondeaaz.com\/tr\/wp-json\/wp\/v2\/pages\/420\/revisions\/1426"}],"wp:attachment":[{"href":"https:\/\/www.maisondeaaz.com\/tr\/wp-json\/wp\/v2\/media?parent=420"}],"curies":[{"name":"wp","href":"https:\/\/api.w.org\/{rel}","templated":true}]}}