{"id":332,"date":"2016-08-18T22:16:10","date_gmt":"2016-08-18T20:16:10","guid":{"rendered":"http:\/\/www.maisondeaaz.com\/?page_id=332"},"modified":"2016-09-08T10:33:26","modified_gmt":"2016-09-08T07:33:26","slug":"accueil","status":"publish","type":"page","link":"https:\/\/www.maisondeaaz.com\/tr\/","title":{"rendered":"Ana sayfa"},"content":{"rendered":"<p>Evimin A dan Z de yap\u0131l\u0131\u015f\u0131<br \/>\n<div id=\"supsystic-slider-wrapper-2_83871\" class=\"supsystic-slider-wrapper\"> <div class=\"slider-sharing-top\"><\/div> <div id=\"supsystic-slider-2_83871\" class=\"supsystic-slider supsystic-slider-bx\" data-type=\"bx\" data-settings=\"{&quot;general&quot;:{&quot;mode&quot;:&quot;horizontal&quot;,&quot;auto&quot;:&quot;enable&quot;,&quot;slideshowControls&quot;:&quot;disable&quot;,&quot;navigation&quot;:&quot;1&quot;,&quot;captions&quot;:&quot;true&quot;,&quot;speed&quot;:&quot;500&quot;,&quot;randomStart&quot;:&quot;1&quot;,&quot;easing&quot;:&quot;swing&quot;},&quot;touch&quot;:{&quot;touchEnabled&quot;:&quot;true&quot;,&quot;oneToOne&quot;:&quot;true&quot;,&quot;swipeThreshold&quot;:&quot;55&quot;},&quot;pager&quot;:{&quot;pagerEnabled&quot;:&quot;false&quot;,&quot;pagerType&quot;:&quot;full&quot;},&quot;properties&quot;:{&quot;width&quot;:&quot;800&quot;,&quot;widthType&quot;:&quot;px&quot;,&quot;height&quot;:&quot;400&quot;,&quot;position&quot;:&quot;center&quot;},&quot;caption&quot;:{&quot;color&quot;:&quot;#000000&quot;,&quot;font-size&quot;:&quot;14&quot;,&quot;text-align&quot;:&quot;auto&quot;,&quot;font-family&quot;:&quot;Open Sans&quot;,&quot;background-color-hex&quot;:&quot;#ffffff&quot;,&quot;background-color&quot;:&quot;rgba(255, 255, 255, 1)&quot;,&quot;background-opacity&quot;:&quot;1.0&quot;},&quot;__veditor__&quot;:{&quot;.bx-caption&quot;:{&quot;color&quot;:&quot;#000000&quot;,&quot;font-size&quot;:&quot;14px&quot;,&quot;text-align&quot;:&quot;auto&quot;,&quot;font-family&quot;:&quot;Open Sans&quot;,&quot;background-color&quot;:&quot;rgba(255, 255, 255, 1)&quot;}},&quot;socialSharing&quot;:{&quot;pluginInstalled&quot;:false,&quot;projectsList&quot;:[],&quot;html&quot;:&quot;&quot;}}\" data-thumbs=\"thumbnails-2\" style=\"visibility: hidden; direction: ltr;overflow-x: hidden;\"> <ul style=\"visibility: hidden; margin: 0 !important; \"> <li class=\"slide\" data-id=\"1\"> <img src=\"https:\/\/www.maisondeaaz.com\/wp-content\/uploads\/2016\/08\/P1190860-800x400.jpg\" alt=\"\" title=\"\" data-title=\"\"\/> <\/li> <li class=\"slide\" data-id=\"2\"> <img src=\"https:\/\/www.maisondeaaz.com\/wp-content\/uploads\/2016\/08\/P1190820-800x400.jpg\" alt=\"\" title=\"\" data-title=\"\"\/> <\/li> <li class=\"slide\" data-id=\"3\"> <img src=\"https:\/\/www.maisondeaaz.com\/wp-content\/uploads\/2016\/08\/P1190824-800x400.jpg\" alt=\"\" title=\"\" data-title=\"\"\/> <\/li> <li class=\"slide\" data-id=\"4\"> <img src=\"https:\/\/www.maisondeaaz.com\/wp-content\/uploads\/2016\/08\/P1190826-800x400.jpg\" alt=\"\" title=\"\" data-title=\"\"\/> <\/li> <li class=\"slide\" data-id=\"5\"> <img src=\"https:\/\/www.maisondeaaz.com\/wp-content\/uploads\/2016\/08\/P1190932-800x400.jpg\" alt=\"\" title=\"\" data-title=\"\"\/> <\/li> <li class=\"slide\" data-id=\"6\"> <img src=\"https:\/\/www.maisondeaaz.com\/wp-content\/uploads\/2016\/08\/P1190933-800x400.jpg\" alt=\"\" title=\"\" data-title=\"\"\/> <\/li> <li class=\"slide\" data-id=\"7\"> <img src=\"https:\/\/www.maisondeaaz.com\/wp-content\/uploads\/2016\/08\/P1190934-800x400.jpg\" alt=\"\" title=\"\" data-title=\"\"\/> <\/li> <li class=\"slide\" data-id=\"8\"> <img src=\"https:\/\/www.maisondeaaz.com\/wp-content\/uploads\/2016\/08\/P1190755-800x400.jpg\" alt=\"\" title=\"\" data-title=\"\"\/> <\/li> <li class=\"slide\" data-id=\"9\"> <img src=\"https:\/\/www.maisondeaaz.com\/wp-content\/uploads\/2016\/08\/P1190780-800x400.jpg\" alt=\"\" title=\"\" data-title=\"\"\/> <\/li> <li class=\"slide\" data-id=\"10\"> <img src=\"https:\/\/www.maisondeaaz.com\/wp-content\/uploads\/2016\/08\/P1190735-800x400.jpg\" alt=\"\" title=\"\" data-title=\"\"\/> <\/li> <li class=\"slide\" data-id=\"11\"> <img src=\"https:\/\/www.maisondeaaz.com\/wp-content\/uploads\/2016\/08\/P1190712-800x400.jpg\" alt=\"\" title=\"\" data-title=\"\"\/> <\/li> <li class=\"slide\" data-id=\"12\"> <img src=\"https:\/\/www.maisondeaaz.com\/wp-content\/uploads\/2016\/08\/P1190785-800x400.jpg\" alt=\"\" title=\"\" data-title=\"\"\/> <\/li> <li class=\"slide\" data-id=\"13\"> <img src=\"https:\/\/www.maisondeaaz.com\/wp-content\/uploads\/2016\/08\/P1190944-800x400.jpg\" alt=\"\" title=\"\" data-title=\"\"\/> <\/li> <\/ul> <\/div> <div id=\"bx-clearfix\" style=\"clear:both;\"><\/div> <ul class=\"thumbnails-2 thumbs\" style=\"visibility: hidden; margin: 0 !important;\"> <li> <img data-index=\"0\" src=\"https:\/\/www.maisondeaaz.com\/wp-content\/uploads\/2016\/08\/P1190860-200x133.jpg\" alt=\"Le Coin Pergola Et Jardin\" title=\"\" data-title=\"\" style=\"\" \/> <\/li> <li> <img data-index=\"1\" src=\"https:\/\/www.maisondeaaz.com\/wp-content\/uploads\/2016\/08\/P1190820-200x133.jpg\" alt=\"Le Salon\" title=\"\" data-title=\"\" style=\"\" \/> <\/li> <li> <img data-index=\"2\" src=\"https:\/\/www.maisondeaaz.com\/wp-content\/uploads\/2016\/08\/P1190824-200x133.jpg\" alt=\"Le S\u00e9jour\" title=\"\" data-title=\"\" style=\"\" \/> <\/li> <li> <img data-index=\"3\" src=\"https:\/\/www.maisondeaaz.com\/wp-content\/uploads\/2016\/08\/P1190826-200x133.jpg\" alt=\"Le S\u00e9jour\" title=\"\" data-title=\"\" style=\"\" \/> <\/li> <li> <img data-index=\"4\" src=\"https:\/\/www.maisondeaaz.com\/wp-content\/uploads\/2016\/08\/P1190932-200x133.jpg\" alt=\"La Cuisine \u00c9quip\u00e9e\" title=\"\" data-title=\"\" style=\"\" \/> <\/li> <li> <img data-index=\"5\" src=\"https:\/\/www.maisondeaaz.com\/wp-content\/uploads\/2016\/08\/P1190933-200x133.jpg\" alt=\"La Cuisine \u00c9quip\u00e9e\" title=\"\" data-title=\"\" style=\"\" \/> <\/li> <li> <img data-index=\"6\" src=\"https:\/\/www.maisondeaaz.com\/wp-content\/uploads\/2016\/08\/P1190934-200x133.jpg\" alt=\"La Cuisine \u00c9quip\u00e9e\" title=\"\" data-title=\"\" style=\"\" \/> <\/li> <li> <img data-index=\"7\" src=\"https:\/\/www.maisondeaaz.com\/wp-content\/uploads\/2016\/08\/P1190755-200x133.jpg\" alt=\"La Chambre Parentale\" title=\"\" data-title=\"\" style=\"\" \/> <\/li> <li> <img data-index=\"8\" src=\"https:\/\/www.maisondeaaz.com\/wp-content\/uploads\/2016\/08\/P1190780-200x133.jpg\" alt=\"La Petite Salle De Bain\" title=\"\" data-title=\"\" style=\"\" \/> <\/li> <li> <img data-index=\"9\" src=\"https:\/\/www.maisondeaaz.com\/wp-content\/uploads\/2016\/08\/P1190735-200x133.jpg\" alt=\"La Petite Chambre\" title=\"\" data-title=\"\" style=\"\" \/> <\/li> <li> <img data-index=\"10\" src=\"https:\/\/www.maisondeaaz.com\/wp-content\/uploads\/2016\/08\/P1190712-200x133.jpg\" alt=\"La Chambre D&#039;amis\" title=\"\" data-title=\"\" style=\"\" \/> <\/li> <li> <img data-index=\"11\" src=\"https:\/\/www.maisondeaaz.com\/wp-content\/uploads\/2016\/08\/P1190785-200x133.jpg\" alt=\"La Salle De Bain\" title=\"\" data-title=\"\" style=\"\" \/> <\/li> <li> <img data-index=\"12\" src=\"https:\/\/www.maisondeaaz.com\/wp-content\/uploads\/2016\/08\/P1190944-200x133.jpg\" alt=\"Ma Maison\" title=\"\" data-title=\"\" style=\"\" \/> <\/li> <\/ul> <div style=\"clear:both;\"><\/div> <div class=\"slider-sharing-bottom\"><\/div> <\/div><br \/>\n&nbsp;<br \/>\nBir ev yapt\u0131rmak hepimizin r\u00fcyas\u0131. Bir\u00e7o\u011fumuz bu hayelli ba\u015flarken, sevin\u00e7ten g\u00f6rm\u00fcyoruz sonras\u0131n\u0131.<\/p>\n<p>Bu site benim deneyimi b\u0131rak\u0131yorum, \u015fantiyenin ilerlemesini, bah\u00e7emi, benim yapt\u0131\u011f\u0131m i\u015fleri&#8230;<\/p>\n<p>Bir evin in\u015faat a\u015famalar\u0131 \u00e7ok uzun, h\u0131zla bir kabusa d\u00f6nebilir, sizede kolay gelsin&#8230;<\/p>","protected":false},"excerpt":{"rendered":"<p>Evimin A dan Z de yap\u0131l\u0131\u015f\u0131 &nbsp; Bir ev yapt\u0131rmak hepimizin r\u00fcyas\u0131. Bir\u00e7o\u011fumuz bu hayelli ba\u015flarken, sevin\u00e7ten g\u00f6rm\u00fcyoruz sonras\u0131n\u0131. Bu site benim deneyimi b\u0131rak\u0131yorum, \u015fantiyenin ilerlemesini, bah\u00e7emi, benim yapt\u0131\u011f\u0131m i\u015fleri&#8230;<\/p>\n","protected":false},"author":1,"featured_media":0,"parent":0,"menu_order":0,"comment_status":"closed","ping_status":"closed","template":"","meta":[],"yoast_head":"<!-- This site is optimized with the Yoast SEO plugin v18.9 - https:\/\/yoast.com\/wordpress\/plugins\/seo\/ -->\n<title>Ana sayfa - MaisondeAaZ.com<\/title>\n<meta name=\"robots\" content=\"index, follow, max-snippet:-1, max-image-preview:large, max-video-preview:-1\" \/>\n<link rel=\"canonical\" href=\"http:\/\/www.maisondeaaz.com\/\" \/>\n<meta property=\"og:locale\" content=\"tr_TR\" \/>\n<meta property=\"og:type\" content=\"article\" \/>\n<meta property=\"og:title\" content=\"[:fr]Accueil[:tr]Ana sayfa[:] - MaisondeAaZ.com\" \/>\n<meta property=\"og:description\" content=\"Evimin A dan Z de yap\u0131l\u0131\u015f\u0131 &nbsp; Bir ev yapt\u0131rmak hepimizin r\u00fcyas\u0131. Bir\u00e7o\u011fumuz bu hayelli ba\u015flarken, sevin\u00e7ten g\u00f6rm\u00fcyoruz sonras\u0131n\u0131. Bu site benim deneyimi b\u0131rak\u0131yorum, \u015fantiyenin ilerlemesini, bah\u00e7emi, benim yapt\u0131\u011f\u0131m i\u015fleri&#8230;\" \/>\n<meta property=\"og:url\" content=\"http:\/\/www.maisondeaaz.com\/\" \/>\n<meta property=\"og:site_name\" content=\"MaisondeAaZ.com\" \/>\n<meta property=\"article:modified_time\" content=\"2016-09-08T07:33:26+00:00\" \/>\n<meta name=\"twitter:card\" content=\"summary\" \/>\n<meta name=\"twitter:label1\" content=\"Tahmini okuma s\u00fcresi\" \/>\n\t<meta name=\"twitter:data1\" content=\"1 dakika\" \/>\n<script type=\"application\/ld+json\" class=\"yoast-schema-graph\">{\"@context\":\"https:\/\/schema.org\",\"@graph\":[{\"@type\":\"WebSite\",\"@id\":\"http:\/\/www.maisondeaaz.com\/#website\",\"url\":\"http:\/\/www.maisondeaaz.com\/\",\"name\":\"MaisondeAaZ.com\",\"description\":\"Evimin A dan Z de yap\u0131l\u0131\u015f\u0131\",\"potentialAction\":[{\"@type\":\"SearchAction\",\"target\":{\"@type\":\"EntryPoint\",\"urlTemplate\":\"http:\/\/www.maisondeaaz.com\/?s={search_term_string}\"},\"query-input\":\"required name=search_term_string\"}],\"inLanguage\":\"tr\"},{\"@type\":\"WebPage\",\"@id\":\"http:\/\/www.maisondeaaz.com\/#webpage\",\"url\":\"http:\/\/www.maisondeaaz.com\/\",\"name\":\"[:fr]Accueil[:tr]Ana sayfa[:] - MaisondeAaZ.com\",\"isPartOf\":{\"@id\":\"http:\/\/www.maisondeaaz.com\/#website\"},\"datePublished\":\"2016-08-18T20:16:10+00:00\",\"dateModified\":\"2016-09-08T07:33:26+00:00\",\"breadcrumb\":{\"@id\":\"http:\/\/www.maisondeaaz.com\/#breadcrumb\"},\"inLanguage\":\"tr\",\"potentialAction\":[{\"@type\":\"ReadAction\",\"target\":[\"http:\/\/www.maisondeaaz.com\/\"]}]},{\"@type\":\"BreadcrumbList\",\"@id\":\"http:\/\/www.maisondeaaz.com\/#breadcrumb\",\"itemListElement\":[{\"@type\":\"ListItem\",\"position\":1,\"name\":\"Accueil\",\"item\":\"http:\/\/www.maisondeaaz.com\/\"},{\"@type\":\"ListItem\",\"position\":2,\"name\":\"Accueil\"}]}]}<\/script>\n<!-- \/ Yoast SEO plugin. -->","yoast_head_json":{"title":"[:fr]Accueil[:tr]Ana sayfa[:] - MaisondeAaZ.com","robots":{"index":"index","follow":"follow","max-snippet":"max-snippet:-1","max-image-preview":"max-image-preview:large","max-video-preview":"max-video-preview:-1"},"canonical":"http:\/\/www.maisondeaaz.com\/","og_locale":"tr_TR","og_type":"article","og_title":"[:fr]Accueil[:tr]Ana sayfa[:] - MaisondeAaZ.com","og_description":"Evimin A dan Z de yap\u0131l\u0131\u015f\u0131 &nbsp; Bir ev yapt\u0131rmak hepimizin r\u00fcyas\u0131. Bir\u00e7o\u011fumuz bu hayelli ba\u015flarken, sevin\u00e7ten g\u00f6rm\u00fcyoruz sonras\u0131n\u0131. Bu site benim deneyimi b\u0131rak\u0131yorum, \u015fantiyenin ilerlemesini, bah\u00e7emi, benim yapt\u0131\u011f\u0131m i\u015fleri&#8230;","og_url":"http:\/\/www.maisondeaaz.com\/","og_site_name":"MaisondeAaZ.com","article_modified_time":"2016-09-08T07:33:26+00:00","twitter_card":"summary","twitter_misc":{"Tahmini okuma s\u00fcresi":"1 dakika"},"schema":{"@context":"https:\/\/schema.org","@graph":[{"@type":"WebSite","@id":"http:\/\/www.maisondeaaz.com\/#website","url":"http:\/\/www.maisondeaaz.com\/","name":"MaisondeAaZ.com","description":"Evimin A dan Z de yap\u0131l\u0131\u015f\u0131","potentialAction":[{"@type":"SearchAction","target":{"@type":"EntryPoint","urlTemplate":"http:\/\/www.maisondeaaz.com\/?s={search_term_string}"},"query-input":"required name=search_term_string"}],"inLanguage":"tr"},{"@type":"WebPage","@id":"http:\/\/www.maisondeaaz.com\/#webpage","url":"http:\/\/www.maisondeaaz.com\/","name":"[:fr]Accueil[:tr]Ana sayfa[:] - MaisondeAaZ.com","isPartOf":{"@id":"http:\/\/www.maisondeaaz.com\/#website"},"datePublished":"2016-08-18T20:16:10+00:00","dateModified":"2016-09-08T07:33:26+00:00","breadcrumb":{"@id":"http:\/\/www.maisondeaaz.com\/#breadcrumb"},"inLanguage":"tr","potentialAction":[{"@type":"ReadAction","target":["http:\/\/www.maisondeaaz.com\/"]}]},{"@type":"BreadcrumbList","@id":"http:\/\/www.maisondeaaz.com\/#breadcrumb","itemListElement":[{"@type":"ListItem","position":1,"name":"Accueil","item":"http:\/\/www.maisondeaaz.com\/"},{"@type":"ListItem","position":2,"name":"Accueil"}]}]}},"_links":{"self":[{"href":"https:\/\/www.maisondeaaz.com\/tr\/wp-json\/wp\/v2\/pages\/332"}],"collection":[{"href":"https:\/\/www.maisondeaaz.com\/tr\/wp-json\/wp\/v2\/pages"}],"about":[{"href":"https:\/\/www.maisondeaaz.com\/tr\/wp-json\/wp\/v2\/types\/page"}],"author":[{"embeddable":true,"href":"https:\/\/www.maisondeaaz.com\/tr\/wp-json\/wp\/v2\/users\/1"}],"replies":[{"embeddable":true,"href":"https:\/\/www.maisondeaaz.com\/tr\/wp-json\/wp\/v2\/comments?post=332"}],"version-history":[{"count":12,"href":"https:\/\/www.maisondeaaz.com\/tr\/wp-json\/wp\/v2\/pages\/332\/revisions"}],"predecessor-version":[{"id":1641,"href":"https:\/\/www.maisondeaaz.com\/tr\/wp-json\/wp\/v2\/pages\/332\/revisions\/1641"}],"wp:attachment":[{"href":"https:\/\/www.maisondeaaz.com\/tr\/wp-json\/wp\/v2\/media?parent=332"}],"curies":[{"name":"wp","href":"https:\/\/api.w.org\/{rel}","templated":true}]}}