{"id":327,"date":"2016-08-18T22:12:35","date_gmt":"2016-08-18T20:12:35","guid":{"rendered":"http:\/\/www.maisondeaaz.com\/?page_id=327"},"modified":"2016-09-05T11:31:37","modified_gmt":"2016-09-05T08:31:37","slug":"la-construction","status":"publish","type":"page","link":"https:\/\/www.maisondeaaz.com\/tr\/la-construction\/","title":{"rendered":"\u0130n\u015faat"},"content":{"rendered":"<p><div id=\"supsystic-slider-wrapper-6_7073\" class=\"supsystic-slider-wrapper\"> <div class=\"slider-sharing-top\"><\/div> <div id=\"supsystic-slider-6_7073\" class=\"supsystic-slider supsystic-slider-bx\" data-type=\"bx\" data-settings=\"{&quot;general&quot;:{&quot;mode&quot;:&quot;horizontal&quot;,&quot;auto&quot;:&quot;enable&quot;,&quot;slideshowControls&quot;:&quot;disable&quot;,&quot;navigation&quot;:&quot;1&quot;,&quot;captions&quot;:&quot;true&quot;,&quot;speed&quot;:&quot;500&quot;,&quot;easing&quot;:&quot;swing&quot;},&quot;touch&quot;:{&quot;touchEnabled&quot;:&quot;true&quot;,&quot;oneToOne&quot;:&quot;true&quot;,&quot;swipeThreshold&quot;:&quot;55&quot;},&quot;pager&quot;:{&quot;pagerEnabled&quot;:&quot;false&quot;,&quot;pagerType&quot;:&quot;full&quot;},&quot;properties&quot;:{&quot;width&quot;:&quot;800&quot;,&quot;widthType&quot;:&quot;px&quot;,&quot;height&quot;:&quot;400&quot;,&quot;position&quot;:&quot;center&quot;},&quot;caption&quot;:{&quot;color&quot;:&quot;#000000&quot;,&quot;font-size&quot;:&quot;14&quot;,&quot;text-align&quot;:&quot;auto&quot;,&quot;font-family&quot;:&quot;Open Sans&quot;,&quot;background-color-hex&quot;:&quot;#ffffff&quot;,&quot;background-color&quot;:&quot;rgba(255, 255, 255, 1)&quot;,&quot;background-opacity&quot;:&quot;1.0&quot;},&quot;__veditor__&quot;:{&quot;.bx-caption&quot;:{&quot;color&quot;:&quot;#000000&quot;,&quot;font-size&quot;:&quot;14px&quot;,&quot;text-align&quot;:&quot;auto&quot;,&quot;font-family&quot;:&quot;Open Sans&quot;,&quot;background-color&quot;:&quot;rgba(255, 255, 255, 1)&quot;}},&quot;socialSharing&quot;:{&quot;pluginInstalled&quot;:false,&quot;projectsList&quot;:[],&quot;html&quot;:&quot;&quot;}}\" data-thumbs=\"thumbnails-6\" style=\"visibility: hidden; direction: ltr;overflow-x: hidden;\"> <ul style=\"visibility: hidden; margin: 0 !important; \"> <li class=\"slide\" data-id=\"1\"> <img src=\"https:\/\/www.maisondeaaz.com\/wp-content\/uploads\/2016\/09\/a007_10_07_mai2_base-800x400.jpg\" alt=\"\" title=\"\" data-title=\"\"\/> <\/li> <li class=\"slide\" data-id=\"2\"> <img src=\"https:\/\/www.maisondeaaz.com\/wp-content\/uploads\/2016\/09\/a008_06_04_mai4_base-800x400.jpg\" alt=\"\" title=\"\" data-title=\"\"\/> <\/li> <li class=\"slide\" data-id=\"3\"> <img src=\"https:\/\/www.maisondeaaz.com\/wp-content\/uploads\/2016\/09\/a008_07_01_mai_base-800x400.jpg\" alt=\"\" title=\"\" data-title=\"\"\/> <\/li> <li class=\"slide\" data-id=\"4\"> <img src=\"https:\/\/www.maisondeaaz.com\/wp-content\/uploads\/2016\/09\/a008_07_21_mai3_base-800x400.jpg\" alt=\"\" title=\"\" data-title=\"\"\/> <\/li> <li class=\"slide\" data-id=\"5\"> <img src=\"https:\/\/www.maisondeaaz.com\/wp-content\/uploads\/2016\/09\/a008_07_04_mai6_base-800x400.jpg\" alt=\"\" title=\"\" data-title=\"\"\/> <\/li> <li class=\"slide\" data-id=\"6\"> <img src=\"https:\/\/www.maisondeaaz.com\/wp-content\/uploads\/2016\/09\/a008_07_24_mai20_base-800x400.jpg\" alt=\"\" title=\"\" data-title=\"\"\/> <\/li> <li class=\"slide\" data-id=\"7\"> <img src=\"https:\/\/www.maisondeaaz.com\/wp-content\/uploads\/2016\/09\/a008_09_10_mai1_base-800x400.jpg\" alt=\"\" title=\"\" data-title=\"\"\/> <\/li> <li class=\"slide\" data-id=\"8\"> <img src=\"https:\/\/www.maisondeaaz.com\/wp-content\/uploads\/2016\/09\/a008_09_12_mai1_base-800x400.jpg\" alt=\"\" title=\"\" data-title=\"\"\/> <\/li> <li class=\"slide\" data-id=\"9\"> <img src=\"https:\/\/www.maisondeaaz.com\/wp-content\/uploads\/2016\/09\/a008_09_25_mai1_base-800x400.jpg\" alt=\"\" title=\"\" data-title=\"\"\/> <\/li> <li class=\"slide\" data-id=\"10\"> <img src=\"https:\/\/www.maisondeaaz.com\/wp-content\/uploads\/2016\/09\/a008_09_25_mai13_base-800x400.jpg\" alt=\"\" title=\"\" data-title=\"\"\/> <\/li> <li class=\"slide\" data-id=\"11\"> <img src=\"https:\/\/www.maisondeaaz.com\/wp-content\/uploads\/2016\/09\/a008_11_15_mai28_base-800x400.jpg\" alt=\"\" title=\"\" data-title=\"\"\/> <\/li> <li class=\"slide\" data-id=\"12\"> <img src=\"https:\/\/www.maisondeaaz.com\/wp-content\/uploads\/2016\/09\/a008_11_27_mai16_base-800x400.jpg\" alt=\"\" title=\"\" data-title=\"\"\/> <\/li> <li class=\"slide\" data-id=\"13\"> <img src=\"https:\/\/www.maisondeaaz.com\/wp-content\/uploads\/2016\/09\/a008_11_11_mai8_base-800x400.jpg\" alt=\"\" title=\"\" data-title=\"\"\/> <\/li> <li class=\"slide\" data-id=\"14\"> <img src=\"https:\/\/www.maisondeaaz.com\/wp-content\/uploads\/2016\/09\/a008_11_17_mai9_base-800x400.jpg\" alt=\"\" title=\"\" data-title=\"\"\/> <\/li> <li class=\"slide\" data-id=\"15\"> <img src=\"https:\/\/www.maisondeaaz.com\/wp-content\/uploads\/2016\/09\/a008_12_12_mai13_base-800x400.jpg\" alt=\"\" title=\"\" data-title=\"\"\/> <\/li> <\/ul> <\/div> <div id=\"bx-clearfix\" style=\"clear:both;\"><\/div> <ul class=\"thumbnails-6 thumbs\" style=\"visibility: hidden; margin: 0 !important;\"> <li> <img data-index=\"0\" src=\"https:\/\/www.maisondeaaz.com\/wp-content\/uploads\/2016\/09\/a007_10_07_mai2_base-200x133.jpg\" alt=\"Le Terrain\" title=\"\" data-title=\"\" style=\"\" \/> <\/li> <li> <img data-index=\"1\" src=\"https:\/\/www.maisondeaaz.com\/wp-content\/uploads\/2016\/09\/a008_06_04_mai4_base-200x133.jpg\" alt=\"Les Fondations\" title=\"\" data-title=\"\" style=\"\" \/> <\/li> <li> <img data-index=\"2\" src=\"https:\/\/www.maisondeaaz.com\/wp-content\/uploads\/2016\/09\/a008_07_01_mai_base-200x133.jpg\" alt=\"Le Plancher\" title=\"\" data-title=\"\" style=\"\" \/> <\/li> <li> <img data-index=\"3\" src=\"https:\/\/www.maisondeaaz.com\/wp-content\/uploads\/2016\/09\/a008_07_21_mai3_base-200x133.jpg\" alt=\"Le Deuxi\u00e8me \u00c9tage\" title=\"\" data-title=\"\" style=\"\" \/> <\/li> <li> <img data-index=\"4\" src=\"https:\/\/www.maisondeaaz.com\/wp-content\/uploads\/2016\/09\/a008_07_04_mai6_base-200x133.jpg\" alt=\"Le Rez-De-Chauss\u00e9e\" title=\"\" data-title=\"\" style=\"\" \/> <\/li> <li> <img data-index=\"5\" src=\"https:\/\/www.maisondeaaz.com\/wp-content\/uploads\/2016\/09\/a008_07_24_mai20_base-200x133.jpg\" alt=\"La Charpente\" title=\"\" data-title=\"\" style=\"\" \/> <\/li> <li> <img data-index=\"6\" src=\"https:\/\/www.maisondeaaz.com\/wp-content\/uploads\/2016\/09\/a008_09_10_mai1_base-200x133.jpg\" alt=\"Les Toits Terrasses\" title=\"\" data-title=\"\" style=\"\" \/> <\/li> <li> <img data-index=\"7\" src=\"https:\/\/www.maisondeaaz.com\/wp-content\/uploads\/2016\/09\/a008_09_12_mai1_base-200x133.jpg\" alt=\"Le Toit\" title=\"\" data-title=\"\" style=\"\" \/> <\/li> <li> <img data-index=\"8\" src=\"https:\/\/www.maisondeaaz.com\/wp-content\/uploads\/2016\/09\/a008_09_25_mai1_base-200x133.jpg\" alt=\"Les Portes Et Fen\u00eatre\" title=\"\" data-title=\"\" style=\"\" \/> <\/li> <li> <img data-index=\"9\" src=\"https:\/\/www.maisondeaaz.com\/wp-content\/uploads\/2016\/09\/a008_09_25_mai13_base-200x133.jpg\" alt=\"L&#039;\u00e9lectricit\u00e9\" title=\"\" data-title=\"\" style=\"\" \/> <\/li> <li> <img data-index=\"10\" src=\"https:\/\/www.maisondeaaz.com\/wp-content\/uploads\/2016\/09\/a008_11_15_mai28_base-200x133.jpg\" alt=\"Le Placo\" title=\"\" data-title=\"\" style=\"\" \/> <\/li> <li> <img data-index=\"11\" src=\"https:\/\/www.maisondeaaz.com\/wp-content\/uploads\/2016\/09\/a008_11_27_mai16_base-200x133.jpg\" alt=\"Les Sanitaires\" title=\"\" data-title=\"\" style=\"\" \/> <\/li> <li> <img data-index=\"12\" src=\"https:\/\/www.maisondeaaz.com\/wp-content\/uploads\/2016\/09\/a008_11_11_mai8_base-200x133.jpg\" alt=\"L&#039;escalier\" title=\"\" data-title=\"\" style=\"\" \/> <\/li> <li> <img data-index=\"13\" src=\"https:\/\/www.maisondeaaz.com\/wp-content\/uploads\/2016\/09\/a008_11_17_mai9_base-200x133.jpg\" alt=\"La Fa\u00e7ade\" title=\"\" data-title=\"\" style=\"\" \/> <\/li> <li> <img data-index=\"14\" src=\"https:\/\/www.maisondeaaz.com\/wp-content\/uploads\/2016\/09\/a008_12_12_mai13_base-200x133.jpg\" alt=\"Enfin La Construction Finie\" title=\"\" data-title=\"\" style=\"\" \/> <\/li> <\/ul> <div style=\"clear:both;\"><\/div> <div class=\"slider-sharing-bottom\"><\/div> <\/div><br \/>\nArsadan evin anahtarlar\u0131n\u0131 alana kadar, idari k\u0131s\u0131mdan \u015fantiyenin sonuna kadar bir uzun yoculuk .<br \/>\n<\/p>","protected":false},"excerpt":{"rendered":"<p>Arsadan evin anahtarlar\u0131n\u0131 alana kadar, idari k\u0131s\u0131mdan \u015fantiyenin sonuna kadar bir uzun yoculuk .<\/p>\n","protected":false},"author":1,"featured_media":0,"parent":0,"menu_order":0,"comment_status":"closed","ping_status":"closed","template":"","meta":[],"yoast_head":"<!-- This site is optimized with the Yoast SEO plugin v18.9 - https:\/\/yoast.com\/wordpress\/plugins\/seo\/ -->\n<title>\u0130n\u015faat - MaisondeAaZ.com<\/title>\n<meta name=\"robots\" content=\"index, follow, max-snippet:-1, max-image-preview:large, max-video-preview:-1\" \/>\n<link rel=\"canonical\" href=\"http:\/\/www.maisondeaaz.com\/la-construction\/\" \/>\n<meta property=\"og:locale\" content=\"tr_TR\" \/>\n<meta property=\"og:type\" content=\"article\" \/>\n<meta property=\"og:title\" content=\"[:fr]La construction[:tr]\u0130n\u015faat[:] - MaisondeAaZ.com\" \/>\n<meta property=\"og:description\" content=\"Arsadan evin anahtarlar\u0131n\u0131 alana kadar, idari k\u0131s\u0131mdan \u015fantiyenin sonuna kadar bir uzun yoculuk .\" \/>\n<meta property=\"og:url\" content=\"http:\/\/www.maisondeaaz.com\/la-construction\/\" \/>\n<meta property=\"og:site_name\" content=\"MaisondeAaZ.com\" \/>\n<meta property=\"article:modified_time\" content=\"2016-09-05T08:31:37+00:00\" \/>\n<meta name=\"twitter:card\" content=\"summary\" \/>\n<script type=\"application\/ld+json\" class=\"yoast-schema-graph\">{\"@context\":\"https:\/\/schema.org\",\"@graph\":[{\"@type\":\"WebSite\",\"@id\":\"http:\/\/www.maisondeaaz.com\/#website\",\"url\":\"http:\/\/www.maisondeaaz.com\/\",\"name\":\"MaisondeAaZ.com\",\"description\":\"Evimin A dan Z de yap\u0131l\u0131\u015f\u0131\",\"potentialAction\":[{\"@type\":\"SearchAction\",\"target\":{\"@type\":\"EntryPoint\",\"urlTemplate\":\"http:\/\/www.maisondeaaz.com\/?s={search_term_string}\"},\"query-input\":\"required name=search_term_string\"}],\"inLanguage\":\"tr\"},{\"@type\":\"WebPage\",\"@id\":\"http:\/\/www.maisondeaaz.com\/la-construction\/#webpage\",\"url\":\"http:\/\/www.maisondeaaz.com\/la-construction\/\",\"name\":\"[:fr]La construction[:tr]\u0130n\u015faat[:] - MaisondeAaZ.com\",\"isPartOf\":{\"@id\":\"http:\/\/www.maisondeaaz.com\/#website\"},\"datePublished\":\"2016-08-18T20:12:35+00:00\",\"dateModified\":\"2016-09-05T08:31:37+00:00\",\"breadcrumb\":{\"@id\":\"http:\/\/www.maisondeaaz.com\/la-construction\/#breadcrumb\"},\"inLanguage\":\"tr\",\"potentialAction\":[{\"@type\":\"ReadAction\",\"target\":[\"http:\/\/www.maisondeaaz.com\/la-construction\/\"]}]},{\"@type\":\"BreadcrumbList\",\"@id\":\"http:\/\/www.maisondeaaz.com\/la-construction\/#breadcrumb\",\"itemListElement\":[{\"@type\":\"ListItem\",\"position\":1,\"name\":\"Accueil\",\"item\":\"http:\/\/www.maisondeaaz.com\/\"},{\"@type\":\"ListItem\",\"position\":2,\"name\":\"La construction\"}]}]}<\/script>\n<!-- \/ Yoast SEO plugin. -->","yoast_head_json":{"title":"[:fr]La construction[:tr]\u0130n\u015faat[:] - MaisondeAaZ.com","robots":{"index":"index","follow":"follow","max-snippet":"max-snippet:-1","max-image-preview":"max-image-preview:large","max-video-preview":"max-video-preview:-1"},"canonical":"http:\/\/www.maisondeaaz.com\/la-construction\/","og_locale":"tr_TR","og_type":"article","og_title":"[:fr]La construction[:tr]\u0130n\u015faat[:] - MaisondeAaZ.com","og_description":"Arsadan evin anahtarlar\u0131n\u0131 alana kadar, idari k\u0131s\u0131mdan \u015fantiyenin sonuna kadar bir uzun yoculuk .","og_url":"http:\/\/www.maisondeaaz.com\/la-construction\/","og_site_name":"MaisondeAaZ.com","article_modified_time":"2016-09-05T08:31:37+00:00","twitter_card":"summary","schema":{"@context":"https:\/\/schema.org","@graph":[{"@type":"WebSite","@id":"http:\/\/www.maisondeaaz.com\/#website","url":"http:\/\/www.maisondeaaz.com\/","name":"MaisondeAaZ.com","description":"Evimin A dan Z de yap\u0131l\u0131\u015f\u0131","potentialAction":[{"@type":"SearchAction","target":{"@type":"EntryPoint","urlTemplate":"http:\/\/www.maisondeaaz.com\/?s={search_term_string}"},"query-input":"required name=search_term_string"}],"inLanguage":"tr"},{"@type":"WebPage","@id":"http:\/\/www.maisondeaaz.com\/la-construction\/#webpage","url":"http:\/\/www.maisondeaaz.com\/la-construction\/","name":"[:fr]La construction[:tr]\u0130n\u015faat[:] - MaisondeAaZ.com","isPartOf":{"@id":"http:\/\/www.maisondeaaz.com\/#website"},"datePublished":"2016-08-18T20:12:35+00:00","dateModified":"2016-09-05T08:31:37+00:00","breadcrumb":{"@id":"http:\/\/www.maisondeaaz.com\/la-construction\/#breadcrumb"},"inLanguage":"tr","potentialAction":[{"@type":"ReadAction","target":["http:\/\/www.maisondeaaz.com\/la-construction\/"]}]},{"@type":"BreadcrumbList","@id":"http:\/\/www.maisondeaaz.com\/la-construction\/#breadcrumb","itemListElement":[{"@type":"ListItem","position":1,"name":"Accueil","item":"http:\/\/www.maisondeaaz.com\/"},{"@type":"ListItem","position":2,"name":"La construction"}]}]}},"_links":{"self":[{"href":"https:\/\/www.maisondeaaz.com\/tr\/wp-json\/wp\/v2\/pages\/327"}],"collection":[{"href":"https:\/\/www.maisondeaaz.com\/tr\/wp-json\/wp\/v2\/pages"}],"about":[{"href":"https:\/\/www.maisondeaaz.com\/tr\/wp-json\/wp\/v2\/types\/page"}],"author":[{"embeddable":true,"href":"https:\/\/www.maisondeaaz.com\/tr\/wp-json\/wp\/v2\/users\/1"}],"replies":[{"embeddable":true,"href":"https:\/\/www.maisondeaaz.com\/tr\/wp-json\/wp\/v2\/comments?post=327"}],"version-history":[{"count":6,"href":"https:\/\/www.maisondeaaz.com\/tr\/wp-json\/wp\/v2\/pages\/327\/revisions"}],"predecessor-version":[{"id":1582,"href":"https:\/\/www.maisondeaaz.com\/tr\/wp-json\/wp\/v2\/pages\/327\/revisions\/1582"}],"wp:attachment":[{"href":"https:\/\/www.maisondeaaz.com\/tr\/wp-json\/wp\/v2\/media?parent=327"}],"curies":[{"name":"wp","href":"https:\/\/api.w.org\/{rel}","templated":true}]}}