{"id":145,"date":"2016-08-18T12:02:11","date_gmt":"2016-08-18T10:02:11","guid":{"rendered":"http:\/\/www.maisondeaaz.com\/?page_id=145"},"modified":"2016-09-05T16:57:04","modified_gmt":"2016-09-05T13:57:04","slug":"le-plancher","status":"publish","type":"page","link":"https:\/\/www.maisondeaaz.com\/tr\/le-plancher\/","title":{"rendered":"Zemin"},"content":{"rendered":"<p>Zemin \u00fczerine evin temelleri yap\u0131l\u0131yor.<\/p>\n<p>\u00c7ekim Tarihi: 20-06-2008 ve 01-07-2008 aras\u0131nda<\/p>\n<p>\n\t\t<style type=\"text\/css\">\n\t\t\t#gallery-2 {\n\t\t\t\tmargin: auto;\n\t\t\t}\n\t\t\t#gallery-2 .gallery-item {\n\t\t\t\tfloat: left;\n\t\t\t\tmargin-top: 10px;\n\t\t\t\ttext-align: center;\n\t\t\t\twidth: 100%;\n\t\t\t}\n\t\t\t#gallery-2 img {\n\t\t\t\tborder: 2px solid #cfcfcf;\n\t\t\t}\n\t\t\t#gallery-2 .gallery-caption {\n\t\t\t\tmargin-left: 0;\n\t\t\t}\n\t\t\t\/* see gallery_shortcode() in wp-includes\/media.php *\/\n\t\t<\/style>\n\t\t<div id='gallery-2' class='gallery galleryid-145 gallery-columns-1 gallery-size-large'><dl class='gallery-item'>\n\t\t\t<dt class='gallery-icon landscape'>\n\t\t\t\t<a href='https:\/\/www.maisondeaaz.com\/wp-content\/uploads\/2016\/08\/2008-06-11-maison-01.jpg' rel=\"lightbox[145]\"><img width=\"860\" height=\"645\" src=\"https:\/\/www.maisondeaaz.com\/wp-content\/uploads\/2016\/08\/2008-06-11-maison-01.jpg\" class=\"attachment-large size-large\" alt=\"\" decoding=\"async\" loading=\"lazy\" srcset=\"https:\/\/www.maisondeaaz.com\/wp-content\/uploads\/2016\/08\/2008-06-11-maison-01.jpg 1000w, https:\/\/www.maisondeaaz.com\/wp-content\/uploads\/2016\/08\/2008-06-11-maison-01-300x225.jpg 300w, https:\/\/www.maisondeaaz.com\/wp-content\/uploads\/2016\/08\/2008-06-11-maison-01-768x576.jpg 768w\" sizes=\"(max-width: 860px) 100vw, 860px\" \/><\/a>\n\t\t\t<\/dt><\/dl><br style=\"clear: both\" \/><dl class='gallery-item'>\n\t\t\t<dt class='gallery-icon landscape'>\n\t\t\t\t<a href='https:\/\/www.maisondeaaz.com\/wp-content\/uploads\/2016\/08\/2008-06-11-maison-02.jpg' rel=\"lightbox[145]\"><img width=\"860\" height=\"645\" src=\"https:\/\/www.maisondeaaz.com\/wp-content\/uploads\/2016\/08\/2008-06-11-maison-02.jpg\" class=\"attachment-large size-large\" alt=\"\" decoding=\"async\" loading=\"lazy\" srcset=\"https:\/\/www.maisondeaaz.com\/wp-content\/uploads\/2016\/08\/2008-06-11-maison-02.jpg 1000w, https:\/\/www.maisondeaaz.com\/wp-content\/uploads\/2016\/08\/2008-06-11-maison-02-300x225.jpg 300w, https:\/\/www.maisondeaaz.com\/wp-content\/uploads\/2016\/08\/2008-06-11-maison-02-768x576.jpg 768w\" sizes=\"(max-width: 860px) 100vw, 860px\" \/><\/a>\n\t\t\t<\/dt><\/dl><br style=\"clear: both\" \/><dl class='gallery-item'>\n\t\t\t<dt class='gallery-icon landscape'>\n\t\t\t\t<a href='https:\/\/www.maisondeaaz.com\/wp-content\/uploads\/2016\/08\/2008-06-16-maison-01.jpg' rel=\"lightbox[145]\"><img width=\"860\" height=\"645\" src=\"https:\/\/www.maisondeaaz.com\/wp-content\/uploads\/2016\/08\/2008-06-16-maison-01.jpg\" class=\"attachment-large size-large\" alt=\"\" decoding=\"async\" loading=\"lazy\" srcset=\"https:\/\/www.maisondeaaz.com\/wp-content\/uploads\/2016\/08\/2008-06-16-maison-01.jpg 1000w, https:\/\/www.maisondeaaz.com\/wp-content\/uploads\/2016\/08\/2008-06-16-maison-01-300x225.jpg 300w, https:\/\/www.maisondeaaz.com\/wp-content\/uploads\/2016\/08\/2008-06-16-maison-01-768x576.jpg 768w\" sizes=\"(max-width: 860px) 100vw, 860px\" \/><\/a>\n\t\t\t<\/dt><\/dl><br style=\"clear: both\" \/><dl class='gallery-item'>\n\t\t\t<dt class='gallery-icon landscape'>\n\t\t\t\t<a href='https:\/\/www.maisondeaaz.com\/wp-content\/uploads\/2016\/08\/2008-06-16-maison-02.jpg' rel=\"lightbox[145]\"><img width=\"860\" height=\"645\" src=\"https:\/\/www.maisondeaaz.com\/wp-content\/uploads\/2016\/08\/2008-06-16-maison-02.jpg\" class=\"attachment-large size-large\" alt=\"\" decoding=\"async\" loading=\"lazy\" srcset=\"https:\/\/www.maisondeaaz.com\/wp-content\/uploads\/2016\/08\/2008-06-16-maison-02.jpg 1000w, https:\/\/www.maisondeaaz.com\/wp-content\/uploads\/2016\/08\/2008-06-16-maison-02-300x225.jpg 300w, https:\/\/www.maisondeaaz.com\/wp-content\/uploads\/2016\/08\/2008-06-16-maison-02-768x576.jpg 768w\" sizes=\"(max-width: 860px) 100vw, 860px\" \/><\/a>\n\t\t\t<\/dt><\/dl><br style=\"clear: both\" \/><dl class='gallery-item'>\n\t\t\t<dt class='gallery-icon landscape'>\n\t\t\t\t<a href='https:\/\/www.maisondeaaz.com\/wp-content\/uploads\/2016\/08\/2008-06-16-maison-03.jpg' rel=\"lightbox[145]\"><img width=\"860\" height=\"645\" src=\"https:\/\/www.maisondeaaz.com\/wp-content\/uploads\/2016\/08\/2008-06-16-maison-03.jpg\" class=\"attachment-large size-large\" alt=\"\" decoding=\"async\" loading=\"lazy\" srcset=\"https:\/\/www.maisondeaaz.com\/wp-content\/uploads\/2016\/08\/2008-06-16-maison-03.jpg 1000w, https:\/\/www.maisondeaaz.com\/wp-content\/uploads\/2016\/08\/2008-06-16-maison-03-300x225.jpg 300w, https:\/\/www.maisondeaaz.com\/wp-content\/uploads\/2016\/08\/2008-06-16-maison-03-768x576.jpg 768w\" sizes=\"(max-width: 860px) 100vw, 860px\" \/><\/a>\n\t\t\t<\/dt><\/dl><br style=\"clear: both\" \/><dl class='gallery-item'>\n\t\t\t<dt class='gallery-icon landscape'>\n\t\t\t\t<a href='https:\/\/www.maisondeaaz.com\/wp-content\/uploads\/2016\/08\/2008-06-16-maison-04.jpg' rel=\"lightbox[145]\"><img width=\"860\" height=\"645\" src=\"https:\/\/www.maisondeaaz.com\/wp-content\/uploads\/2016\/08\/2008-06-16-maison-04.jpg\" class=\"attachment-large size-large\" alt=\"\" decoding=\"async\" loading=\"lazy\" srcset=\"https:\/\/www.maisondeaaz.com\/wp-content\/uploads\/2016\/08\/2008-06-16-maison-04.jpg 1000w, https:\/\/www.maisondeaaz.com\/wp-content\/uploads\/2016\/08\/2008-06-16-maison-04-300x225.jpg 300w, https:\/\/www.maisondeaaz.com\/wp-content\/uploads\/2016\/08\/2008-06-16-maison-04-768x576.jpg 768w\" sizes=\"(max-width: 860px) 100vw, 860px\" \/><\/a>\n\t\t\t<\/dt><\/dl><br style=\"clear: both\" \/><dl class='gallery-item'>\n\t\t\t<dt class='gallery-icon landscape'>\n\t\t\t\t<a href='https:\/\/www.maisondeaaz.com\/wp-content\/uploads\/2016\/08\/2008-06-16-maison-05.jpg' rel=\"lightbox[145]\"><img width=\"860\" height=\"645\" src=\"https:\/\/www.maisondeaaz.com\/wp-content\/uploads\/2016\/08\/2008-06-16-maison-05.jpg\" class=\"attachment-large size-large\" alt=\"\" decoding=\"async\" loading=\"lazy\" srcset=\"https:\/\/www.maisondeaaz.com\/wp-content\/uploads\/2016\/08\/2008-06-16-maison-05.jpg 1000w, https:\/\/www.maisondeaaz.com\/wp-content\/uploads\/2016\/08\/2008-06-16-maison-05-300x225.jpg 300w, https:\/\/www.maisondeaaz.com\/wp-content\/uploads\/2016\/08\/2008-06-16-maison-05-768x576.jpg 768w\" sizes=\"(max-width: 860px) 100vw, 860px\" \/><\/a>\n\t\t\t<\/dt><\/dl><br style=\"clear: both\" \/><dl class='gallery-item'>\n\t\t\t<dt class='gallery-icon landscape'>\n\t\t\t\t<a href='https:\/\/www.maisondeaaz.com\/wp-content\/uploads\/2016\/08\/DSCF0083.jpg' rel=\"lightbox[145]\"><img width=\"860\" height=\"645\" src=\"https:\/\/www.maisondeaaz.com\/wp-content\/uploads\/2016\/08\/DSCF0083.jpg\" class=\"attachment-large size-large\" alt=\"\" decoding=\"async\" loading=\"lazy\" srcset=\"https:\/\/www.maisondeaaz.com\/wp-content\/uploads\/2016\/08\/DSCF0083.jpg 1000w, https:\/\/www.maisondeaaz.com\/wp-content\/uploads\/2016\/08\/DSCF0083-300x225.jpg 300w, https:\/\/www.maisondeaaz.com\/wp-content\/uploads\/2016\/08\/DSCF0083-768x576.jpg 768w\" sizes=\"(max-width: 860px) 100vw, 860px\" \/><\/a>\n\t\t\t<\/dt><\/dl><br style=\"clear: both\" \/><dl class='gallery-item'>\n\t\t\t<dt class='gallery-icon landscape'>\n\t\t\t\t<a href='https:\/\/www.maisondeaaz.com\/wp-content\/uploads\/2016\/08\/2008-07-01-maison-01.jpg' rel=\"lightbox[145]\"><img width=\"860\" height=\"645\" src=\"https:\/\/www.maisondeaaz.com\/wp-content\/uploads\/2016\/08\/2008-07-01-maison-01.jpg\" class=\"attachment-large size-large\" alt=\"\" decoding=\"async\" loading=\"lazy\" srcset=\"https:\/\/www.maisondeaaz.com\/wp-content\/uploads\/2016\/08\/2008-07-01-maison-01.jpg 1000w, https:\/\/www.maisondeaaz.com\/wp-content\/uploads\/2016\/08\/2008-07-01-maison-01-300x225.jpg 300w, https:\/\/www.maisondeaaz.com\/wp-content\/uploads\/2016\/08\/2008-07-01-maison-01-768x576.jpg 768w\" sizes=\"(max-width: 860px) 100vw, 860px\" \/><\/a>\n\t\t\t<\/dt><\/dl><br style=\"clear: both\" \/><dl class='gallery-item'>\n\t\t\t<dt class='gallery-icon landscape'>\n\t\t\t\t<a href='https:\/\/www.maisondeaaz.com\/wp-content\/uploads\/2016\/08\/2008-07-01-maison-06.jpg' rel=\"lightbox[145]\"><img width=\"860\" height=\"645\" src=\"https:\/\/www.maisondeaaz.com\/wp-content\/uploads\/2016\/08\/2008-07-01-maison-06.jpg\" class=\"attachment-large size-large\" alt=\"\" decoding=\"async\" loading=\"lazy\" srcset=\"https:\/\/www.maisondeaaz.com\/wp-content\/uploads\/2016\/08\/2008-07-01-maison-06.jpg 1000w, https:\/\/www.maisondeaaz.com\/wp-content\/uploads\/2016\/08\/2008-07-01-maison-06-300x225.jpg 300w, https:\/\/www.maisondeaaz.com\/wp-content\/uploads\/2016\/08\/2008-07-01-maison-06-768x576.jpg 768w\" sizes=\"(max-width: 860px) 100vw, 860px\" \/><\/a>\n\t\t\t<\/dt><\/dl><br style=\"clear: both\" \/><dl class='gallery-item'>\n\t\t\t<dt class='gallery-icon landscape'>\n\t\t\t\t<a href='https:\/\/www.maisondeaaz.com\/wp-content\/uploads\/2016\/08\/2008-07-01-maison-05.jpg' rel=\"lightbox[145]\"><img width=\"860\" height=\"645\" src=\"https:\/\/www.maisondeaaz.com\/wp-content\/uploads\/2016\/08\/2008-07-01-maison-05.jpg\" class=\"attachment-large size-large\" alt=\"\" decoding=\"async\" loading=\"lazy\" srcset=\"https:\/\/www.maisondeaaz.com\/wp-content\/uploads\/2016\/08\/2008-07-01-maison-05.jpg 1000w, https:\/\/www.maisondeaaz.com\/wp-content\/uploads\/2016\/08\/2008-07-01-maison-05-300x225.jpg 300w, https:\/\/www.maisondeaaz.com\/wp-content\/uploads\/2016\/08\/2008-07-01-maison-05-768x576.jpg 768w\" sizes=\"(max-width: 860px) 100vw, 860px\" \/><\/a>\n\t\t\t<\/dt><\/dl><br style=\"clear: both\" \/><dl class='gallery-item'>\n\t\t\t<dt class='gallery-icon landscape'>\n\t\t\t\t<a href='https:\/\/www.maisondeaaz.com\/wp-content\/uploads\/2016\/08\/2008-07-01-maison-04.jpg' rel=\"lightbox[145]\"><img width=\"860\" height=\"645\" src=\"https:\/\/www.maisondeaaz.com\/wp-content\/uploads\/2016\/08\/2008-07-01-maison-04.jpg\" class=\"attachment-large size-large\" alt=\"\" decoding=\"async\" loading=\"lazy\" srcset=\"https:\/\/www.maisondeaaz.com\/wp-content\/uploads\/2016\/08\/2008-07-01-maison-04.jpg 1000w, https:\/\/www.maisondeaaz.com\/wp-content\/uploads\/2016\/08\/2008-07-01-maison-04-300x225.jpg 300w, https:\/\/www.maisondeaaz.com\/wp-content\/uploads\/2016\/08\/2008-07-01-maison-04-768x576.jpg 768w\" sizes=\"(max-width: 860px) 100vw, 860px\" \/><\/a>\n\t\t\t<\/dt><\/dl><br style=\"clear: both\" \/><dl class='gallery-item'>\n\t\t\t<dt class='gallery-icon landscape'>\n\t\t\t\t<a href='https:\/\/www.maisondeaaz.com\/wp-content\/uploads\/2016\/08\/2008-07-01-maison-03.jpg' rel=\"lightbox[145]\"><img width=\"860\" height=\"645\" src=\"https:\/\/www.maisondeaaz.com\/wp-content\/uploads\/2016\/08\/2008-07-01-maison-03.jpg\" class=\"attachment-large size-large\" alt=\"\" decoding=\"async\" loading=\"lazy\" srcset=\"https:\/\/www.maisondeaaz.com\/wp-content\/uploads\/2016\/08\/2008-07-01-maison-03.jpg 1000w, https:\/\/www.maisondeaaz.com\/wp-content\/uploads\/2016\/08\/2008-07-01-maison-03-300x225.jpg 300w, https:\/\/www.maisondeaaz.com\/wp-content\/uploads\/2016\/08\/2008-07-01-maison-03-768x576.jpg 768w\" sizes=\"(max-width: 860px) 100vw, 860px\" \/><\/a>\n\t\t\t<\/dt><\/dl><br style=\"clear: both\" \/><dl class='gallery-item'>\n\t\t\t<dt class='gallery-icon landscape'>\n\t\t\t\t<a href='https:\/\/www.maisondeaaz.com\/wp-content\/uploads\/2016\/08\/2008-07-01-maison-02.jpg' rel=\"lightbox[145]\"><img width=\"860\" height=\"645\" src=\"https:\/\/www.maisondeaaz.com\/wp-content\/uploads\/2016\/08\/2008-07-01-maison-02.jpg\" class=\"attachment-large size-large\" alt=\"\" decoding=\"async\" loading=\"lazy\" srcset=\"https:\/\/www.maisondeaaz.com\/wp-content\/uploads\/2016\/08\/2008-07-01-maison-02.jpg 1000w, https:\/\/www.maisondeaaz.com\/wp-content\/uploads\/2016\/08\/2008-07-01-maison-02-300x225.jpg 300w, https:\/\/www.maisondeaaz.com\/wp-content\/uploads\/2016\/08\/2008-07-01-maison-02-768x576.jpg 768w\" sizes=\"(max-width: 860px) 100vw, 860px\" \/><\/a>\n\t\t\t<\/dt><\/dl><br style=\"clear: both\" \/>\n\t\t<\/div>\n<\/p>","protected":false},"excerpt":{"rendered":"<p>Zemin \u00fczerine evin temelleri yap\u0131l\u0131yor. \u00c7ekim Tarihi: 20-06-2008 ve 01-07-2008 aras\u0131nda<\/p>\n","protected":false},"author":1,"featured_media":0,"parent":0,"menu_order":0,"comment_status":"closed","ping_status":"closed","template":"","meta":[],"yoast_head":"<!-- This site is optimized with the Yoast SEO plugin v18.9 - https:\/\/yoast.com\/wordpress\/plugins\/seo\/ -->\n<title>Zemin - MaisondeAaZ.com<\/title>\n<meta name=\"robots\" content=\"index, follow, max-snippet:-1, max-image-preview:large, max-video-preview:-1\" \/>\n<link rel=\"canonical\" href=\"https:\/\/www.maisondeaaz.com\/tr\/le-plancher\/\" \/>\n<meta property=\"og:locale\" content=\"tr_TR\" \/>\n<meta property=\"og:type\" content=\"article\" \/>\n<meta property=\"og:title\" content=\"[:fr]Le plancher[:tr]Zemin[:] - MaisondeAaZ.com\" \/>\n<meta property=\"og:description\" content=\"Zemin \u00fczerine evin temelleri yap\u0131l\u0131yor. \u00c7ekim Tarihi: 20-06-2008 ve 01-07-2008 aras\u0131nda\" \/>\n<meta property=\"og:url\" content=\"https:\/\/www.maisondeaaz.com\/tr\/le-plancher\/\" \/>\n<meta property=\"og:site_name\" content=\"MaisondeAaZ.com\" \/>\n<meta property=\"article:modified_time\" content=\"2016-09-05T13:57:04+00:00\" \/>\n<meta property=\"og:image\" content=\"https:\/\/www.maisondeaaz.com\/wp-content\/uploads\/2016\/08\/2008-06-11-maison-01.jpg\" \/>\n<meta name=\"twitter:card\" content=\"summary\" \/>\n<script type=\"application\/ld+json\" class=\"yoast-schema-graph\">{\"@context\":\"https:\/\/schema.org\",\"@graph\":[{\"@type\":\"WebSite\",\"@id\":\"http:\/\/www.maisondeaaz.com\/#website\",\"url\":\"http:\/\/www.maisondeaaz.com\/\",\"name\":\"MaisondeAaZ.com\",\"description\":\"Evimin A dan Z de yap\u0131l\u0131\u015f\u0131\",\"potentialAction\":[{\"@type\":\"SearchAction\",\"target\":{\"@type\":\"EntryPoint\",\"urlTemplate\":\"http:\/\/www.maisondeaaz.com\/?s={search_term_string}\"},\"query-input\":\"required name=search_term_string\"}],\"inLanguage\":\"tr\"},{\"@type\":\"WebPage\",\"@id\":\"https:\/\/www.maisondeaaz.com\/tr\/le-plancher\/#webpage\",\"url\":\"https:\/\/www.maisondeaaz.com\/tr\/le-plancher\/\",\"name\":\"[:fr]Le plancher[:tr]Zemin[:] - MaisondeAaZ.com\",\"isPartOf\":{\"@id\":\"http:\/\/www.maisondeaaz.com\/#website\"},\"datePublished\":\"2016-08-18T10:02:11+00:00\",\"dateModified\":\"2016-09-05T13:57:04+00:00\",\"breadcrumb\":{\"@id\":\"https:\/\/www.maisondeaaz.com\/tr\/le-plancher\/#breadcrumb\"},\"inLanguage\":\"tr\",\"potentialAction\":[{\"@type\":\"ReadAction\",\"target\":[\"https:\/\/www.maisondeaaz.com\/tr\/le-plancher\/\"]}]},{\"@type\":\"BreadcrumbList\",\"@id\":\"https:\/\/www.maisondeaaz.com\/tr\/le-plancher\/#breadcrumb\",\"itemListElement\":[{\"@type\":\"ListItem\",\"position\":1,\"name\":\"Accueil\",\"item\":\"http:\/\/www.maisondeaaz.com\/\"},{\"@type\":\"ListItem\",\"position\":2,\"name\":\"Zemin\"}]}]}<\/script>\n<!-- \/ Yoast SEO plugin. -->","yoast_head_json":{"title":"[:fr]Le plancher[:tr]Zemin[:] - MaisondeAaZ.com","robots":{"index":"index","follow":"follow","max-snippet":"max-snippet:-1","max-image-preview":"max-image-preview:large","max-video-preview":"max-video-preview:-1"},"canonical":"https:\/\/www.maisondeaaz.com\/tr\/le-plancher\/","og_locale":"tr_TR","og_type":"article","og_title":"[:fr]Le plancher[:tr]Zemin[:] - MaisondeAaZ.com","og_description":"Zemin \u00fczerine evin temelleri yap\u0131l\u0131yor. \u00c7ekim Tarihi: 20-06-2008 ve 01-07-2008 aras\u0131nda","og_url":"https:\/\/www.maisondeaaz.com\/tr\/le-plancher\/","og_site_name":"MaisondeAaZ.com","article_modified_time":"2016-09-05T13:57:04+00:00","og_image":[{"url":"https:\/\/www.maisondeaaz.com\/wp-content\/uploads\/2016\/08\/2008-06-11-maison-01.jpg"}],"twitter_card":"summary","schema":{"@context":"https:\/\/schema.org","@graph":[{"@type":"WebSite","@id":"http:\/\/www.maisondeaaz.com\/#website","url":"http:\/\/www.maisondeaaz.com\/","name":"MaisondeAaZ.com","description":"Evimin A dan Z de yap\u0131l\u0131\u015f\u0131","potentialAction":[{"@type":"SearchAction","target":{"@type":"EntryPoint","urlTemplate":"http:\/\/www.maisondeaaz.com\/?s={search_term_string}"},"query-input":"required name=search_term_string"}],"inLanguage":"tr"},{"@type":"WebPage","@id":"https:\/\/www.maisondeaaz.com\/tr\/le-plancher\/#webpage","url":"https:\/\/www.maisondeaaz.com\/tr\/le-plancher\/","name":"[:fr]Le plancher[:tr]Zemin[:] - MaisondeAaZ.com","isPartOf":{"@id":"http:\/\/www.maisondeaaz.com\/#website"},"datePublished":"2016-08-18T10:02:11+00:00","dateModified":"2016-09-05T13:57:04+00:00","breadcrumb":{"@id":"https:\/\/www.maisondeaaz.com\/tr\/le-plancher\/#breadcrumb"},"inLanguage":"tr","potentialAction":[{"@type":"ReadAction","target":["https:\/\/www.maisondeaaz.com\/tr\/le-plancher\/"]}]},{"@type":"BreadcrumbList","@id":"https:\/\/www.maisondeaaz.com\/tr\/le-plancher\/#breadcrumb","itemListElement":[{"@type":"ListItem","position":1,"name":"Accueil","item":"http:\/\/www.maisondeaaz.com\/"},{"@type":"ListItem","position":2,"name":"Zemin"}]}]}},"_links":{"self":[{"href":"https:\/\/www.maisondeaaz.com\/tr\/wp-json\/wp\/v2\/pages\/145"}],"collection":[{"href":"https:\/\/www.maisondeaaz.com\/tr\/wp-json\/wp\/v2\/pages"}],"about":[{"href":"https:\/\/www.maisondeaaz.com\/tr\/wp-json\/wp\/v2\/types\/page"}],"author":[{"embeddable":true,"href":"https:\/\/www.maisondeaaz.com\/tr\/wp-json\/wp\/v2\/users\/1"}],"replies":[{"embeddable":true,"href":"https:\/\/www.maisondeaaz.com\/tr\/wp-json\/wp\/v2\/comments?post=145"}],"version-history":[{"count":7,"href":"https:\/\/www.maisondeaaz.com\/tr\/wp-json\/wp\/v2\/pages\/145\/revisions"}],"predecessor-version":[{"id":1590,"href":"https:\/\/www.maisondeaaz.com\/tr\/wp-json\/wp\/v2\/pages\/145\/revisions\/1590"}],"wp:attachment":[{"href":"https:\/\/www.maisondeaaz.com\/tr\/wp-json\/wp\/v2\/media?parent=145"}],"curies":[{"name":"wp","href":"https:\/\/api.w.org\/{rel}","templated":true}]}}