{"id":1397,"date":"2016-08-22T21:20:04","date_gmt":"2016-08-22T19:20:04","guid":{"rendered":"http:\/\/www.maisondeaaz.com\/?page_id=1397"},"modified":"2016-09-08T10:45:23","modified_gmt":"2016-09-08T07:45:23","slug":"les-plantes-dinterieur","status":"publish","type":"page","link":"https:\/\/www.maisondeaaz.com\/tr\/les-plantes-dinterieur\/","title":{"rendered":"Saks\u0131 \u00c7i\u00e7ekleri"},"content":{"rendered":"<p>Evin i\u00e7ine bir canland\u0131rma getiren \u00e7i\u00e7ekleri eksik etmeyin, duvarda, masa \u00fczerinde veya yerde. \u00f6zel \u00e7i\u00e7ek se\u00e7in, kar\u0131\u015f\u0131k \u00e7e\u015fitlerle haz\u0131rlay\u0131n, saks\u0131s\u0131 orijinal olsun, \u00e7ok g\u00f6steri\u015f verir ve modern eder evinizi.<br \/>\n<div id=\"supsystic-slider-wrapper-4_82698\" class=\"supsystic-slider-wrapper\"> <div class=\"slider-sharing-top\"><\/div> <div id=\"supsystic-slider-4_82698\" class=\"supsystic-slider supsystic-slider-bx\" data-type=\"bx\" data-settings=\"{&quot;general&quot;:{&quot;mode&quot;:&quot;horizontal&quot;,&quot;auto&quot;:&quot;enable&quot;,&quot;slideshowControls&quot;:&quot;disable&quot;,&quot;navigation&quot;:&quot;1&quot;,&quot;captions&quot;:&quot;true&quot;,&quot;speed&quot;:&quot;500&quot;,&quot;easing&quot;:&quot;swing&quot;},&quot;touch&quot;:{&quot;touchEnabled&quot;:&quot;true&quot;,&quot;oneToOne&quot;:&quot;true&quot;,&quot;swipeThreshold&quot;:&quot;55&quot;},&quot;pager&quot;:{&quot;pagerEnabled&quot;:&quot;false&quot;,&quot;pagerType&quot;:&quot;full&quot;},&quot;properties&quot;:{&quot;width&quot;:&quot;800&quot;,&quot;widthType&quot;:&quot;px&quot;,&quot;height&quot;:&quot;600&quot;,&quot;position&quot;:&quot;center&quot;},&quot;caption&quot;:{&quot;color&quot;:&quot;#000000&quot;,&quot;font-size&quot;:&quot;14&quot;,&quot;text-align&quot;:&quot;auto&quot;,&quot;font-family&quot;:&quot;Open Sans&quot;,&quot;background-color-hex&quot;:&quot;#ffffff&quot;,&quot;background-color&quot;:&quot;rgba(255, 255, 255, 1)&quot;,&quot;background-opacity&quot;:&quot;1.0&quot;},&quot;__veditor__&quot;:{&quot;.bx-caption&quot;:{&quot;color&quot;:&quot;#000000&quot;,&quot;font-size&quot;:&quot;14px&quot;,&quot;text-align&quot;:&quot;auto&quot;,&quot;font-family&quot;:&quot;Open Sans&quot;,&quot;background-color&quot;:&quot;rgba(255, 255, 255, 1)&quot;}},&quot;socialSharing&quot;:{&quot;pluginInstalled&quot;:false,&quot;projectsList&quot;:[],&quot;html&quot;:&quot;&quot;}}\" data-thumbs=\"thumbnails-4\" style=\"visibility: hidden; direction: ltr;overflow-x: hidden;\"> <ul style=\"visibility: hidden; margin: 0 !important; \"> <li class=\"slide\" data-id=\"1\"> <img src=\"http:\/\/www.maisondeaaz.com\/wp-content\/uploads\/2016\/08\/P1170440-800x600.jpg\" alt=\"\" title=\"\" data-title=\"\"\/> <\/li> <li class=\"slide\" data-id=\"2\"> <img src=\"http:\/\/www.maisondeaaz.com\/wp-content\/uploads\/2016\/08\/P1170436-800x600.jpg\" alt=\"\" title=\"\" data-title=\"\"\/> <\/li> <li class=\"slide\" data-id=\"3\"> <img src=\"http:\/\/www.maisondeaaz.com\/wp-content\/uploads\/2016\/08\/P1170430-800x600.jpg\" alt=\"\" title=\"\" data-title=\"\"\/> <\/li> <li class=\"slide\" data-id=\"4\"> <img src=\"http:\/\/www.maisondeaaz.com\/wp-content\/uploads\/2016\/08\/P1170425-800x600.jpg\" alt=\"\" title=\"\" data-title=\"\"\/> <\/li> <li class=\"slide\" data-id=\"5\"> <img src=\"http:\/\/www.maisondeaaz.com\/wp-content\/uploads\/2016\/08\/P1170434-800x600.jpg\" alt=\"\" title=\"\" data-title=\"\"\/> <\/li> <li class=\"slide\" data-id=\"6\"> <img src=\"http:\/\/www.maisondeaaz.com\/wp-content\/uploads\/2016\/08\/P1170428-800x600.jpg\" alt=\"\" title=\"\" data-title=\"\"\/> <\/li> <li class=\"slide\" data-id=\"7\"> <img src=\"http:\/\/www.maisondeaaz.com\/wp-content\/uploads\/2016\/08\/P1170429-800x600.jpg\" alt=\"\" title=\"\" data-title=\"\"\/> <\/li> <li class=\"slide\" data-id=\"8\"> <img src=\"http:\/\/www.maisondeaaz.com\/wp-content\/uploads\/2016\/08\/P1110937-800x600.jpg\" alt=\"\" title=\"\" data-title=\"\"\/> <\/li> <li class=\"slide\" data-id=\"9\"> <img src=\"http:\/\/www.maisondeaaz.com\/wp-content\/uploads\/2016\/08\/P1110930-800x600.jpg\" alt=\"\" title=\"\" data-title=\"\"\/> <\/li> <li class=\"slide\" data-id=\"10\"> <img src=\"http:\/\/www.maisondeaaz.com\/wp-content\/uploads\/2016\/08\/P1110926-800x600.jpg\" alt=\"\" title=\"\" data-title=\"\"\/> <\/li> <li class=\"slide\" data-id=\"11\"> <img src=\"http:\/\/www.maisondeaaz.com\/wp-content\/uploads\/2016\/08\/P1110924--800x600.jpg\" alt=\"\" title=\"\" data-title=\"\"\/> <\/li> <li class=\"slide\" data-id=\"12\"> <img src=\"http:\/\/www.maisondeaaz.com\/wp-content\/uploads\/2016\/08\/P1110921-800x600.jpg\" alt=\"\" title=\"\" data-title=\"\"\/> <\/li> <li class=\"slide\" data-id=\"13\"> <img src=\"http:\/\/www.maisondeaaz.com\/wp-content\/uploads\/2016\/08\/P1110922-800x600.jpg\" alt=\"\" title=\"\" data-title=\"\"\/> <\/li> <li class=\"slide\" data-id=\"14\"> <img src=\"http:\/\/www.maisondeaaz.com\/wp-content\/uploads\/2016\/08\/P1110919-800x600.jpg\" alt=\"\" title=\"\" data-title=\"\"\/> <\/li> <li class=\"slide\" data-id=\"15\"> <img src=\"http:\/\/www.maisondeaaz.com\/wp-content\/uploads\/2016\/08\/P1110920-800x600.jpg\" alt=\"\" title=\"\" data-title=\"\"\/> <\/li> <li class=\"slide\" data-id=\"16\"> <img src=\"http:\/\/www.maisondeaaz.com\/wp-content\/uploads\/2016\/08\/P1110918-800x600.jpg\" alt=\"\" title=\"\" data-title=\"\"\/> <\/li> <li class=\"slide\" data-id=\"17\"> <img src=\"http:\/\/www.maisondeaaz.com\/wp-content\/uploads\/2016\/08\/P1100719-800x600.jpg\" alt=\"\" title=\"\" data-title=\"\"\/> <\/li> <li class=\"slide\" data-id=\"18\"> <img src=\"http:\/\/www.maisondeaaz.com\/wp-content\/uploads\/2016\/08\/P1100667-800x600.jpg\" alt=\"\" title=\"\" data-title=\"\"\/> <\/li> <li class=\"slide\" data-id=\"19\"> <img src=\"http:\/\/www.maisondeaaz.com\/wp-content\/uploads\/2016\/08\/P1090517-800x600.jpg\" alt=\"\" title=\"\" data-title=\"\"\/> <\/li> <li class=\"slide\" data-id=\"20\"> <img src=\"http:\/\/www.maisondeaaz.com\/wp-content\/uploads\/2016\/08\/P1090515-800x600.jpg\" alt=\"\" title=\"\" data-title=\"\"\/> <\/li> <li class=\"slide\" data-id=\"21\"> <img src=\"http:\/\/www.maisondeaaz.com\/wp-content\/uploads\/2016\/08\/P1080793-800x600.jpg\" alt=\"\" title=\"\" data-title=\"\"\/> <\/li> <li class=\"slide\" data-id=\"22\"> <img src=\"http:\/\/www.maisondeaaz.com\/wp-content\/uploads\/2016\/08\/P1080792-800x600.jpg\" alt=\"\" title=\"\" data-title=\"\"\/> <\/li> <li class=\"slide\" data-id=\"23\"> <img src=\"http:\/\/www.maisondeaaz.com\/wp-content\/uploads\/2016\/08\/P1080794-800x600.jpg\" alt=\"\" title=\"\" data-title=\"\"\/> <\/li> <li class=\"slide\" data-id=\"24\"> <img src=\"http:\/\/www.maisondeaaz.com\/wp-content\/uploads\/2016\/08\/P1080791-800x600.jpg\" alt=\"\" title=\"\" data-title=\"\"\/> <\/li> <li class=\"slide\" data-id=\"25\"> <img src=\"http:\/\/www.maisondeaaz.com\/wp-content\/uploads\/2016\/08\/P1080790-800x600.jpg\" alt=\"\" title=\"\" data-title=\"\"\/> <\/li> <li class=\"slide\" data-id=\"26\"> <img src=\"http:\/\/www.maisondeaaz.com\/wp-content\/uploads\/2016\/08\/P1080787-800x600.jpg\" alt=\"\" title=\"\" data-title=\"\"\/> <\/li> <li class=\"slide\" data-id=\"27\"> <img src=\"http:\/\/www.maisondeaaz.com\/wp-content\/uploads\/2016\/08\/P1080786-800x600.jpg\" alt=\"\" title=\"\" data-title=\"\"\/> <\/li> <li class=\"slide\" data-id=\"28\"> <img src=\"http:\/\/www.maisondeaaz.com\/wp-content\/uploads\/2016\/08\/P1080789-800x600.jpg\" alt=\"\" title=\"\" data-title=\"\"\/> <\/li> <li class=\"slide\" data-id=\"29\"> <img src=\"http:\/\/www.maisondeaaz.com\/wp-content\/uploads\/2016\/08\/P1080788-800x600.jpg\" alt=\"\" title=\"\" data-title=\"\"\/> <\/li> <li class=\"slide\" data-id=\"30\"> <img src=\"http:\/\/www.maisondeaaz.com\/wp-content\/uploads\/2016\/08\/P1080785-800x600.jpg\" alt=\"\" title=\"\" data-title=\"\"\/> <\/li> <li class=\"slide\" data-id=\"31\"> <img src=\"http:\/\/www.maisondeaaz.com\/wp-content\/uploads\/2016\/08\/P1070976-800x600.jpg\" alt=\"\" title=\"\" data-title=\"\"\/> <\/li> <li class=\"slide\" data-id=\"32\"> <img src=\"http:\/\/www.maisondeaaz.com\/wp-content\/uploads\/2016\/08\/P1040992-800x600.jpg\" alt=\"\" title=\"\" data-title=\"\"\/> <\/li> <li class=\"slide\" data-id=\"33\"> <img src=\"http:\/\/www.maisondeaaz.com\/wp-content\/uploads\/2016\/08\/P1040985-800x600.jpg\" alt=\"\" title=\"\" data-title=\"\"\/> <\/li> <li class=\"slide\" data-id=\"34\"> <img src=\"http:\/\/www.maisondeaaz.com\/wp-content\/uploads\/2016\/08\/P1040991-800x600.jpg\" alt=\"\" title=\"\" data-title=\"\"\/> <\/li> <li class=\"slide\" data-id=\"35\"> <img src=\"http:\/\/www.maisondeaaz.com\/wp-content\/uploads\/2016\/08\/P1040989-800x600.jpg\" alt=\"\" title=\"\" data-title=\"\"\/> <\/li> <li class=\"slide\" data-id=\"36\"> <img src=\"http:\/\/www.maisondeaaz.com\/wp-content\/uploads\/2016\/08\/P1020973-800x600.jpg\" alt=\"\" title=\"\" data-title=\"\"\/> <\/li> <\/ul> <\/div> <div id=\"bx-clearfix\" style=\"clear:both;\"><\/div> <ul class=\"thumbnails-4 thumbs\" style=\"visibility: hidden; margin: 0 !important;\"> <li> <img data-index=\"0\" src=\"http:\/\/www.maisondeaaz.com\/wp-content\/uploads\/2016\/08\/P1170440-200x200.jpg\" alt=\"Plantes D&#039;int\u00e9rieur\" title=\"\" data-title=\"\" style=\"\" \/> <\/li> <li> <img data-index=\"1\" src=\"http:\/\/www.maisondeaaz.com\/wp-content\/uploads\/2016\/08\/P1170436-200x200.jpg\" alt=\"Youka\" title=\"\" data-title=\"\" style=\"\" \/> <\/li> <li> <img data-index=\"2\" src=\"http:\/\/www.maisondeaaz.com\/wp-content\/uploads\/2016\/08\/P1170430-200x200.jpg\" alt=\"Plantes\" title=\"\" data-title=\"\" style=\"\" \/> <\/li> <li> <img data-index=\"3\" src=\"http:\/\/www.maisondeaaz.com\/wp-content\/uploads\/2016\/08\/P1170425-200x200.jpg\" alt=\"Cactus\" title=\"\" data-title=\"\" style=\"\" \/> <\/li> <li> <img data-index=\"4\" src=\"http:\/\/www.maisondeaaz.com\/wp-content\/uploads\/2016\/08\/P1170434-200x200.jpg\" alt=\"Plantes\" title=\"\" data-title=\"\" style=\"\" \/> <\/li> <li> <img data-index=\"5\" src=\"http:\/\/www.maisondeaaz.com\/wp-content\/uploads\/2016\/08\/P1170428-200x200.jpg\" alt=\"Sansevieria Mikado\" title=\"\" data-title=\"\" style=\"\" \/> <\/li> <li> <img data-index=\"6\" src=\"http:\/\/www.maisondeaaz.com\/wp-content\/uploads\/2016\/08\/P1170429-200x200.jpg\" alt=\"La Plante Araign\u00e9e\" title=\"\" data-title=\"\" style=\"\" \/> <\/li> <li> <img data-index=\"7\" src=\"http:\/\/www.maisondeaaz.com\/wp-content\/uploads\/2016\/08\/P1110937-200x200.jpg\" alt=\"Sansevieria Mikado\" title=\"\" data-title=\"\" style=\"\" \/> <\/li> <li> <img data-index=\"8\" src=\"http:\/\/www.maisondeaaz.com\/wp-content\/uploads\/2016\/08\/P1110930-200x200.jpg\" alt=\"Plante Grasses\" title=\"\" data-title=\"\" style=\"\" \/> <\/li> <li> <img data-index=\"9\" src=\"http:\/\/www.maisondeaaz.com\/wp-content\/uploads\/2016\/08\/P1110926-200x200.jpg\" alt=\"Cactus\" title=\"\" data-title=\"\" style=\"\" \/> <\/li> <li> <img data-index=\"10\" src=\"http:\/\/www.maisondeaaz.com\/wp-content\/uploads\/2016\/08\/P1110924--200x200.jpg\" alt=\"Ficus Ginseng Bonsa\u00ef\" title=\"\" data-title=\"\" style=\"\" \/> <\/li> <li> <img data-index=\"11\" src=\"http:\/\/www.maisondeaaz.com\/wp-content\/uploads\/2016\/08\/P1110921-200x200.jpg\" alt=\"Ficus Ginseng Bonsa\u00ef\" title=\"\" data-title=\"\" style=\"\" \/> <\/li> <li> <img data-index=\"12\" src=\"http:\/\/www.maisondeaaz.com\/wp-content\/uploads\/2016\/08\/P1110922-200x200.jpg\" alt=\"Ficus Ginseng Bonsa\u00ef\" title=\"\" data-title=\"\" style=\"\" \/> <\/li> <li> <img data-index=\"13\" src=\"http:\/\/www.maisondeaaz.com\/wp-content\/uploads\/2016\/08\/P1110919-200x200.jpg\" alt=\"Areca\" title=\"\" data-title=\"\" style=\"\" \/> <\/li> <li> <img data-index=\"14\" src=\"http:\/\/www.maisondeaaz.com\/wp-content\/uploads\/2016\/08\/P1110920-200x200.jpg\" alt=\"Ficus Ginseng Bonsa\u00ef\" title=\"\" data-title=\"\" style=\"\" \/> <\/li> <li> <img data-index=\"15\" src=\"http:\/\/www.maisondeaaz.com\/wp-content\/uploads\/2016\/08\/P1110918-200x200.jpg\" alt=\"Ficus Ginseng Bonsa\u00ef\" title=\"\" data-title=\"\" style=\"\" \/> <\/li> <li> <img data-index=\"16\" src=\"http:\/\/www.maisondeaaz.com\/wp-content\/uploads\/2016\/08\/P1100719-200x200.jpg\" alt=\"Sansevieria Mikado\" title=\"\" data-title=\"\" style=\"\" \/> <\/li> <li> <img data-index=\"17\" src=\"http:\/\/www.maisondeaaz.com\/wp-content\/uploads\/2016\/08\/P1100667-200x200.jpg\" alt=\"Ficus Ginseng Bonsa\u00ef\" title=\"\" data-title=\"\" style=\"\" \/> <\/li> <li> <img data-index=\"18\" src=\"http:\/\/www.maisondeaaz.com\/wp-content\/uploads\/2016\/08\/P1090517-200x200.jpg\" alt=\"Areca\" title=\"\" data-title=\"\" style=\"\" \/> <\/li> <li> <img data-index=\"19\" src=\"http:\/\/www.maisondeaaz.com\/wp-content\/uploads\/2016\/08\/P1090515-200x200.jpg\" alt=\"Ficus Ginseng Bonsa\u00ef\" title=\"\" data-title=\"\" style=\"\" \/> <\/li> <li> <img data-index=\"20\" src=\"http:\/\/www.maisondeaaz.com\/wp-content\/uploads\/2016\/08\/P1080793-200x200.jpg\" alt=\"Opuntia Subulata\" title=\"\" data-title=\"\" style=\"\" \/> <\/li> <li> <img data-index=\"21\" src=\"http:\/\/www.maisondeaaz.com\/wp-content\/uploads\/2016\/08\/P1080792-200x200.jpg\" alt=\"P1080792\" title=\"\" data-title=\"\" style=\"\" \/> <\/li> <li> <img data-index=\"22\" src=\"http:\/\/www.maisondeaaz.com\/wp-content\/uploads\/2016\/08\/P1080794-200x200.jpg\" alt=\"Sansevieria Mikado\" title=\"\" data-title=\"\" style=\"\" \/> <\/li> <li> <img data-index=\"23\" src=\"http:\/\/www.maisondeaaz.com\/wp-content\/uploads\/2016\/08\/P1080791-200x200.jpg\" alt=\"Plantes D&#039;int\u00e9rieur\" title=\"\" data-title=\"\" style=\"\" \/> <\/li> <li> <img data-index=\"24\" src=\"http:\/\/www.maisondeaaz.com\/wp-content\/uploads\/2016\/08\/P1080790-200x200.jpg\" alt=\"Cactus Opuntia Subulata\" title=\"\" data-title=\"\" style=\"\" \/> <\/li> <li> <img data-index=\"25\" src=\"http:\/\/www.maisondeaaz.com\/wp-content\/uploads\/2016\/08\/P1080787-200x200.jpg\" alt=\"Cactus\" title=\"\" data-title=\"\" style=\"\" \/> <\/li> <li> <img data-index=\"26\" src=\"http:\/\/www.maisondeaaz.com\/wp-content\/uploads\/2016\/08\/P1080786-200x200.jpg\" alt=\"Sansevieria Mikado\" title=\"\" data-title=\"\" style=\"\" \/> <\/li> <li> <img data-index=\"27\" src=\"http:\/\/www.maisondeaaz.com\/wp-content\/uploads\/2016\/08\/P1080789-200x200.jpg\" alt=\"Cactus\" title=\"\" data-title=\"\" style=\"\" \/> <\/li> <li> <img data-index=\"28\" src=\"http:\/\/www.maisondeaaz.com\/wp-content\/uploads\/2016\/08\/P1080788-200x200.jpg\" alt=\"Sansevieria Mikado\" title=\"\" data-title=\"\" style=\"\" \/> <\/li> <li> <img data-index=\"29\" src=\"http:\/\/www.maisondeaaz.com\/wp-content\/uploads\/2016\/08\/P1080785-200x200.jpg\" alt=\"Sansevieria Mikado\" title=\"\" data-title=\"\" style=\"\" \/> <\/li> <li> <img data-index=\"30\" src=\"http:\/\/www.maisondeaaz.com\/wp-content\/uploads\/2016\/08\/P1070976-200x200.jpg\" alt=\"Alocasia, Sansevieria Mikado\" title=\"\" data-title=\"\" style=\"\" \/> <\/li> <li> <img data-index=\"31\" src=\"http:\/\/www.maisondeaaz.com\/wp-content\/uploads\/2016\/08\/P1040992-200x200.jpg\" alt=\"Alocasia, Sansevieria Mikado\" title=\"\" data-title=\"\" style=\"\" \/> <\/li> <li> <img data-index=\"32\" src=\"http:\/\/www.maisondeaaz.com\/wp-content\/uploads\/2016\/08\/P1040985-200x200.jpg\" alt=\"Ficus Ginseng Bonsa\u00ef\" title=\"\" data-title=\"\" style=\"\" \/> <\/li> <li> <img data-index=\"33\" src=\"http:\/\/www.maisondeaaz.com\/wp-content\/uploads\/2016\/08\/P1040991-200x200.jpg\" alt=\"Cactus, Foug\u00e8res\" title=\"\" data-title=\"\" style=\"\" \/> <\/li> <li> <img data-index=\"34\" src=\"http:\/\/www.maisondeaaz.com\/wp-content\/uploads\/2016\/08\/P1040989-200x200.jpg\" alt=\"Pachira, Plante Grasse\" title=\"\" data-title=\"\" style=\"\" \/> <\/li> <li> <img data-index=\"35\" src=\"http:\/\/www.maisondeaaz.com\/wp-content\/uploads\/2016\/08\/P1020973-200x200.jpg\" alt=\"Plantes Vertes\" title=\"\" data-title=\"\" style=\"\" \/> <\/li> <\/ul> <div style=\"clear:both;\"><\/div> <div class=\"slider-sharing-bottom\"><\/div> <\/div><\/p>","protected":false},"excerpt":{"rendered":"<p>Evin i\u00e7ine bir canland\u0131rma getiren \u00e7i\u00e7ekleri eksik etmeyin, duvarda, masa \u00fczerinde veya yerde. \u00f6zel \u00e7i\u00e7ek se\u00e7in, kar\u0131\u015f\u0131k \u00e7e\u015fitlerle haz\u0131rlay\u0131n, saks\u0131s\u0131 orijinal olsun, \u00e7ok g\u00f6steri\u015f verir ve modern eder evinizi.<\/p>\n","protected":false},"author":1,"featured_media":0,"parent":0,"menu_order":0,"comment_status":"closed","ping_status":"closed","template":"","meta":[],"yoast_head":"<!-- This site is optimized with the Yoast SEO plugin v18.9 - https:\/\/yoast.com\/wordpress\/plugins\/seo\/ -->\n<title>Saks\u0131 \u00c7i\u00e7ekleri - MaisondeAaZ.com<\/title>\n<meta name=\"robots\" content=\"index, follow, max-snippet:-1, max-image-preview:large, max-video-preview:-1\" \/>\n<link rel=\"canonical\" href=\"https:\/\/www.maisondeaaz.com\/les-plantes-dinterieur\/\" \/>\n<meta property=\"og:locale\" content=\"tr_TR\" \/>\n<meta property=\"og:type\" content=\"article\" \/>\n<meta property=\"og:title\" content=\"[:fr]Les plantes d&#039;int\u00e9rieur[:tr]Saks\u0131 \u00c7i\u00e7ekleri[:] - MaisondeAaZ.com\" \/>\n<meta property=\"og:description\" content=\"Evin i\u00e7ine bir canland\u0131rma getiren \u00e7i\u00e7ekleri eksik etmeyin, duvarda, masa \u00fczerinde veya yerde. \u00f6zel \u00e7i\u00e7ek se\u00e7in, kar\u0131\u015f\u0131k \u00e7e\u015fitlerle haz\u0131rlay\u0131n, saks\u0131s\u0131 orijinal olsun, \u00e7ok g\u00f6steri\u015f verir ve modern eder evinizi.\" \/>\n<meta property=\"og:url\" content=\"https:\/\/www.maisondeaaz.com\/les-plantes-dinterieur\/\" \/>\n<meta property=\"og:site_name\" content=\"MaisondeAaZ.com\" \/>\n<meta property=\"article:modified_time\" content=\"2016-09-08T07:45:23+00:00\" \/>\n<meta name=\"twitter:card\" content=\"summary\" \/>\n<script type=\"application\/ld+json\" class=\"yoast-schema-graph\">{\"@context\":\"https:\/\/schema.org\",\"@graph\":[{\"@type\":\"WebSite\",\"@id\":\"http:\/\/www.maisondeaaz.com\/#website\",\"url\":\"http:\/\/www.maisondeaaz.com\/\",\"name\":\"MaisondeAaZ.com\",\"description\":\"Evimin A dan Z de yap\u0131l\u0131\u015f\u0131\",\"potentialAction\":[{\"@type\":\"SearchAction\",\"target\":{\"@type\":\"EntryPoint\",\"urlTemplate\":\"http:\/\/www.maisondeaaz.com\/?s={search_term_string}\"},\"query-input\":\"required name=search_term_string\"}],\"inLanguage\":\"tr\"},{\"@type\":\"WebPage\",\"@id\":\"https:\/\/www.maisondeaaz.com\/les-plantes-dinterieur\/#webpage\",\"url\":\"https:\/\/www.maisondeaaz.com\/les-plantes-dinterieur\/\",\"name\":\"[:fr]Les plantes d'int\u00e9rieur[:tr]Saks\u0131 \u00c7i\u00e7ekleri[:] - MaisondeAaZ.com\",\"isPartOf\":{\"@id\":\"http:\/\/www.maisondeaaz.com\/#website\"},\"datePublished\":\"2016-08-22T19:20:04+00:00\",\"dateModified\":\"2016-09-08T07:45:23+00:00\",\"breadcrumb\":{\"@id\":\"https:\/\/www.maisondeaaz.com\/les-plantes-dinterieur\/#breadcrumb\"},\"inLanguage\":\"tr\",\"potentialAction\":[{\"@type\":\"ReadAction\",\"target\":[\"https:\/\/www.maisondeaaz.com\/les-plantes-dinterieur\/\"]}]},{\"@type\":\"BreadcrumbList\",\"@id\":\"https:\/\/www.maisondeaaz.com\/les-plantes-dinterieur\/#breadcrumb\",\"itemListElement\":[{\"@type\":\"ListItem\",\"position\":1,\"name\":\"Accueil\",\"item\":\"http:\/\/www.maisondeaaz.com\/\"},{\"@type\":\"ListItem\",\"position\":2,\"name\":\"Les plantes d&rsquo;int\u00e9rieur\"}]}]}<\/script>\n<!-- \/ Yoast SEO plugin. -->","yoast_head_json":{"title":"[:fr]Les plantes d'int\u00e9rieur[:tr]Saks\u0131 \u00c7i\u00e7ekleri[:] - MaisondeAaZ.com","robots":{"index":"index","follow":"follow","max-snippet":"max-snippet:-1","max-image-preview":"max-image-preview:large","max-video-preview":"max-video-preview:-1"},"canonical":"https:\/\/www.maisondeaaz.com\/les-plantes-dinterieur\/","og_locale":"tr_TR","og_type":"article","og_title":"[:fr]Les plantes d'int\u00e9rieur[:tr]Saks\u0131 \u00c7i\u00e7ekleri[:] - MaisondeAaZ.com","og_description":"Evin i\u00e7ine bir canland\u0131rma getiren \u00e7i\u00e7ekleri eksik etmeyin, duvarda, masa \u00fczerinde veya yerde. \u00f6zel \u00e7i\u00e7ek se\u00e7in, kar\u0131\u015f\u0131k \u00e7e\u015fitlerle haz\u0131rlay\u0131n, saks\u0131s\u0131 orijinal olsun, \u00e7ok g\u00f6steri\u015f verir ve modern eder evinizi.","og_url":"https:\/\/www.maisondeaaz.com\/les-plantes-dinterieur\/","og_site_name":"MaisondeAaZ.com","article_modified_time":"2016-09-08T07:45:23+00:00","twitter_card":"summary","schema":{"@context":"https:\/\/schema.org","@graph":[{"@type":"WebSite","@id":"http:\/\/www.maisondeaaz.com\/#website","url":"http:\/\/www.maisondeaaz.com\/","name":"MaisondeAaZ.com","description":"Evimin A dan Z de yap\u0131l\u0131\u015f\u0131","potentialAction":[{"@type":"SearchAction","target":{"@type":"EntryPoint","urlTemplate":"http:\/\/www.maisondeaaz.com\/?s={search_term_string}"},"query-input":"required name=search_term_string"}],"inLanguage":"tr"},{"@type":"WebPage","@id":"https:\/\/www.maisondeaaz.com\/les-plantes-dinterieur\/#webpage","url":"https:\/\/www.maisondeaaz.com\/les-plantes-dinterieur\/","name":"[:fr]Les plantes d'int\u00e9rieur[:tr]Saks\u0131 \u00c7i\u00e7ekleri[:] - MaisondeAaZ.com","isPartOf":{"@id":"http:\/\/www.maisondeaaz.com\/#website"},"datePublished":"2016-08-22T19:20:04+00:00","dateModified":"2016-09-08T07:45:23+00:00","breadcrumb":{"@id":"https:\/\/www.maisondeaaz.com\/les-plantes-dinterieur\/#breadcrumb"},"inLanguage":"tr","potentialAction":[{"@type":"ReadAction","target":["https:\/\/www.maisondeaaz.com\/les-plantes-dinterieur\/"]}]},{"@type":"BreadcrumbList","@id":"https:\/\/www.maisondeaaz.com\/les-plantes-dinterieur\/#breadcrumb","itemListElement":[{"@type":"ListItem","position":1,"name":"Accueil","item":"http:\/\/www.maisondeaaz.com\/"},{"@type":"ListItem","position":2,"name":"Les plantes d&rsquo;int\u00e9rieur"}]}]}},"_links":{"self":[{"href":"https:\/\/www.maisondeaaz.com\/tr\/wp-json\/wp\/v2\/pages\/1397"}],"collection":[{"href":"https:\/\/www.maisondeaaz.com\/tr\/wp-json\/wp\/v2\/pages"}],"about":[{"href":"https:\/\/www.maisondeaaz.com\/tr\/wp-json\/wp\/v2\/types\/page"}],"author":[{"embeddable":true,"href":"https:\/\/www.maisondeaaz.com\/tr\/wp-json\/wp\/v2\/users\/1"}],"replies":[{"embeddable":true,"href":"https:\/\/www.maisondeaaz.com\/tr\/wp-json\/wp\/v2\/comments?post=1397"}],"version-history":[{"count":7,"href":"https:\/\/www.maisondeaaz.com\/tr\/wp-json\/wp\/v2\/pages\/1397\/revisions"}],"predecessor-version":[{"id":1648,"href":"https:\/\/www.maisondeaaz.com\/tr\/wp-json\/wp\/v2\/pages\/1397\/revisions\/1648"}],"wp:attachment":[{"href":"https:\/\/www.maisondeaaz.com\/tr\/wp-json\/wp\/v2\/media?parent=1397"}],"curies":[{"name":"wp","href":"https:\/\/api.w.org\/{rel}","templated":true}]}}