{"id":1301,"date":"2016-08-21T23:43:13","date_gmt":"2016-08-21T21:43:13","guid":{"rendered":"http:\/\/www.maisondeaaz.com\/?page_id=1301"},"modified":"2016-09-05T20:01:16","modified_gmt":"2016-09-05T17:01:16","slug":"la-deco","status":"publish","type":"page","link":"https:\/\/www.maisondeaaz.com\/tr\/la-deco\/","title":{"rendered":"Dekorasyon"},"content":{"rendered":"<p><div id=\"supsystic-slider-wrapper-5_20827\" class=\"supsystic-slider-wrapper\"> <div class=\"slider-sharing-top\"><\/div> <div id=\"supsystic-slider-5_20827\" class=\"supsystic-slider supsystic-slider-bx\" data-type=\"bx\" data-settings=\"{&quot;general&quot;:{&quot;mode&quot;:&quot;horizontal&quot;,&quot;auto&quot;:&quot;enable&quot;,&quot;slideshowControls&quot;:&quot;disable&quot;,&quot;navigation&quot;:&quot;1&quot;,&quot;captions&quot;:&quot;true&quot;,&quot;speed&quot;:&quot;500&quot;,&quot;easing&quot;:&quot;swing&quot;},&quot;touch&quot;:{&quot;touchEnabled&quot;:&quot;true&quot;,&quot;oneToOne&quot;:&quot;true&quot;,&quot;swipeThreshold&quot;:&quot;55&quot;},&quot;pager&quot;:{&quot;pagerEnabled&quot;:&quot;false&quot;,&quot;pagerType&quot;:&quot;full&quot;},&quot;properties&quot;:{&quot;width&quot;:&quot;800&quot;,&quot;widthType&quot;:&quot;px&quot;,&quot;height&quot;:&quot;400&quot;,&quot;position&quot;:&quot;center&quot;},&quot;caption&quot;:{&quot;color&quot;:&quot;#000000&quot;,&quot;font-size&quot;:&quot;14&quot;,&quot;text-align&quot;:&quot;auto&quot;,&quot;font-family&quot;:&quot;Open Sans&quot;,&quot;background-color-hex&quot;:&quot;#ffffff&quot;,&quot;background-color&quot;:&quot;rgba(255, 255, 255, 1)&quot;,&quot;background-opacity&quot;:&quot;1.0&quot;},&quot;__veditor__&quot;:{&quot;.bx-caption&quot;:{&quot;color&quot;:&quot;#000000&quot;,&quot;font-size&quot;:&quot;14px&quot;,&quot;text-align&quot;:&quot;auto&quot;,&quot;font-family&quot;:&quot;Open Sans&quot;,&quot;background-color&quot;:&quot;rgba(255, 255, 255, 1)&quot;}},&quot;socialSharing&quot;:{&quot;pluginInstalled&quot;:false,&quot;projectsList&quot;:[],&quot;html&quot;:&quot;&quot;}}\" data-thumbs=\"thumbnails-5\" style=\"visibility: hidden; direction: ltr;overflow-x: hidden;\"> <ul style=\"visibility: hidden; margin: 0 !important; \"> <li class=\"slide\" data-id=\"1\"> <img src=\"https:\/\/www.maisondeaaz.com\/wp-content\/uploads\/2016\/08\/P1190809-800x400.jpg\" alt=\"\" title=\"\" data-title=\"\"\/> <\/li> <li class=\"slide\" data-id=\"2\"> <img src=\"https:\/\/www.maisondeaaz.com\/wp-content\/uploads\/2016\/08\/P1190735-1-800x400.jpg\" alt=\"\" title=\"\" data-title=\"\"\/> <\/li> <li class=\"slide\" data-id=\"3\"> <img src=\"https:\/\/www.maisondeaaz.com\/wp-content\/uploads\/2016\/08\/P1190754-800x400.jpg\" alt=\"\" title=\"\" data-title=\"\"\/> <\/li> <li class=\"slide\" data-id=\"4\"> <img src=\"https:\/\/www.maisondeaaz.com\/wp-content\/uploads\/2016\/08\/P1190697-800x400.jpg\" alt=\"\" title=\"\" data-title=\"\"\/> <\/li> <li class=\"slide\" data-id=\"5\"> <img src=\"https:\/\/www.maisondeaaz.com\/wp-content\/uploads\/2016\/08\/P1190840-800x400.jpg\" alt=\"\" title=\"\" data-title=\"\"\/> <\/li> <li class=\"slide\" data-id=\"6\"> <img src=\"https:\/\/www.maisondeaaz.com\/wp-content\/uploads\/2016\/08\/P1190837-800x400.jpg\" alt=\"\" title=\"\" data-title=\"\"\/> <\/li> <li class=\"slide\" data-id=\"7\"> <img src=\"https:\/\/www.maisondeaaz.com\/wp-content\/uploads\/2016\/08\/P1190827-800x400.jpg\" alt=\"\" title=\"\" data-title=\"\"\/> <\/li> <li class=\"slide\" data-id=\"8\"> <img src=\"https:\/\/www.maisondeaaz.com\/wp-content\/uploads\/2016\/08\/P1190932-2-800x400.jpg\" alt=\"\" title=\"\" data-title=\"\"\/> <\/li> <li class=\"slide\" data-id=\"9\"> <img src=\"https:\/\/www.maisondeaaz.com\/wp-content\/uploads\/2016\/08\/P1190810-800x400.jpg\" alt=\"\" title=\"\" data-title=\"\"\/> <\/li> <\/ul> <\/div> <div id=\"bx-clearfix\" style=\"clear:both;\"><\/div> <ul class=\"thumbnails-5 thumbs\" style=\"visibility: hidden; margin: 0 !important;\"> <li> <img data-index=\"0\" src=\"https:\/\/www.maisondeaaz.com\/wp-content\/uploads\/2016\/08\/P1190809-200x133.jpg\" alt=\"Stikers Et Miroir Rond, Quelques Cactus\" title=\"\" data-title=\"\" style=\"\" \/> <\/li> <li> <img data-index=\"1\" src=\"https:\/\/www.maisondeaaz.com\/wp-content\/uploads\/2016\/08\/P1190735-1-200x133.jpg\" alt=\"M\u00e9lange Tableau Miroir\" title=\"\" data-title=\"\" style=\"\" \/> <\/li> <li> <img data-index=\"2\" src=\"https:\/\/www.maisondeaaz.com\/wp-content\/uploads\/2016\/08\/P1190754-200x133.jpg\" alt=\"Chambre, Chevet Au Mur\" title=\"\" data-title=\"\" style=\"\" \/> <\/li> <li> <img data-index=\"3\" src=\"https:\/\/www.maisondeaaz.com\/wp-content\/uploads\/2016\/08\/P1190697-200x133.jpg\" alt=\"D\u00e9co Chambre Tableau, Miroir Plante\" title=\"\" data-title=\"\" style=\"\" \/> <\/li> <li> <img data-index=\"4\" src=\"https:\/\/www.maisondeaaz.com\/wp-content\/uploads\/2016\/08\/P1190840-200x133.jpg\" alt=\"S\u00e9jour \u00c9pur\u00e9\" title=\"\" data-title=\"\" style=\"\" \/> <\/li> <li> <img data-index=\"5\" src=\"https:\/\/www.maisondeaaz.com\/wp-content\/uploads\/2016\/08\/P1190837-200x133.jpg\" alt=\"Habillez Les Murs De Tableaux Et Miroirs\" title=\"\" data-title=\"\" style=\"\" \/> <\/li> <li> <img data-index=\"6\" src=\"https:\/\/www.maisondeaaz.com\/wp-content\/uploads\/2016\/08\/P1190827-200x133.jpg\" alt=\"L&#039;escalier Mis En Valeur\" title=\"\" data-title=\"\" style=\"\" \/> <\/li> <li> <img data-index=\"7\" src=\"https:\/\/www.maisondeaaz.com\/wp-content\/uploads\/2016\/08\/P1190932-2-200x133.jpg\" alt=\"Tabouret Et Table Haute\" title=\"\" data-title=\"\" style=\"\" \/> <\/li> <li> <img data-index=\"8\" src=\"https:\/\/www.maisondeaaz.com\/wp-content\/uploads\/2016\/08\/P1190810-200x133.jpg\" alt=\"Escalier D\u00e9cor\u00e9\" title=\"\" data-title=\"\" style=\"\" \/> <\/li> <\/ul> <div style=\"clear:both;\"><\/div> <div class=\"slider-sharing-bottom\"><\/div> <\/div><\/p>\n<p>Dekor evinizin \u00f6nemli teraf\u0131, mobilya, dolap, perde, hali, lamba, avize, bir ka\u00e7 renkli tu\u015flar\u0131, baz\u0131 nesneler, resimler, aynalar, \u00e7i\u00e7ekler &#8230; Evinizi canland\u0131r\u0131r.<\/p>\n<p><\/p>","protected":false},"excerpt":{"rendered":"<p>Dekor evinizin \u00f6nemli teraf\u0131, mobilya, dolap, perde, hali, lamba, avize, bir ka\u00e7 renkli tu\u015flar\u0131, baz\u0131 nesneler, resimler, aynalar, \u00e7i\u00e7ekler &#8230; Evinizi canland\u0131r\u0131r.<\/p>\n","protected":false},"author":1,"featured_media":0,"parent":0,"menu_order":0,"comment_status":"closed","ping_status":"closed","template":"","meta":[],"yoast_head":"<!-- This site is optimized with the Yoast SEO plugin v18.9 - https:\/\/yoast.com\/wordpress\/plugins\/seo\/ -->\n<title>Dekorasyon - MaisondeAaZ.com<\/title>\n<meta name=\"robots\" content=\"index, follow, max-snippet:-1, max-image-preview:large, max-video-preview:-1\" \/>\n<link rel=\"canonical\" href=\"https:\/\/www.maisondeaaz.com\/la-deco\/\" \/>\n<meta property=\"og:locale\" content=\"tr_TR\" \/>\n<meta property=\"og:type\" content=\"article\" \/>\n<meta property=\"og:title\" content=\"[:fr]La d\u00e9co[:tr]Dekorasyon[:] - MaisondeAaZ.com\" \/>\n<meta property=\"og:description\" content=\"Dekor evinizin \u00f6nemli teraf\u0131, mobilya, dolap, perde, hali, lamba, avize, bir ka\u00e7 renkli tu\u015flar\u0131, baz\u0131 nesneler, resimler, aynalar, \u00e7i\u00e7ekler &#8230; Evinizi canland\u0131r\u0131r.\" \/>\n<meta property=\"og:url\" content=\"https:\/\/www.maisondeaaz.com\/la-deco\/\" \/>\n<meta property=\"og:site_name\" content=\"MaisondeAaZ.com\" \/>\n<meta property=\"article:modified_time\" content=\"2016-09-05T17:01:16+00:00\" \/>\n<meta name=\"twitter:card\" content=\"summary\" \/>\n<script type=\"application\/ld+json\" class=\"yoast-schema-graph\">{\"@context\":\"https:\/\/schema.org\",\"@graph\":[{\"@type\":\"WebSite\",\"@id\":\"http:\/\/www.maisondeaaz.com\/#website\",\"url\":\"http:\/\/www.maisondeaaz.com\/\",\"name\":\"MaisondeAaZ.com\",\"description\":\"Evimin A dan Z de yap\u0131l\u0131\u015f\u0131\",\"potentialAction\":[{\"@type\":\"SearchAction\",\"target\":{\"@type\":\"EntryPoint\",\"urlTemplate\":\"http:\/\/www.maisondeaaz.com\/?s={search_term_string}\"},\"query-input\":\"required name=search_term_string\"}],\"inLanguage\":\"tr\"},{\"@type\":\"WebPage\",\"@id\":\"https:\/\/www.maisondeaaz.com\/la-deco\/#webpage\",\"url\":\"https:\/\/www.maisondeaaz.com\/la-deco\/\",\"name\":\"[:fr]La d\u00e9co[:tr]Dekorasyon[:] - MaisondeAaZ.com\",\"isPartOf\":{\"@id\":\"http:\/\/www.maisondeaaz.com\/#website\"},\"datePublished\":\"2016-08-21T21:43:13+00:00\",\"dateModified\":\"2016-09-05T17:01:16+00:00\",\"breadcrumb\":{\"@id\":\"https:\/\/www.maisondeaaz.com\/la-deco\/#breadcrumb\"},\"inLanguage\":\"tr\",\"potentialAction\":[{\"@type\":\"ReadAction\",\"target\":[\"https:\/\/www.maisondeaaz.com\/la-deco\/\"]}]},{\"@type\":\"BreadcrumbList\",\"@id\":\"https:\/\/www.maisondeaaz.com\/la-deco\/#breadcrumb\",\"itemListElement\":[{\"@type\":\"ListItem\",\"position\":1,\"name\":\"Accueil\",\"item\":\"http:\/\/www.maisondeaaz.com\/\"},{\"@type\":\"ListItem\",\"position\":2,\"name\":\"La d\u00e9co\"}]}]}<\/script>\n<!-- \/ Yoast SEO plugin. -->","yoast_head_json":{"title":"[:fr]La d\u00e9co[:tr]Dekorasyon[:] - MaisondeAaZ.com","robots":{"index":"index","follow":"follow","max-snippet":"max-snippet:-1","max-image-preview":"max-image-preview:large","max-video-preview":"max-video-preview:-1"},"canonical":"https:\/\/www.maisondeaaz.com\/la-deco\/","og_locale":"tr_TR","og_type":"article","og_title":"[:fr]La d\u00e9co[:tr]Dekorasyon[:] - MaisondeAaZ.com","og_description":"Dekor evinizin \u00f6nemli teraf\u0131, mobilya, dolap, perde, hali, lamba, avize, bir ka\u00e7 renkli tu\u015flar\u0131, baz\u0131 nesneler, resimler, aynalar, \u00e7i\u00e7ekler &#8230; Evinizi canland\u0131r\u0131r.","og_url":"https:\/\/www.maisondeaaz.com\/la-deco\/","og_site_name":"MaisondeAaZ.com","article_modified_time":"2016-09-05T17:01:16+00:00","twitter_card":"summary","schema":{"@context":"https:\/\/schema.org","@graph":[{"@type":"WebSite","@id":"http:\/\/www.maisondeaaz.com\/#website","url":"http:\/\/www.maisondeaaz.com\/","name":"MaisondeAaZ.com","description":"Evimin A dan Z de yap\u0131l\u0131\u015f\u0131","potentialAction":[{"@type":"SearchAction","target":{"@type":"EntryPoint","urlTemplate":"http:\/\/www.maisondeaaz.com\/?s={search_term_string}"},"query-input":"required name=search_term_string"}],"inLanguage":"tr"},{"@type":"WebPage","@id":"https:\/\/www.maisondeaaz.com\/la-deco\/#webpage","url":"https:\/\/www.maisondeaaz.com\/la-deco\/","name":"[:fr]La d\u00e9co[:tr]Dekorasyon[:] - MaisondeAaZ.com","isPartOf":{"@id":"http:\/\/www.maisondeaaz.com\/#website"},"datePublished":"2016-08-21T21:43:13+00:00","dateModified":"2016-09-05T17:01:16+00:00","breadcrumb":{"@id":"https:\/\/www.maisondeaaz.com\/la-deco\/#breadcrumb"},"inLanguage":"tr","potentialAction":[{"@type":"ReadAction","target":["https:\/\/www.maisondeaaz.com\/la-deco\/"]}]},{"@type":"BreadcrumbList","@id":"https:\/\/www.maisondeaaz.com\/la-deco\/#breadcrumb","itemListElement":[{"@type":"ListItem","position":1,"name":"Accueil","item":"http:\/\/www.maisondeaaz.com\/"},{"@type":"ListItem","position":2,"name":"La d\u00e9co"}]}]}},"_links":{"self":[{"href":"https:\/\/www.maisondeaaz.com\/tr\/wp-json\/wp\/v2\/pages\/1301"}],"collection":[{"href":"https:\/\/www.maisondeaaz.com\/tr\/wp-json\/wp\/v2\/pages"}],"about":[{"href":"https:\/\/www.maisondeaaz.com\/tr\/wp-json\/wp\/v2\/types\/page"}],"author":[{"embeddable":true,"href":"https:\/\/www.maisondeaaz.com\/tr\/wp-json\/wp\/v2\/users\/1"}],"replies":[{"embeddable":true,"href":"https:\/\/www.maisondeaaz.com\/tr\/wp-json\/wp\/v2\/comments?post=1301"}],"version-history":[{"count":7,"href":"https:\/\/www.maisondeaaz.com\/tr\/wp-json\/wp\/v2\/pages\/1301\/revisions"}],"predecessor-version":[{"id":1601,"href":"https:\/\/www.maisondeaaz.com\/tr\/wp-json\/wp\/v2\/pages\/1301\/revisions\/1601"}],"wp:attachment":[{"href":"https:\/\/www.maisondeaaz.com\/tr\/wp-json\/wp\/v2\/media?parent=1301"}],"curies":[{"name":"wp","href":"https:\/\/api.w.org\/{rel}","templated":true}]}}