{"id":100,"date":"2016-08-18T10:37:52","date_gmt":"2016-08-18T08:37:52","guid":{"rendered":"http:\/\/www.maisondeaaz.com\/?page_id=100"},"modified":"2016-09-07T17:56:37","modified_gmt":"2016-09-07T14:56:37","slug":"les-fondations","status":"publish","type":"page","link":"https:\/\/www.maisondeaaz.com\/tr\/les-fondations\/","title":{"rendered":"Temeller"},"content":{"rendered":"<p>Belediye in\u015faat ruhsat\u0131n\u0131 verdikten sonra in\u015faat ba\u015flayabilir. Vak\u0131flar mason taraf\u0131ndan yap\u0131l\u0131r. Evin b\u00fct\u00fcn kanallar\u0131 haz\u0131rlan\u0131r.<\/p>\n<p>\u00c7ekim Tarihi: 04-06-2008 ve 11-06-2008 aras\u0131nda<\/p>\n<p>\n\t\t<style type=\"text\/css\">\n\t\t\t#gallery-2 {\n\t\t\t\tmargin: auto;\n\t\t\t}\n\t\t\t#gallery-2 .gallery-item {\n\t\t\t\tfloat: left;\n\t\t\t\tmargin-top: 10px;\n\t\t\t\ttext-align: center;\n\t\t\t\twidth: 100%;\n\t\t\t}\n\t\t\t#gallery-2 img {\n\t\t\t\tborder: 2px solid #cfcfcf;\n\t\t\t}\n\t\t\t#gallery-2 .gallery-caption {\n\t\t\t\tmargin-left: 0;\n\t\t\t}\n\t\t\t\/* see gallery_shortcode() in wp-includes\/media.php *\/\n\t\t<\/style>\n\t\t<div id='gallery-2' class='gallery galleryid-100 gallery-columns-1 gallery-size-large'><dl class='gallery-item'>\n\t\t\t<dt class='gallery-icon landscape'>\n\t\t\t\t<a href='https:\/\/www.maisondeaaz.com\/wp-content\/uploads\/2016\/08\/DSCF0056-.jpg' rel=\"lightbox[100]\"><img width=\"860\" height=\"645\" src=\"https:\/\/www.maisondeaaz.com\/wp-content\/uploads\/2016\/08\/DSCF0056-.jpg\" class=\"attachment-large size-large\" alt=\"\" decoding=\"async\" loading=\"lazy\" srcset=\"https:\/\/www.maisondeaaz.com\/wp-content\/uploads\/2016\/08\/DSCF0056-.jpg 1000w, https:\/\/www.maisondeaaz.com\/wp-content\/uploads\/2016\/08\/DSCF0056--300x225.jpg 300w, https:\/\/www.maisondeaaz.com\/wp-content\/uploads\/2016\/08\/DSCF0056--768x576.jpg 768w\" sizes=\"(max-width: 860px) 100vw, 860px\" \/><\/a>\n\t\t\t<\/dt><\/dl><br style=\"clear: both\" \/><dl class='gallery-item'>\n\t\t\t<dt class='gallery-icon landscape'>\n\t\t\t\t<a href='https:\/\/www.maisondeaaz.com\/wp-content\/uploads\/2016\/08\/DSCF0075.jpg' rel=\"lightbox[100]\"><img width=\"860\" height=\"645\" src=\"https:\/\/www.maisondeaaz.com\/wp-content\/uploads\/2016\/08\/DSCF0075.jpg\" class=\"attachment-large size-large\" alt=\"\" decoding=\"async\" loading=\"lazy\" srcset=\"https:\/\/www.maisondeaaz.com\/wp-content\/uploads\/2016\/08\/DSCF0075.jpg 1000w, https:\/\/www.maisondeaaz.com\/wp-content\/uploads\/2016\/08\/DSCF0075-300x225.jpg 300w, https:\/\/www.maisondeaaz.com\/wp-content\/uploads\/2016\/08\/DSCF0075-768x576.jpg 768w\" sizes=\"(max-width: 860px) 100vw, 860px\" \/><\/a>\n\t\t\t<\/dt><\/dl><br style=\"clear: both\" \/><dl class='gallery-item'>\n\t\t\t<dt class='gallery-icon landscape'>\n\t\t\t\t<a href='https:\/\/www.maisondeaaz.com\/wp-content\/uploads\/2016\/08\/DSCF0077.jpg' rel=\"lightbox[100]\"><img width=\"860\" height=\"645\" src=\"https:\/\/www.maisondeaaz.com\/wp-content\/uploads\/2016\/08\/DSCF0077.jpg\" class=\"attachment-large size-large\" alt=\"\" decoding=\"async\" loading=\"lazy\" srcset=\"https:\/\/www.maisondeaaz.com\/wp-content\/uploads\/2016\/08\/DSCF0077.jpg 1000w, https:\/\/www.maisondeaaz.com\/wp-content\/uploads\/2016\/08\/DSCF0077-300x225.jpg 300w, https:\/\/www.maisondeaaz.com\/wp-content\/uploads\/2016\/08\/DSCF0077-768x576.jpg 768w\" sizes=\"(max-width: 860px) 100vw, 860px\" \/><\/a>\n\t\t\t<\/dt><\/dl><br style=\"clear: both\" \/><dl class='gallery-item'>\n\t\t\t<dt class='gallery-icon landscape'>\n\t\t\t\t<a href='https:\/\/www.maisondeaaz.com\/wp-content\/uploads\/2016\/08\/DSCF0078.jpg' rel=\"lightbox[100]\"><img width=\"860\" height=\"645\" src=\"https:\/\/www.maisondeaaz.com\/wp-content\/uploads\/2016\/08\/DSCF0078.jpg\" class=\"attachment-large size-large\" alt=\"\" decoding=\"async\" loading=\"lazy\" srcset=\"https:\/\/www.maisondeaaz.com\/wp-content\/uploads\/2016\/08\/DSCF0078.jpg 1000w, https:\/\/www.maisondeaaz.com\/wp-content\/uploads\/2016\/08\/DSCF0078-300x225.jpg 300w, https:\/\/www.maisondeaaz.com\/wp-content\/uploads\/2016\/08\/DSCF0078-768x576.jpg 768w\" sizes=\"(max-width: 860px) 100vw, 860px\" \/><\/a>\n\t\t\t<\/dt><\/dl><br style=\"clear: both\" \/><dl class='gallery-item'>\n\t\t\t<dt class='gallery-icon landscape'>\n\t\t\t\t<a href='https:\/\/www.maisondeaaz.com\/wp-content\/uploads\/2016\/08\/DSCF0083.jpg' rel=\"lightbox[100]\"><img width=\"860\" height=\"645\" src=\"https:\/\/www.maisondeaaz.com\/wp-content\/uploads\/2016\/08\/DSCF0083.jpg\" class=\"attachment-large size-large\" alt=\"\" decoding=\"async\" loading=\"lazy\" srcset=\"https:\/\/www.maisondeaaz.com\/wp-content\/uploads\/2016\/08\/DSCF0083.jpg 1000w, https:\/\/www.maisondeaaz.com\/wp-content\/uploads\/2016\/08\/DSCF0083-300x225.jpg 300w, https:\/\/www.maisondeaaz.com\/wp-content\/uploads\/2016\/08\/DSCF0083-768x576.jpg 768w\" sizes=\"(max-width: 860px) 100vw, 860px\" \/><\/a>\n\t\t\t<\/dt><\/dl><br style=\"clear: both\" \/><dl class='gallery-item'>\n\t\t\t<dt class='gallery-icon landscape'>\n\t\t\t\t<a href='https:\/\/www.maisondeaaz.com\/wp-content\/uploads\/2016\/08\/DSCF0082.jpg' rel=\"lightbox[100]\"><img width=\"860\" height=\"645\" src=\"https:\/\/www.maisondeaaz.com\/wp-content\/uploads\/2016\/08\/DSCF0082.jpg\" class=\"attachment-large size-large\" alt=\"\" decoding=\"async\" loading=\"lazy\" srcset=\"https:\/\/www.maisondeaaz.com\/wp-content\/uploads\/2016\/08\/DSCF0082.jpg 1000w, https:\/\/www.maisondeaaz.com\/wp-content\/uploads\/2016\/08\/DSCF0082-300x225.jpg 300w, https:\/\/www.maisondeaaz.com\/wp-content\/uploads\/2016\/08\/DSCF0082-768x576.jpg 768w\" sizes=\"(max-width: 860px) 100vw, 860px\" \/><\/a>\n\t\t\t<\/dt><\/dl><br style=\"clear: both\" \/><dl class='gallery-item'>\n\t\t\t<dt class='gallery-icon landscape'>\n\t\t\t\t<a href='https:\/\/www.maisondeaaz.com\/wp-content\/uploads\/2016\/08\/DSCF0081.jpg' rel=\"lightbox[100]\"><img width=\"860\" height=\"645\" src=\"https:\/\/www.maisondeaaz.com\/wp-content\/uploads\/2016\/08\/DSCF0081.jpg\" class=\"attachment-large size-large\" alt=\"\" decoding=\"async\" loading=\"lazy\" srcset=\"https:\/\/www.maisondeaaz.com\/wp-content\/uploads\/2016\/08\/DSCF0081.jpg 1000w, https:\/\/www.maisondeaaz.com\/wp-content\/uploads\/2016\/08\/DSCF0081-300x225.jpg 300w, https:\/\/www.maisondeaaz.com\/wp-content\/uploads\/2016\/08\/DSCF0081-768x576.jpg 768w\" sizes=\"(max-width: 860px) 100vw, 860px\" \/><\/a>\n\t\t\t<\/dt><\/dl><br style=\"clear: both\" \/><dl class='gallery-item'>\n\t\t\t<dt class='gallery-icon landscape'>\n\t\t\t\t<a href='https:\/\/www.maisondeaaz.com\/wp-content\/uploads\/2016\/08\/DSCF0073.jpg' rel=\"lightbox[100]\"><img width=\"860\" height=\"645\" src=\"https:\/\/www.maisondeaaz.com\/wp-content\/uploads\/2016\/08\/DSCF0073.jpg\" class=\"attachment-large size-large\" alt=\"\" decoding=\"async\" loading=\"lazy\" srcset=\"https:\/\/www.maisondeaaz.com\/wp-content\/uploads\/2016\/08\/DSCF0073.jpg 1000w, https:\/\/www.maisondeaaz.com\/wp-content\/uploads\/2016\/08\/DSCF0073-300x225.jpg 300w, https:\/\/www.maisondeaaz.com\/wp-content\/uploads\/2016\/08\/DSCF0073-768x576.jpg 768w\" sizes=\"(max-width: 860px) 100vw, 860px\" \/><\/a>\n\t\t\t<\/dt><\/dl><br style=\"clear: both\" \/><dl class='gallery-item'>\n\t\t\t<dt class='gallery-icon landscape'>\n\t\t\t\t<a href='https:\/\/www.maisondeaaz.com\/wp-content\/uploads\/2016\/08\/DSCF0072.jpg' rel=\"lightbox[100]\"><img width=\"860\" height=\"645\" src=\"https:\/\/www.maisondeaaz.com\/wp-content\/uploads\/2016\/08\/DSCF0072.jpg\" class=\"attachment-large size-large\" alt=\"\" decoding=\"async\" loading=\"lazy\" srcset=\"https:\/\/www.maisondeaaz.com\/wp-content\/uploads\/2016\/08\/DSCF0072.jpg 1000w, https:\/\/www.maisondeaaz.com\/wp-content\/uploads\/2016\/08\/DSCF0072-300x225.jpg 300w, https:\/\/www.maisondeaaz.com\/wp-content\/uploads\/2016\/08\/DSCF0072-768x576.jpg 768w\" sizes=\"(max-width: 860px) 100vw, 860px\" \/><\/a>\n\t\t\t<\/dt><\/dl><br style=\"clear: both\" \/><dl class='gallery-item'>\n\t\t\t<dt class='gallery-icon landscape'>\n\t\t\t\t<a href='https:\/\/www.maisondeaaz.com\/wp-content\/uploads\/2016\/08\/DSCF0071.jpg' rel=\"lightbox[100]\"><img width=\"860\" height=\"645\" src=\"https:\/\/www.maisondeaaz.com\/wp-content\/uploads\/2016\/08\/DSCF0071.jpg\" class=\"attachment-large size-large\" alt=\"\" decoding=\"async\" loading=\"lazy\" srcset=\"https:\/\/www.maisondeaaz.com\/wp-content\/uploads\/2016\/08\/DSCF0071.jpg 1000w, https:\/\/www.maisondeaaz.com\/wp-content\/uploads\/2016\/08\/DSCF0071-300x225.jpg 300w, https:\/\/www.maisondeaaz.com\/wp-content\/uploads\/2016\/08\/DSCF0071-768x576.jpg 768w\" sizes=\"(max-width: 860px) 100vw, 860px\" \/><\/a>\n\t\t\t<\/dt><\/dl><br style=\"clear: both\" \/><dl class='gallery-item'>\n\t\t\t<dt class='gallery-icon landscape'>\n\t\t\t\t<a href='https:\/\/www.maisondeaaz.com\/wp-content\/uploads\/2016\/08\/DSCF0069.jpg' rel=\"lightbox[100]\"><img width=\"860\" height=\"645\" src=\"https:\/\/www.maisondeaaz.com\/wp-content\/uploads\/2016\/08\/DSCF0069.jpg\" class=\"attachment-large size-large\" alt=\"\" decoding=\"async\" loading=\"lazy\" srcset=\"https:\/\/www.maisondeaaz.com\/wp-content\/uploads\/2016\/08\/DSCF0069.jpg 1000w, https:\/\/www.maisondeaaz.com\/wp-content\/uploads\/2016\/08\/DSCF0069-300x225.jpg 300w, https:\/\/www.maisondeaaz.com\/wp-content\/uploads\/2016\/08\/DSCF0069-768x576.jpg 768w\" sizes=\"(max-width: 860px) 100vw, 860px\" \/><\/a>\n\t\t\t<\/dt><\/dl><br style=\"clear: both\" \/><dl class='gallery-item'>\n\t\t\t<dt class='gallery-icon landscape'>\n\t\t\t\t<a href='https:\/\/www.maisondeaaz.com\/wp-content\/uploads\/2016\/08\/DSCF0068.jpg' rel=\"lightbox[100]\"><img width=\"860\" height=\"645\" src=\"https:\/\/www.maisondeaaz.com\/wp-content\/uploads\/2016\/08\/DSCF0068.jpg\" class=\"attachment-large size-large\" alt=\"\" decoding=\"async\" loading=\"lazy\" srcset=\"https:\/\/www.maisondeaaz.com\/wp-content\/uploads\/2016\/08\/DSCF0068.jpg 1000w, https:\/\/www.maisondeaaz.com\/wp-content\/uploads\/2016\/08\/DSCF0068-300x225.jpg 300w, https:\/\/www.maisondeaaz.com\/wp-content\/uploads\/2016\/08\/DSCF0068-768x576.jpg 768w\" sizes=\"(max-width: 860px) 100vw, 860px\" \/><\/a>\n\t\t\t<\/dt><\/dl><br style=\"clear: both\" \/><dl class='gallery-item'>\n\t\t\t<dt class='gallery-icon landscape'>\n\t\t\t\t<a href='https:\/\/www.maisondeaaz.com\/wp-content\/uploads\/2016\/08\/DSCF0067.jpg' rel=\"lightbox[100]\"><img width=\"860\" height=\"645\" src=\"https:\/\/www.maisondeaaz.com\/wp-content\/uploads\/2016\/08\/DSCF0067.jpg\" class=\"attachment-large size-large\" alt=\"\" decoding=\"async\" loading=\"lazy\" srcset=\"https:\/\/www.maisondeaaz.com\/wp-content\/uploads\/2016\/08\/DSCF0067.jpg 1000w, https:\/\/www.maisondeaaz.com\/wp-content\/uploads\/2016\/08\/DSCF0067-300x225.jpg 300w, https:\/\/www.maisondeaaz.com\/wp-content\/uploads\/2016\/08\/DSCF0067-768x576.jpg 768w\" sizes=\"(max-width: 860px) 100vw, 860px\" \/><\/a>\n\t\t\t<\/dt><\/dl><br style=\"clear: both\" \/><dl class='gallery-item'>\n\t\t\t<dt class='gallery-icon landscape'>\n\t\t\t\t<a href='https:\/\/www.maisondeaaz.com\/wp-content\/uploads\/2016\/08\/DSCF0066.jpg' rel=\"lightbox[100]\"><img width=\"860\" height=\"645\" src=\"https:\/\/www.maisondeaaz.com\/wp-content\/uploads\/2016\/08\/DSCF0066.jpg\" class=\"attachment-large size-large\" alt=\"\" decoding=\"async\" loading=\"lazy\" srcset=\"https:\/\/www.maisondeaaz.com\/wp-content\/uploads\/2016\/08\/DSCF0066.jpg 1000w, https:\/\/www.maisondeaaz.com\/wp-content\/uploads\/2016\/08\/DSCF0066-300x225.jpg 300w, https:\/\/www.maisondeaaz.com\/wp-content\/uploads\/2016\/08\/DSCF0066-768x576.jpg 768w\" sizes=\"(max-width: 860px) 100vw, 860px\" \/><\/a>\n\t\t\t<\/dt><\/dl><br style=\"clear: both\" \/><dl class='gallery-item'>\n\t\t\t<dt class='gallery-icon landscape'>\n\t\t\t\t<a href='https:\/\/www.maisondeaaz.com\/wp-content\/uploads\/2016\/08\/DSCF0065.jpg' rel=\"lightbox[100]\"><img width=\"860\" height=\"645\" src=\"https:\/\/www.maisondeaaz.com\/wp-content\/uploads\/2016\/08\/DSCF0065.jpg\" class=\"attachment-large size-large\" alt=\"\" decoding=\"async\" loading=\"lazy\" srcset=\"https:\/\/www.maisondeaaz.com\/wp-content\/uploads\/2016\/08\/DSCF0065.jpg 1000w, https:\/\/www.maisondeaaz.com\/wp-content\/uploads\/2016\/08\/DSCF0065-300x225.jpg 300w, https:\/\/www.maisondeaaz.com\/wp-content\/uploads\/2016\/08\/DSCF0065-768x576.jpg 768w\" sizes=\"(max-width: 860px) 100vw, 860px\" \/><\/a>\n\t\t\t<\/dt><\/dl><br style=\"clear: both\" \/><dl class='gallery-item'>\n\t\t\t<dt class='gallery-icon landscape'>\n\t\t\t\t<a href='https:\/\/www.maisondeaaz.com\/wp-content\/uploads\/2016\/08\/DSCF0062.jpg' rel=\"lightbox[100]\"><img width=\"860\" height=\"645\" src=\"https:\/\/www.maisondeaaz.com\/wp-content\/uploads\/2016\/08\/DSCF0062.jpg\" class=\"attachment-large size-large\" alt=\"\" decoding=\"async\" loading=\"lazy\" srcset=\"https:\/\/www.maisondeaaz.com\/wp-content\/uploads\/2016\/08\/DSCF0062.jpg 1000w, https:\/\/www.maisondeaaz.com\/wp-content\/uploads\/2016\/08\/DSCF0062-300x225.jpg 300w, https:\/\/www.maisondeaaz.com\/wp-content\/uploads\/2016\/08\/DSCF0062-768x576.jpg 768w\" sizes=\"(max-width: 860px) 100vw, 860px\" \/><\/a>\n\t\t\t<\/dt><\/dl><br style=\"clear: both\" \/><dl class='gallery-item'>\n\t\t\t<dt class='gallery-icon landscape'>\n\t\t\t\t<a href='https:\/\/www.maisondeaaz.com\/wp-content\/uploads\/2016\/08\/DSCF0061.jpg' rel=\"lightbox[100]\"><img width=\"860\" height=\"645\" src=\"https:\/\/www.maisondeaaz.com\/wp-content\/uploads\/2016\/08\/DSCF0061.jpg\" class=\"attachment-large size-large\" alt=\"\" decoding=\"async\" loading=\"lazy\" srcset=\"https:\/\/www.maisondeaaz.com\/wp-content\/uploads\/2016\/08\/DSCF0061.jpg 1000w, https:\/\/www.maisondeaaz.com\/wp-content\/uploads\/2016\/08\/DSCF0061-300x225.jpg 300w, https:\/\/www.maisondeaaz.com\/wp-content\/uploads\/2016\/08\/DSCF0061-768x576.jpg 768w\" sizes=\"(max-width: 860px) 100vw, 860px\" \/><\/a>\n\t\t\t<\/dt><\/dl><br style=\"clear: both\" \/><dl class='gallery-item'>\n\t\t\t<dt class='gallery-icon landscape'>\n\t\t\t\t<a href='https:\/\/www.maisondeaaz.com\/wp-content\/uploads\/2016\/08\/DSCF0060.jpg' rel=\"lightbox[100]\"><img width=\"860\" height=\"645\" src=\"https:\/\/www.maisondeaaz.com\/wp-content\/uploads\/2016\/08\/DSCF0060.jpg\" class=\"attachment-large size-large\" alt=\"\" decoding=\"async\" loading=\"lazy\" srcset=\"https:\/\/www.maisondeaaz.com\/wp-content\/uploads\/2016\/08\/DSCF0060.jpg 1000w, https:\/\/www.maisondeaaz.com\/wp-content\/uploads\/2016\/08\/DSCF0060-300x225.jpg 300w, https:\/\/www.maisondeaaz.com\/wp-content\/uploads\/2016\/08\/DSCF0060-768x576.jpg 768w\" sizes=\"(max-width: 860px) 100vw, 860px\" \/><\/a>\n\t\t\t<\/dt><\/dl><br style=\"clear: both\" \/><dl class='gallery-item'>\n\t\t\t<dt class='gallery-icon landscape'>\n\t\t\t\t<a href='https:\/\/www.maisondeaaz.com\/wp-content\/uploads\/2016\/08\/DSCF0059.jpg' rel=\"lightbox[100]\"><img width=\"860\" height=\"645\" src=\"https:\/\/www.maisondeaaz.com\/wp-content\/uploads\/2016\/08\/DSCF0059.jpg\" class=\"attachment-large size-large\" alt=\"\" decoding=\"async\" loading=\"lazy\" srcset=\"https:\/\/www.maisondeaaz.com\/wp-content\/uploads\/2016\/08\/DSCF0059.jpg 1000w, https:\/\/www.maisondeaaz.com\/wp-content\/uploads\/2016\/08\/DSCF0059-300x225.jpg 300w, https:\/\/www.maisondeaaz.com\/wp-content\/uploads\/2016\/08\/DSCF0059-768x576.jpg 768w\" sizes=\"(max-width: 860px) 100vw, 860px\" \/><\/a>\n\t\t\t<\/dt><\/dl><br style=\"clear: both\" \/><dl class='gallery-item'>\n\t\t\t<dt class='gallery-icon landscape'>\n\t\t\t\t<a href='https:\/\/www.maisondeaaz.com\/wp-content\/uploads\/2016\/08\/DSCF0058.jpg' rel=\"lightbox[100]\"><img width=\"860\" height=\"645\" src=\"https:\/\/www.maisondeaaz.com\/wp-content\/uploads\/2016\/08\/DSCF0058.jpg\" class=\"attachment-large size-large\" alt=\"\" decoding=\"async\" loading=\"lazy\" srcset=\"https:\/\/www.maisondeaaz.com\/wp-content\/uploads\/2016\/08\/DSCF0058.jpg 1000w, https:\/\/www.maisondeaaz.com\/wp-content\/uploads\/2016\/08\/DSCF0058-300x225.jpg 300w, https:\/\/www.maisondeaaz.com\/wp-content\/uploads\/2016\/08\/DSCF0058-768x576.jpg 768w\" sizes=\"(max-width: 860px) 100vw, 860px\" \/><\/a>\n\t\t\t<\/dt><\/dl><br style=\"clear: both\" \/><dl class='gallery-item'>\n\t\t\t<dt class='gallery-icon landscape'>\n\t\t\t\t<a href='https:\/\/www.maisondeaaz.com\/wp-content\/uploads\/2016\/08\/2008-06-09-maison-01.jpg' rel=\"lightbox[100]\"><img width=\"860\" height=\"645\" src=\"https:\/\/www.maisondeaaz.com\/wp-content\/uploads\/2016\/08\/2008-06-09-maison-01.jpg\" class=\"attachment-large size-large\" alt=\"\" decoding=\"async\" loading=\"lazy\" srcset=\"https:\/\/www.maisondeaaz.com\/wp-content\/uploads\/2016\/08\/2008-06-09-maison-01.jpg 1000w, https:\/\/www.maisondeaaz.com\/wp-content\/uploads\/2016\/08\/2008-06-09-maison-01-300x225.jpg 300w, https:\/\/www.maisondeaaz.com\/wp-content\/uploads\/2016\/08\/2008-06-09-maison-01-768x576.jpg 768w\" sizes=\"(max-width: 860px) 100vw, 860px\" \/><\/a>\n\t\t\t<\/dt><\/dl><br style=\"clear: both\" \/><dl class='gallery-item'>\n\t\t\t<dt class='gallery-icon landscape'>\n\t\t\t\t<a href='https:\/\/www.maisondeaaz.com\/wp-content\/uploads\/2016\/08\/2008-06-09-maison-02.jpg' rel=\"lightbox[100]\"><img width=\"860\" height=\"645\" src=\"https:\/\/www.maisondeaaz.com\/wp-content\/uploads\/2016\/08\/2008-06-09-maison-02.jpg\" class=\"attachment-large size-large\" alt=\"\" decoding=\"async\" loading=\"lazy\" srcset=\"https:\/\/www.maisondeaaz.com\/wp-content\/uploads\/2016\/08\/2008-06-09-maison-02.jpg 1000w, https:\/\/www.maisondeaaz.com\/wp-content\/uploads\/2016\/08\/2008-06-09-maison-02-300x225.jpg 300w, https:\/\/www.maisondeaaz.com\/wp-content\/uploads\/2016\/08\/2008-06-09-maison-02-768x576.jpg 768w\" sizes=\"(max-width: 860px) 100vw, 860px\" \/><\/a>\n\t\t\t<\/dt><\/dl><br style=\"clear: both\" \/><dl class='gallery-item'>\n\t\t\t<dt class='gallery-icon landscape'>\n\t\t\t\t<a href='https:\/\/www.maisondeaaz.com\/wp-content\/uploads\/2016\/08\/2008-06-09-maison-03.jpg' rel=\"lightbox[100]\"><img width=\"860\" height=\"645\" src=\"https:\/\/www.maisondeaaz.com\/wp-content\/uploads\/2016\/08\/2008-06-09-maison-03.jpg\" class=\"attachment-large size-large\" alt=\"\" decoding=\"async\" loading=\"lazy\" srcset=\"https:\/\/www.maisondeaaz.com\/wp-content\/uploads\/2016\/08\/2008-06-09-maison-03.jpg 1000w, https:\/\/www.maisondeaaz.com\/wp-content\/uploads\/2016\/08\/2008-06-09-maison-03-300x225.jpg 300w, https:\/\/www.maisondeaaz.com\/wp-content\/uploads\/2016\/08\/2008-06-09-maison-03-768x576.jpg 768w\" sizes=\"(max-width: 860px) 100vw, 860px\" \/><\/a>\n\t\t\t<\/dt><\/dl><br style=\"clear: both\" \/><dl class='gallery-item'>\n\t\t\t<dt class='gallery-icon landscape'>\n\t\t\t\t<a href='https:\/\/www.maisondeaaz.com\/wp-content\/uploads\/2016\/08\/2008-06-09-maison-04.jpg' rel=\"lightbox[100]\"><img width=\"860\" height=\"645\" src=\"https:\/\/www.maisondeaaz.com\/wp-content\/uploads\/2016\/08\/2008-06-09-maison-04.jpg\" class=\"attachment-large size-large\" alt=\"\" decoding=\"async\" loading=\"lazy\" srcset=\"https:\/\/www.maisondeaaz.com\/wp-content\/uploads\/2016\/08\/2008-06-09-maison-04.jpg 1000w, https:\/\/www.maisondeaaz.com\/wp-content\/uploads\/2016\/08\/2008-06-09-maison-04-300x225.jpg 300w, https:\/\/www.maisondeaaz.com\/wp-content\/uploads\/2016\/08\/2008-06-09-maison-04-768x576.jpg 768w\" sizes=\"(max-width: 860px) 100vw, 860px\" \/><\/a>\n\t\t\t<\/dt><\/dl><br style=\"clear: both\" \/>\n\t\t<\/div>\n<\/p>","protected":false},"excerpt":{"rendered":"<p>Belediye in\u015faat ruhsat\u0131n\u0131 verdikten sonra in\u015faat ba\u015flayabilir. Vak\u0131flar mason taraf\u0131ndan yap\u0131l\u0131r. Evin b\u00fct\u00fcn kanallar\u0131 haz\u0131rlan\u0131r. \u00c7ekim Tarihi: 04-06-2008 ve 11-06-2008 aras\u0131nda<\/p>\n","protected":false},"author":1,"featured_media":0,"parent":0,"menu_order":0,"comment_status":"closed","ping_status":"closed","template":"","meta":[],"yoast_head":"<!-- This site is optimized with the Yoast SEO plugin v18.9 - https:\/\/yoast.com\/wordpress\/plugins\/seo\/ -->\n<title>Temeller - MaisondeAaZ.com<\/title>\n<meta name=\"robots\" content=\"index, follow, max-snippet:-1, max-image-preview:large, max-video-preview:-1\" \/>\n<link rel=\"canonical\" href=\"http:\/\/www.maisondeaaz.com\/les-fondations\/\" \/>\n<meta property=\"og:locale\" content=\"tr_TR\" \/>\n<meta property=\"og:type\" content=\"article\" \/>\n<meta property=\"og:title\" content=\"[:fr]Les fondations[:tr]Temeller[:] - MaisondeAaZ.com\" \/>\n<meta property=\"og:description\" content=\"Belediye in\u015faat ruhsat\u0131n\u0131 verdikten sonra in\u015faat ba\u015flayabilir. Vak\u0131flar mason taraf\u0131ndan yap\u0131l\u0131r. Evin b\u00fct\u00fcn kanallar\u0131 haz\u0131rlan\u0131r. \u00c7ekim Tarihi: 04-06-2008 ve 11-06-2008 aras\u0131nda\" \/>\n<meta property=\"og:url\" content=\"http:\/\/www.maisondeaaz.com\/les-fondations\/\" \/>\n<meta property=\"og:site_name\" content=\"MaisondeAaZ.com\" \/>\n<meta property=\"article:modified_time\" content=\"2016-09-07T14:56:37+00:00\" \/>\n<meta property=\"og:image\" content=\"http:\/\/www.maisondeaaz.com\/wp-content\/uploads\/2016\/08\/DSCF0056-.jpg\" \/>\n<meta name=\"twitter:card\" content=\"summary\" \/>\n<script type=\"application\/ld+json\" class=\"yoast-schema-graph\">{\"@context\":\"https:\/\/schema.org\",\"@graph\":[{\"@type\":\"WebSite\",\"@id\":\"http:\/\/www.maisondeaaz.com\/#website\",\"url\":\"http:\/\/www.maisondeaaz.com\/\",\"name\":\"MaisondeAaZ.com\",\"description\":\"Evimin A dan Z de yap\u0131l\u0131\u015f\u0131\",\"potentialAction\":[{\"@type\":\"SearchAction\",\"target\":{\"@type\":\"EntryPoint\",\"urlTemplate\":\"http:\/\/www.maisondeaaz.com\/?s={search_term_string}\"},\"query-input\":\"required name=search_term_string\"}],\"inLanguage\":\"tr\"},{\"@type\":\"WebPage\",\"@id\":\"http:\/\/www.maisondeaaz.com\/les-fondations\/#webpage\",\"url\":\"http:\/\/www.maisondeaaz.com\/les-fondations\/\",\"name\":\"[:fr]Les fondations[:tr]Temeller[:] - MaisondeAaZ.com\",\"isPartOf\":{\"@id\":\"http:\/\/www.maisondeaaz.com\/#website\"},\"datePublished\":\"2016-08-18T08:37:52+00:00\",\"dateModified\":\"2016-09-07T14:56:37+00:00\",\"breadcrumb\":{\"@id\":\"http:\/\/www.maisondeaaz.com\/les-fondations\/#breadcrumb\"},\"inLanguage\":\"tr\",\"potentialAction\":[{\"@type\":\"ReadAction\",\"target\":[\"http:\/\/www.maisondeaaz.com\/les-fondations\/\"]}]},{\"@type\":\"BreadcrumbList\",\"@id\":\"http:\/\/www.maisondeaaz.com\/les-fondations\/#breadcrumb\",\"itemListElement\":[{\"@type\":\"ListItem\",\"position\":1,\"name\":\"Accueil\",\"item\":\"http:\/\/www.maisondeaaz.com\/\"},{\"@type\":\"ListItem\",\"position\":2,\"name\":\"Les fondations\"}]}]}<\/script>\n<!-- \/ Yoast SEO plugin. -->","yoast_head_json":{"title":"[:fr]Les fondations[:tr]Temeller[:] - MaisondeAaZ.com","robots":{"index":"index","follow":"follow","max-snippet":"max-snippet:-1","max-image-preview":"max-image-preview:large","max-video-preview":"max-video-preview:-1"},"canonical":"http:\/\/www.maisondeaaz.com\/les-fondations\/","og_locale":"tr_TR","og_type":"article","og_title":"[:fr]Les fondations[:tr]Temeller[:] - MaisondeAaZ.com","og_description":"Belediye in\u015faat ruhsat\u0131n\u0131 verdikten sonra in\u015faat ba\u015flayabilir. Vak\u0131flar mason taraf\u0131ndan yap\u0131l\u0131r. Evin b\u00fct\u00fcn kanallar\u0131 haz\u0131rlan\u0131r. \u00c7ekim Tarihi: 04-06-2008 ve 11-06-2008 aras\u0131nda","og_url":"http:\/\/www.maisondeaaz.com\/les-fondations\/","og_site_name":"MaisondeAaZ.com","article_modified_time":"2016-09-07T14:56:37+00:00","og_image":[{"url":"http:\/\/www.maisondeaaz.com\/wp-content\/uploads\/2016\/08\/DSCF0056-.jpg"}],"twitter_card":"summary","schema":{"@context":"https:\/\/schema.org","@graph":[{"@type":"WebSite","@id":"http:\/\/www.maisondeaaz.com\/#website","url":"http:\/\/www.maisondeaaz.com\/","name":"MaisondeAaZ.com","description":"Evimin A dan Z de yap\u0131l\u0131\u015f\u0131","potentialAction":[{"@type":"SearchAction","target":{"@type":"EntryPoint","urlTemplate":"http:\/\/www.maisondeaaz.com\/?s={search_term_string}"},"query-input":"required name=search_term_string"}],"inLanguage":"tr"},{"@type":"WebPage","@id":"http:\/\/www.maisondeaaz.com\/les-fondations\/#webpage","url":"http:\/\/www.maisondeaaz.com\/les-fondations\/","name":"[:fr]Les fondations[:tr]Temeller[:] - MaisondeAaZ.com","isPartOf":{"@id":"http:\/\/www.maisondeaaz.com\/#website"},"datePublished":"2016-08-18T08:37:52+00:00","dateModified":"2016-09-07T14:56:37+00:00","breadcrumb":{"@id":"http:\/\/www.maisondeaaz.com\/les-fondations\/#breadcrumb"},"inLanguage":"tr","potentialAction":[{"@type":"ReadAction","target":["http:\/\/www.maisondeaaz.com\/les-fondations\/"]}]},{"@type":"BreadcrumbList","@id":"http:\/\/www.maisondeaaz.com\/les-fondations\/#breadcrumb","itemListElement":[{"@type":"ListItem","position":1,"name":"Accueil","item":"http:\/\/www.maisondeaaz.com\/"},{"@type":"ListItem","position":2,"name":"Les fondations"}]}]}},"_links":{"self":[{"href":"https:\/\/www.maisondeaaz.com\/tr\/wp-json\/wp\/v2\/pages\/100"}],"collection":[{"href":"https:\/\/www.maisondeaaz.com\/tr\/wp-json\/wp\/v2\/pages"}],"about":[{"href":"https:\/\/www.maisondeaaz.com\/tr\/wp-json\/wp\/v2\/types\/page"}],"author":[{"embeddable":true,"href":"https:\/\/www.maisondeaaz.com\/tr\/wp-json\/wp\/v2\/users\/1"}],"replies":[{"embeddable":true,"href":"https:\/\/www.maisondeaaz.com\/tr\/wp-json\/wp\/v2\/comments?post=100"}],"version-history":[{"count":7,"href":"https:\/\/www.maisondeaaz.com\/tr\/wp-json\/wp\/v2\/pages\/100\/revisions"}],"predecessor-version":[{"id":1589,"href":"https:\/\/www.maisondeaaz.com\/tr\/wp-json\/wp\/v2\/pages\/100\/revisions\/1589"}],"wp:attachment":[{"href":"https:\/\/www.maisondeaaz.com\/tr\/wp-json\/wp\/v2\/media?parent=100"}],"curies":[{"name":"wp","href":"https:\/\/api.w.org\/{rel}","templated":true}]}}