{"id":835,"date":"2016-08-19T16:14:53","date_gmt":"2016-08-19T14:14:53","guid":{"rendered":"http:\/\/www.maisondeaaz.com\/?page_id=835"},"modified":"2017-08-13T11:32:56","modified_gmt":"2017-08-13T08:32:56","slug":"la-chape-lisse","status":"publish","type":"page","link":"http:\/\/www.maisondeaaz.com\/tr\/la-chape-lisse\/","title":{"rendered":"Le sol : pose de la chape lisse"},"content":{"rendered":"<p>La chape est une couche de mortier \u00e0 base de ciment qui couvre toutes les tuyauteries de plomberie, sanitaire. Elle est destin\u00e9e \u00e0 aplanir et niveler le sol afin de pouvoir poser du carrelage, parquet, moquette&#8230;<\/p>\n<p>Date des prises de vues : Entre le 17-11-2007 et le 20-11-2008<\/p>\n\n\t\t<style type=\"text\/css\">\n\t\t\t#gallery-1 {\n\t\t\t\tmargin: auto;\n\t\t\t}\n\t\t\t#gallery-1 .gallery-item {\n\t\t\t\tfloat: left;\n\t\t\t\tmargin-top: 10px;\n\t\t\t\ttext-align: center;\n\t\t\t\twidth: 100%;\n\t\t\t}\n\t\t\t#gallery-1 img {\n\t\t\t\tborder: 2px solid #cfcfcf;\n\t\t\t}\n\t\t\t#gallery-1 .gallery-caption {\n\t\t\t\tmargin-left: 0;\n\t\t\t}\n\t\t\t\/* see gallery_shortcode() in wp-includes\/media.php *\/\n\t\t<\/style>\n\t\t<div id='gallery-1' class='gallery galleryid-835 gallery-columns-1 gallery-size-large'><dl class='gallery-item'>\n\t\t\t<dt class='gallery-icon landscape'>\n\t\t\t\t<a href='http:\/\/www.maisondeaaz.com\/wp-content\/uploads\/2016\/08\/a008_11_17_mai7_base.jpg' rel=\"lightbox[835]\"><img width=\"800\" height=\"600\" src=\"http:\/\/www.maisondeaaz.com\/wp-content\/uploads\/2016\/08\/a008_11_17_mai7_base.jpg\" class=\"attachment-large size-large\" alt=\"\" decoding=\"async\" loading=\"lazy\" srcset=\"http:\/\/www.maisondeaaz.com\/wp-content\/uploads\/2016\/08\/a008_11_17_mai7_base.jpg 800w, http:\/\/www.maisondeaaz.com\/wp-content\/uploads\/2016\/08\/a008_11_17_mai7_base-300x225.jpg 300w, http:\/\/www.maisondeaaz.com\/wp-content\/uploads\/2016\/08\/a008_11_17_mai7_base-768x576.jpg 768w, http:\/\/www.maisondeaaz.com\/wp-content\/uploads\/2016\/08\/a008_11_17_mai7_base-700x525.jpg 700w, http:\/\/www.maisondeaaz.com\/wp-content\/uploads\/2016\/08\/a008_11_17_mai7_base-332x249.jpg 332w\" sizes=\"(max-width: 800px) 100vw, 800px\" \/><\/a>\n\t\t\t<\/dt><\/dl><br style=\"clear: both\" \/><dl class='gallery-item'>\n\t\t\t<dt class='gallery-icon landscape'>\n\t\t\t\t<a href='http:\/\/www.maisondeaaz.com\/wp-content\/uploads\/2016\/08\/a008_11_17_mai11_base.jpg' rel=\"lightbox[835]\"><img width=\"800\" height=\"600\" src=\"http:\/\/www.maisondeaaz.com\/wp-content\/uploads\/2016\/08\/a008_11_17_mai11_base.jpg\" class=\"attachment-large size-large\" alt=\"\" decoding=\"async\" loading=\"lazy\" srcset=\"http:\/\/www.maisondeaaz.com\/wp-content\/uploads\/2016\/08\/a008_11_17_mai11_base.jpg 800w, http:\/\/www.maisondeaaz.com\/wp-content\/uploads\/2016\/08\/a008_11_17_mai11_base-300x225.jpg 300w, http:\/\/www.maisondeaaz.com\/wp-content\/uploads\/2016\/08\/a008_11_17_mai11_base-768x576.jpg 768w, http:\/\/www.maisondeaaz.com\/wp-content\/uploads\/2016\/08\/a008_11_17_mai11_base-700x525.jpg 700w, http:\/\/www.maisondeaaz.com\/wp-content\/uploads\/2016\/08\/a008_11_17_mai11_base-332x249.jpg 332w\" sizes=\"(max-width: 800px) 100vw, 800px\" \/><\/a>\n\t\t\t<\/dt><\/dl><br style=\"clear: both\" \/><dl class='gallery-item'>\n\t\t\t<dt class='gallery-icon landscape'>\n\t\t\t\t<a href='http:\/\/www.maisondeaaz.com\/wp-content\/uploads\/2016\/08\/a008_11_17_mai12_base.jpg' rel=\"lightbox[835]\"><img width=\"800\" height=\"600\" src=\"http:\/\/www.maisondeaaz.com\/wp-content\/uploads\/2016\/08\/a008_11_17_mai12_base.jpg\" class=\"attachment-large size-large\" alt=\"\" decoding=\"async\" loading=\"lazy\" srcset=\"http:\/\/www.maisondeaaz.com\/wp-content\/uploads\/2016\/08\/a008_11_17_mai12_base.jpg 800w, http:\/\/www.maisondeaaz.com\/wp-content\/uploads\/2016\/08\/a008_11_17_mai12_base-300x225.jpg 300w, http:\/\/www.maisondeaaz.com\/wp-content\/uploads\/2016\/08\/a008_11_17_mai12_base-768x576.jpg 768w, http:\/\/www.maisondeaaz.com\/wp-content\/uploads\/2016\/08\/a008_11_17_mai12_base-700x525.jpg 700w, http:\/\/www.maisondeaaz.com\/wp-content\/uploads\/2016\/08\/a008_11_17_mai12_base-332x249.jpg 332w\" sizes=\"(max-width: 800px) 100vw, 800px\" \/><\/a>\n\t\t\t<\/dt><\/dl><br style=\"clear: both\" \/><dl class='gallery-item'>\n\t\t\t<dt class='gallery-icon landscape'>\n\t\t\t\t<a href='http:\/\/www.maisondeaaz.com\/wp-content\/uploads\/2016\/08\/a008_11_17_mai13_base.jpg' rel=\"lightbox[835]\"><img width=\"800\" height=\"600\" src=\"http:\/\/www.maisondeaaz.com\/wp-content\/uploads\/2016\/08\/a008_11_17_mai13_base.jpg\" class=\"attachment-large size-large\" alt=\"\" decoding=\"async\" loading=\"lazy\" srcset=\"http:\/\/www.maisondeaaz.com\/wp-content\/uploads\/2016\/08\/a008_11_17_mai13_base.jpg 800w, http:\/\/www.maisondeaaz.com\/wp-content\/uploads\/2016\/08\/a008_11_17_mai13_base-300x225.jpg 300w, http:\/\/www.maisondeaaz.com\/wp-content\/uploads\/2016\/08\/a008_11_17_mai13_base-768x576.jpg 768w, http:\/\/www.maisondeaaz.com\/wp-content\/uploads\/2016\/08\/a008_11_17_mai13_base-700x525.jpg 700w, http:\/\/www.maisondeaaz.com\/wp-content\/uploads\/2016\/08\/a008_11_17_mai13_base-332x249.jpg 332w\" sizes=\"(max-width: 800px) 100vw, 800px\" \/><\/a>\n\t\t\t<\/dt><\/dl><br style=\"clear: both\" \/><dl class='gallery-item'>\n\t\t\t<dt class='gallery-icon landscape'>\n\t\t\t\t<a href='http:\/\/www.maisondeaaz.com\/wp-content\/uploads\/2016\/08\/a008_11_17_mai14_base.jpg' rel=\"lightbox[835]\"><img width=\"800\" height=\"600\" src=\"http:\/\/www.maisondeaaz.com\/wp-content\/uploads\/2016\/08\/a008_11_17_mai14_base.jpg\" class=\"attachment-large size-large\" alt=\"\" decoding=\"async\" loading=\"lazy\" srcset=\"http:\/\/www.maisondeaaz.com\/wp-content\/uploads\/2016\/08\/a008_11_17_mai14_base.jpg 800w, http:\/\/www.maisondeaaz.com\/wp-content\/uploads\/2016\/08\/a008_11_17_mai14_base-300x225.jpg 300w, http:\/\/www.maisondeaaz.com\/wp-content\/uploads\/2016\/08\/a008_11_17_mai14_base-768x576.jpg 768w, http:\/\/www.maisondeaaz.com\/wp-content\/uploads\/2016\/08\/a008_11_17_mai14_base-700x525.jpg 700w, http:\/\/www.maisondeaaz.com\/wp-content\/uploads\/2016\/08\/a008_11_17_mai14_base-332x249.jpg 332w\" sizes=\"(max-width: 800px) 100vw, 800px\" \/><\/a>\n\t\t\t<\/dt><\/dl><br style=\"clear: both\" \/><dl class='gallery-item'>\n\t\t\t<dt class='gallery-icon landscape'>\n\t\t\t\t<a href='http:\/\/www.maisondeaaz.com\/wp-content\/uploads\/2016\/08\/a008_11_18_mai7_base.jpg' rel=\"lightbox[835]\"><img width=\"800\" height=\"600\" src=\"http:\/\/www.maisondeaaz.com\/wp-content\/uploads\/2016\/08\/a008_11_18_mai7_base.jpg\" class=\"attachment-large size-large\" alt=\"\" decoding=\"async\" loading=\"lazy\" srcset=\"http:\/\/www.maisondeaaz.com\/wp-content\/uploads\/2016\/08\/a008_11_18_mai7_base.jpg 800w, http:\/\/www.maisondeaaz.com\/wp-content\/uploads\/2016\/08\/a008_11_18_mai7_base-300x225.jpg 300w, http:\/\/www.maisondeaaz.com\/wp-content\/uploads\/2016\/08\/a008_11_18_mai7_base-768x576.jpg 768w, http:\/\/www.maisondeaaz.com\/wp-content\/uploads\/2016\/08\/a008_11_18_mai7_base-700x525.jpg 700w, http:\/\/www.maisondeaaz.com\/wp-content\/uploads\/2016\/08\/a008_11_18_mai7_base-332x249.jpg 332w\" sizes=\"(max-width: 800px) 100vw, 800px\" \/><\/a>\n\t\t\t<\/dt><\/dl><br style=\"clear: both\" \/><dl class='gallery-item'>\n\t\t\t<dt class='gallery-icon landscape'>\n\t\t\t\t<a href='http:\/\/www.maisondeaaz.com\/wp-content\/uploads\/2016\/08\/a008_11_18_mai11_base.jpg' rel=\"lightbox[835]\"><img width=\"800\" height=\"600\" src=\"http:\/\/www.maisondeaaz.com\/wp-content\/uploads\/2016\/08\/a008_11_18_mai11_base.jpg\" class=\"attachment-large size-large\" alt=\"\" decoding=\"async\" loading=\"lazy\" srcset=\"http:\/\/www.maisondeaaz.com\/wp-content\/uploads\/2016\/08\/a008_11_18_mai11_base.jpg 800w, http:\/\/www.maisondeaaz.com\/wp-content\/uploads\/2016\/08\/a008_11_18_mai11_base-300x225.jpg 300w, http:\/\/www.maisondeaaz.com\/wp-content\/uploads\/2016\/08\/a008_11_18_mai11_base-768x576.jpg 768w, http:\/\/www.maisondeaaz.com\/wp-content\/uploads\/2016\/08\/a008_11_18_mai11_base-700x525.jpg 700w, http:\/\/www.maisondeaaz.com\/wp-content\/uploads\/2016\/08\/a008_11_18_mai11_base-332x249.jpg 332w\" sizes=\"(max-width: 800px) 100vw, 800px\" \/><\/a>\n\t\t\t<\/dt><\/dl><br style=\"clear: both\" \/><dl class='gallery-item'>\n\t\t\t<dt class='gallery-icon landscape'>\n\t\t\t\t<a href='http:\/\/www.maisondeaaz.com\/wp-content\/uploads\/2016\/08\/a008_11_18_mai12_base.jpg' rel=\"lightbox[835]\"><img width=\"800\" height=\"600\" src=\"http:\/\/www.maisondeaaz.com\/wp-content\/uploads\/2016\/08\/a008_11_18_mai12_base.jpg\" class=\"attachment-large size-large\" alt=\"\" decoding=\"async\" loading=\"lazy\" srcset=\"http:\/\/www.maisondeaaz.com\/wp-content\/uploads\/2016\/08\/a008_11_18_mai12_base.jpg 800w, http:\/\/www.maisondeaaz.com\/wp-content\/uploads\/2016\/08\/a008_11_18_mai12_base-300x225.jpg 300w, http:\/\/www.maisondeaaz.com\/wp-content\/uploads\/2016\/08\/a008_11_18_mai12_base-768x576.jpg 768w, http:\/\/www.maisondeaaz.com\/wp-content\/uploads\/2016\/08\/a008_11_18_mai12_base-700x525.jpg 700w, http:\/\/www.maisondeaaz.com\/wp-content\/uploads\/2016\/08\/a008_11_18_mai12_base-332x249.jpg 332w\" sizes=\"(max-width: 800px) 100vw, 800px\" \/><\/a>\n\t\t\t<\/dt><\/dl><br style=\"clear: both\" \/><dl class='gallery-item'>\n\t\t\t<dt class='gallery-icon landscape'>\n\t\t\t\t<a href='http:\/\/www.maisondeaaz.com\/wp-content\/uploads\/2016\/08\/a008_11_18_mai13_base.jpg' rel=\"lightbox[835]\"><img width=\"800\" height=\"600\" src=\"http:\/\/www.maisondeaaz.com\/wp-content\/uploads\/2016\/08\/a008_11_18_mai13_base.jpg\" class=\"attachment-large size-large\" alt=\"\" decoding=\"async\" loading=\"lazy\" srcset=\"http:\/\/www.maisondeaaz.com\/wp-content\/uploads\/2016\/08\/a008_11_18_mai13_base.jpg 800w, http:\/\/www.maisondeaaz.com\/wp-content\/uploads\/2016\/08\/a008_11_18_mai13_base-300x225.jpg 300w, http:\/\/www.maisondeaaz.com\/wp-content\/uploads\/2016\/08\/a008_11_18_mai13_base-768x576.jpg 768w, http:\/\/www.maisondeaaz.com\/wp-content\/uploads\/2016\/08\/a008_11_18_mai13_base-700x525.jpg 700w, http:\/\/www.maisondeaaz.com\/wp-content\/uploads\/2016\/08\/a008_11_18_mai13_base-332x249.jpg 332w\" sizes=\"(max-width: 800px) 100vw, 800px\" \/><\/a>\n\t\t\t<\/dt><\/dl><br style=\"clear: both\" \/><dl class='gallery-item'>\n\t\t\t<dt class='gallery-icon landscape'>\n\t\t\t\t<a href='http:\/\/www.maisondeaaz.com\/wp-content\/uploads\/2016\/08\/a008_11_20_mai8_base.jpg' rel=\"lightbox[835]\"><img width=\"800\" height=\"600\" src=\"http:\/\/www.maisondeaaz.com\/wp-content\/uploads\/2016\/08\/a008_11_20_mai8_base.jpg\" class=\"attachment-large size-large\" alt=\"\" decoding=\"async\" loading=\"lazy\" srcset=\"http:\/\/www.maisondeaaz.com\/wp-content\/uploads\/2016\/08\/a008_11_20_mai8_base.jpg 800w, http:\/\/www.maisondeaaz.com\/wp-content\/uploads\/2016\/08\/a008_11_20_mai8_base-300x225.jpg 300w, http:\/\/www.maisondeaaz.com\/wp-content\/uploads\/2016\/08\/a008_11_20_mai8_base-768x576.jpg 768w, http:\/\/www.maisondeaaz.com\/wp-content\/uploads\/2016\/08\/a008_11_20_mai8_base-700x525.jpg 700w, http:\/\/www.maisondeaaz.com\/wp-content\/uploads\/2016\/08\/a008_11_20_mai8_base-332x249.jpg 332w\" sizes=\"(max-width: 800px) 100vw, 800px\" \/><\/a>\n\t\t\t<\/dt><\/dl><br style=\"clear: both\" \/><dl class='gallery-item'>\n\t\t\t<dt class='gallery-icon landscape'>\n\t\t\t\t<a href='http:\/\/www.maisondeaaz.com\/wp-content\/uploads\/2016\/08\/a008_11_20_mai9_base.jpg' rel=\"lightbox[835]\"><img width=\"800\" height=\"600\" src=\"http:\/\/www.maisondeaaz.com\/wp-content\/uploads\/2016\/08\/a008_11_20_mai9_base.jpg\" class=\"attachment-large size-large\" alt=\"\" decoding=\"async\" loading=\"lazy\" srcset=\"http:\/\/www.maisondeaaz.com\/wp-content\/uploads\/2016\/08\/a008_11_20_mai9_base.jpg 800w, http:\/\/www.maisondeaaz.com\/wp-content\/uploads\/2016\/08\/a008_11_20_mai9_base-300x225.jpg 300w, http:\/\/www.maisondeaaz.com\/wp-content\/uploads\/2016\/08\/a008_11_20_mai9_base-768x576.jpg 768w, http:\/\/www.maisondeaaz.com\/wp-content\/uploads\/2016\/08\/a008_11_20_mai9_base-700x525.jpg 700w, http:\/\/www.maisondeaaz.com\/wp-content\/uploads\/2016\/08\/a008_11_20_mai9_base-332x249.jpg 332w\" sizes=\"(max-width: 800px) 100vw, 800px\" \/><\/a>\n\t\t\t<\/dt><\/dl><br style=\"clear: both\" \/><dl class='gallery-item'>\n\t\t\t<dt class='gallery-icon landscape'>\n\t\t\t\t<a href='http:\/\/www.maisondeaaz.com\/wp-content\/uploads\/2016\/08\/a008_11_20_mai10_base.jpg' rel=\"lightbox[835]\"><img width=\"800\" height=\"600\" src=\"http:\/\/www.maisondeaaz.com\/wp-content\/uploads\/2016\/08\/a008_11_20_mai10_base.jpg\" class=\"attachment-large size-large\" alt=\"\" decoding=\"async\" loading=\"lazy\" srcset=\"http:\/\/www.maisondeaaz.com\/wp-content\/uploads\/2016\/08\/a008_11_20_mai10_base.jpg 800w, http:\/\/www.maisondeaaz.com\/wp-content\/uploads\/2016\/08\/a008_11_20_mai10_base-300x225.jpg 300w, http:\/\/www.maisondeaaz.com\/wp-content\/uploads\/2016\/08\/a008_11_20_mai10_base-768x576.jpg 768w, http:\/\/www.maisondeaaz.com\/wp-content\/uploads\/2016\/08\/a008_11_20_mai10_base-700x525.jpg 700w, http:\/\/www.maisondeaaz.com\/wp-content\/uploads\/2016\/08\/a008_11_20_mai10_base-332x249.jpg 332w\" sizes=\"(max-width: 800px) 100vw, 800px\" \/><\/a>\n\t\t\t<\/dt><\/dl><br style=\"clear: both\" \/><dl class='gallery-item'>\n\t\t\t<dt class='gallery-icon landscape'>\n\t\t\t\t<a href='http:\/\/www.maisondeaaz.com\/wp-content\/uploads\/2016\/08\/a008_11_20_mai11_base-1.jpg' rel=\"lightbox[835]\"><img width=\"800\" height=\"600\" src=\"http:\/\/www.maisondeaaz.com\/wp-content\/uploads\/2016\/08\/a008_11_20_mai11_base-1.jpg\" class=\"attachment-large size-large\" alt=\"\" decoding=\"async\" loading=\"lazy\" srcset=\"http:\/\/www.maisondeaaz.com\/wp-content\/uploads\/2016\/08\/a008_11_20_mai11_base-1.jpg 800w, http:\/\/www.maisondeaaz.com\/wp-content\/uploads\/2016\/08\/a008_11_20_mai11_base-1-300x225.jpg 300w, http:\/\/www.maisondeaaz.com\/wp-content\/uploads\/2016\/08\/a008_11_20_mai11_base-1-768x576.jpg 768w, http:\/\/www.maisondeaaz.com\/wp-content\/uploads\/2016\/08\/a008_11_20_mai11_base-1-700x525.jpg 700w, http:\/\/www.maisondeaaz.com\/wp-content\/uploads\/2016\/08\/a008_11_20_mai11_base-1-332x249.jpg 332w\" sizes=\"(max-width: 800px) 100vw, 800px\" \/><\/a>\n\t\t\t<\/dt><\/dl><br style=\"clear: both\" \/><dl class='gallery-item'>\n\t\t\t<dt class='gallery-icon landscape'>\n\t\t\t\t<a href='http:\/\/www.maisondeaaz.com\/wp-content\/uploads\/2016\/08\/a008_11_20_mai12_base.jpg' rel=\"lightbox[835]\"><img width=\"800\" height=\"600\" src=\"http:\/\/www.maisondeaaz.com\/wp-content\/uploads\/2016\/08\/a008_11_20_mai12_base.jpg\" class=\"attachment-large size-large\" alt=\"\" decoding=\"async\" loading=\"lazy\" srcset=\"http:\/\/www.maisondeaaz.com\/wp-content\/uploads\/2016\/08\/a008_11_20_mai12_base.jpg 800w, http:\/\/www.maisondeaaz.com\/wp-content\/uploads\/2016\/08\/a008_11_20_mai12_base-300x225.jpg 300w, http:\/\/www.maisondeaaz.com\/wp-content\/uploads\/2016\/08\/a008_11_20_mai12_base-768x576.jpg 768w, http:\/\/www.maisondeaaz.com\/wp-content\/uploads\/2016\/08\/a008_11_20_mai12_base-700x525.jpg 700w, http:\/\/www.maisondeaaz.com\/wp-content\/uploads\/2016\/08\/a008_11_20_mai12_base-332x249.jpg 332w\" sizes=\"(max-width: 800px) 100vw, 800px\" \/><\/a>\n\t\t\t<\/dt><\/dl><br style=\"clear: both\" \/><dl class='gallery-item'>\n\t\t\t<dt class='gallery-icon landscape'>\n\t\t\t\t<a href='http:\/\/www.maisondeaaz.com\/wp-content\/uploads\/2016\/08\/a008_11_20_mai13_base.jpg' rel=\"lightbox[835]\"><img width=\"800\" height=\"600\" src=\"http:\/\/www.maisondeaaz.com\/wp-content\/uploads\/2016\/08\/a008_11_20_mai13_base.jpg\" class=\"attachment-large size-large\" alt=\"\" decoding=\"async\" loading=\"lazy\" srcset=\"http:\/\/www.maisondeaaz.com\/wp-content\/uploads\/2016\/08\/a008_11_20_mai13_base.jpg 800w, http:\/\/www.maisondeaaz.com\/wp-content\/uploads\/2016\/08\/a008_11_20_mai13_base-300x225.jpg 300w, http:\/\/www.maisondeaaz.com\/wp-content\/uploads\/2016\/08\/a008_11_20_mai13_base-768x576.jpg 768w, http:\/\/www.maisondeaaz.com\/wp-content\/uploads\/2016\/08\/a008_11_20_mai13_base-700x525.jpg 700w, http:\/\/www.maisondeaaz.com\/wp-content\/uploads\/2016\/08\/a008_11_20_mai13_base-332x249.jpg 332w\" sizes=\"(max-width: 800px) 100vw, 800px\" \/><\/a>\n\t\t\t<\/dt><\/dl><br style=\"clear: both\" \/><dl class='gallery-item'>\n\t\t\t<dt class='gallery-icon landscape'>\n\t\t\t\t<a href='http:\/\/www.maisondeaaz.com\/wp-content\/uploads\/2016\/08\/a008_11_20_mai14_base.jpg' rel=\"lightbox[835]\"><img width=\"800\" height=\"600\" src=\"http:\/\/www.maisondeaaz.com\/wp-content\/uploads\/2016\/08\/a008_11_20_mai14_base.jpg\" class=\"attachment-large size-large\" alt=\"\" decoding=\"async\" loading=\"lazy\" srcset=\"http:\/\/www.maisondeaaz.com\/wp-content\/uploads\/2016\/08\/a008_11_20_mai14_base.jpg 800w, http:\/\/www.maisondeaaz.com\/wp-content\/uploads\/2016\/08\/a008_11_20_mai14_base-300x225.jpg 300w, http:\/\/www.maisondeaaz.com\/wp-content\/uploads\/2016\/08\/a008_11_20_mai14_base-768x576.jpg 768w, http:\/\/www.maisondeaaz.com\/wp-content\/uploads\/2016\/08\/a008_11_20_mai14_base-700x525.jpg 700w, http:\/\/www.maisondeaaz.com\/wp-content\/uploads\/2016\/08\/a008_11_20_mai14_base-332x249.jpg 332w\" sizes=\"(max-width: 800px) 100vw, 800px\" \/><\/a>\n\t\t\t<\/dt><\/dl><br style=\"clear: both\" \/><dl class='gallery-item'>\n\t\t\t<dt class='gallery-icon landscape'>\n\t\t\t\t<a href='http:\/\/www.maisondeaaz.com\/wp-content\/uploads\/2016\/08\/a008_11_20_mai15_base.jpg' rel=\"lightbox[835]\"><img width=\"800\" height=\"600\" src=\"http:\/\/www.maisondeaaz.com\/wp-content\/uploads\/2016\/08\/a008_11_20_mai15_base.jpg\" class=\"attachment-large size-large\" alt=\"\" decoding=\"async\" loading=\"lazy\" srcset=\"http:\/\/www.maisondeaaz.com\/wp-content\/uploads\/2016\/08\/a008_11_20_mai15_base.jpg 800w, http:\/\/www.maisondeaaz.com\/wp-content\/uploads\/2016\/08\/a008_11_20_mai15_base-300x225.jpg 300w, http:\/\/www.maisondeaaz.com\/wp-content\/uploads\/2016\/08\/a008_11_20_mai15_base-768x576.jpg 768w, http:\/\/www.maisondeaaz.com\/wp-content\/uploads\/2016\/08\/a008_11_20_mai15_base-700x525.jpg 700w, http:\/\/www.maisondeaaz.com\/wp-content\/uploads\/2016\/08\/a008_11_20_mai15_base-332x249.jpg 332w\" sizes=\"(max-width: 800px) 100vw, 800px\" \/><\/a>\n\t\t\t<\/dt><\/dl><br style=\"clear: both\" \/><dl class='gallery-item'>\n\t\t\t<dt class='gallery-icon landscape'>\n\t\t\t\t<a href='http:\/\/www.maisondeaaz.com\/wp-content\/uploads\/2016\/08\/a008_11_20_mai16_base-1.jpg' rel=\"lightbox[835]\"><img width=\"800\" height=\"600\" src=\"http:\/\/www.maisondeaaz.com\/wp-content\/uploads\/2016\/08\/a008_11_20_mai16_base-1.jpg\" class=\"attachment-large size-large\" alt=\"\" decoding=\"async\" loading=\"lazy\" srcset=\"http:\/\/www.maisondeaaz.com\/wp-content\/uploads\/2016\/08\/a008_11_20_mai16_base-1.jpg 800w, http:\/\/www.maisondeaaz.com\/wp-content\/uploads\/2016\/08\/a008_11_20_mai16_base-1-300x225.jpg 300w, http:\/\/www.maisondeaaz.com\/wp-content\/uploads\/2016\/08\/a008_11_20_mai16_base-1-768x576.jpg 768w, http:\/\/www.maisondeaaz.com\/wp-content\/uploads\/2016\/08\/a008_11_20_mai16_base-1-700x525.jpg 700w, http:\/\/www.maisondeaaz.com\/wp-content\/uploads\/2016\/08\/a008_11_20_mai16_base-1-332x249.jpg 332w\" sizes=\"(max-width: 800px) 100vw, 800px\" \/><\/a>\n\t\t\t<\/dt><\/dl><br style=\"clear: both\" \/><dl class='gallery-item'>\n\t\t\t<dt class='gallery-icon landscape'>\n\t\t\t\t<a href='http:\/\/www.maisondeaaz.com\/wp-content\/uploads\/2016\/08\/a008_11_20_mai17_base-1.jpg' rel=\"lightbox[835]\"><img width=\"800\" height=\"600\" src=\"http:\/\/www.maisondeaaz.com\/wp-content\/uploads\/2016\/08\/a008_11_20_mai17_base-1.jpg\" class=\"attachment-large size-large\" alt=\"\" decoding=\"async\" loading=\"lazy\" srcset=\"http:\/\/www.maisondeaaz.com\/wp-content\/uploads\/2016\/08\/a008_11_20_mai17_base-1.jpg 800w, http:\/\/www.maisondeaaz.com\/wp-content\/uploads\/2016\/08\/a008_11_20_mai17_base-1-300x225.jpg 300w, http:\/\/www.maisondeaaz.com\/wp-content\/uploads\/2016\/08\/a008_11_20_mai17_base-1-768x576.jpg 768w, http:\/\/www.maisondeaaz.com\/wp-content\/uploads\/2016\/08\/a008_11_20_mai17_base-1-700x525.jpg 700w, http:\/\/www.maisondeaaz.com\/wp-content\/uploads\/2016\/08\/a008_11_20_mai17_base-1-332x249.jpg 332w\" sizes=\"(max-width: 800px) 100vw, 800px\" \/><\/a>\n\t\t\t<\/dt><\/dl><br style=\"clear: both\" \/>\n\t\t<\/div>\n\n","protected":false},"excerpt":{"rendered":"<p>La chape est une couche de mortier \u00e0 base de ciment qui couvre toutes les tuyauteries de plomberie, sanitaire. Elle est destin\u00e9e \u00e0 aplanir et niveler le sol afin de<\/p>\n","protected":false},"author":1,"featured_media":0,"parent":0,"menu_order":0,"comment_status":"closed","ping_status":"closed","template":"","meta":[],"yoast_head":"<!-- This site is optimized with the Yoast SEO plugin v18.9 - https:\/\/yoast.com\/wordpress\/plugins\/seo\/ -->\n<title>Le sol : pose de la chape lisse - MaisondeAaZ.com<\/title>\n<meta name=\"robots\" content=\"index, follow, max-snippet:-1, max-image-preview:large, max-video-preview:-1\" \/>\n<link rel=\"canonical\" href=\"http:\/\/www.maisondeaaz.com\/la-chape-lisse\/\" \/>\n<meta property=\"og:locale\" content=\"tr_TR\" \/>\n<meta property=\"og:type\" content=\"article\" \/>\n<meta property=\"og:title\" content=\"Le sol : pose de la chape lisse - MaisondeAaZ.com\" \/>\n<meta property=\"og:description\" content=\"La chape est une couche de mortier \u00e0 base de ciment qui couvre toutes les tuyauteries de plomberie, sanitaire. Elle est destin\u00e9e \u00e0 aplanir et niveler le sol afin de\" \/>\n<meta property=\"og:url\" content=\"http:\/\/www.maisondeaaz.com\/la-chape-lisse\/\" \/>\n<meta property=\"og:site_name\" content=\"MaisondeAaZ.com\" \/>\n<meta property=\"article:modified_time\" content=\"2017-08-13T08:32:56+00:00\" \/>\n<meta property=\"og:image\" content=\"http:\/\/www.maisondeaaz.com\/wp-content\/uploads\/2016\/08\/a008_11_17_mai7_base.jpg\" \/>\n<meta name=\"twitter:card\" content=\"summary\" \/>\n<script type=\"application\/ld+json\" class=\"yoast-schema-graph\">{\"@context\":\"https:\/\/schema.org\",\"@graph\":[{\"@type\":\"WebSite\",\"@id\":\"http:\/\/www.maisondeaaz.com\/#website\",\"url\":\"http:\/\/www.maisondeaaz.com\/\",\"name\":\"MaisondeAaZ.com\",\"description\":\"Evimin A dan Z de yap\u0131l\u0131\u015f\u0131\",\"potentialAction\":[{\"@type\":\"SearchAction\",\"target\":{\"@type\":\"EntryPoint\",\"urlTemplate\":\"http:\/\/www.maisondeaaz.com\/?s={search_term_string}\"},\"query-input\":\"required name=search_term_string\"}],\"inLanguage\":\"tr\"},{\"@type\":\"WebPage\",\"@id\":\"http:\/\/www.maisondeaaz.com\/la-chape-lisse\/#webpage\",\"url\":\"http:\/\/www.maisondeaaz.com\/la-chape-lisse\/\",\"name\":\"Le sol : pose de la chape lisse - MaisondeAaZ.com\",\"isPartOf\":{\"@id\":\"http:\/\/www.maisondeaaz.com\/#website\"},\"datePublished\":\"2016-08-19T14:14:53+00:00\",\"dateModified\":\"2017-08-13T08:32:56+00:00\",\"breadcrumb\":{\"@id\":\"http:\/\/www.maisondeaaz.com\/la-chape-lisse\/#breadcrumb\"},\"inLanguage\":\"tr\",\"potentialAction\":[{\"@type\":\"ReadAction\",\"target\":[\"http:\/\/www.maisondeaaz.com\/la-chape-lisse\/\"]}]},{\"@type\":\"BreadcrumbList\",\"@id\":\"http:\/\/www.maisondeaaz.com\/la-chape-lisse\/#breadcrumb\",\"itemListElement\":[{\"@type\":\"ListItem\",\"position\":1,\"name\":\"Accueil\",\"item\":\"http:\/\/www.maisondeaaz.com\/\"},{\"@type\":\"ListItem\",\"position\":2,\"name\":\"Le sol : pose de la chape lisse\"}]}]}<\/script>\n<!-- \/ Yoast SEO plugin. -->","yoast_head_json":{"title":"Le sol : pose de la chape lisse - MaisondeAaZ.com","robots":{"index":"index","follow":"follow","max-snippet":"max-snippet:-1","max-image-preview":"max-image-preview:large","max-video-preview":"max-video-preview:-1"},"canonical":"http:\/\/www.maisondeaaz.com\/la-chape-lisse\/","og_locale":"tr_TR","og_type":"article","og_title":"Le sol : pose de la chape lisse - MaisondeAaZ.com","og_description":"La chape est une couche de mortier \u00e0 base de ciment qui couvre toutes les tuyauteries de plomberie, sanitaire. Elle est destin\u00e9e \u00e0 aplanir et niveler le sol afin de","og_url":"http:\/\/www.maisondeaaz.com\/la-chape-lisse\/","og_site_name":"MaisondeAaZ.com","article_modified_time":"2017-08-13T08:32:56+00:00","og_image":[{"url":"http:\/\/www.maisondeaaz.com\/wp-content\/uploads\/2016\/08\/a008_11_17_mai7_base.jpg"}],"twitter_card":"summary","schema":{"@context":"https:\/\/schema.org","@graph":[{"@type":"WebSite","@id":"http:\/\/www.maisondeaaz.com\/#website","url":"http:\/\/www.maisondeaaz.com\/","name":"MaisondeAaZ.com","description":"Evimin A dan Z de yap\u0131l\u0131\u015f\u0131","potentialAction":[{"@type":"SearchAction","target":{"@type":"EntryPoint","urlTemplate":"http:\/\/www.maisondeaaz.com\/?s={search_term_string}"},"query-input":"required name=search_term_string"}],"inLanguage":"tr"},{"@type":"WebPage","@id":"http:\/\/www.maisondeaaz.com\/la-chape-lisse\/#webpage","url":"http:\/\/www.maisondeaaz.com\/la-chape-lisse\/","name":"Le sol : pose de la chape lisse - MaisondeAaZ.com","isPartOf":{"@id":"http:\/\/www.maisondeaaz.com\/#website"},"datePublished":"2016-08-19T14:14:53+00:00","dateModified":"2017-08-13T08:32:56+00:00","breadcrumb":{"@id":"http:\/\/www.maisondeaaz.com\/la-chape-lisse\/#breadcrumb"},"inLanguage":"tr","potentialAction":[{"@type":"ReadAction","target":["http:\/\/www.maisondeaaz.com\/la-chape-lisse\/"]}]},{"@type":"BreadcrumbList","@id":"http:\/\/www.maisondeaaz.com\/la-chape-lisse\/#breadcrumb","itemListElement":[{"@type":"ListItem","position":1,"name":"Accueil","item":"http:\/\/www.maisondeaaz.com\/"},{"@type":"ListItem","position":2,"name":"Le sol : pose de la chape lisse"}]}]}},"_links":{"self":[{"href":"http:\/\/www.maisondeaaz.com\/tr\/wp-json\/wp\/v2\/pages\/835"}],"collection":[{"href":"http:\/\/www.maisondeaaz.com\/tr\/wp-json\/wp\/v2\/pages"}],"about":[{"href":"http:\/\/www.maisondeaaz.com\/tr\/wp-json\/wp\/v2\/types\/page"}],"author":[{"embeddable":true,"href":"http:\/\/www.maisondeaaz.com\/tr\/wp-json\/wp\/v2\/users\/1"}],"replies":[{"embeddable":true,"href":"http:\/\/www.maisondeaaz.com\/tr\/wp-json\/wp\/v2\/comments?post=835"}],"version-history":[{"count":7,"href":"http:\/\/www.maisondeaaz.com\/tr\/wp-json\/wp\/v2\/pages\/835\/revisions"}],"predecessor-version":[{"id":1675,"href":"http:\/\/www.maisondeaaz.com\/tr\/wp-json\/wp\/v2\/pages\/835\/revisions\/1675"}],"wp:attachment":[{"href":"http:\/\/www.maisondeaaz.com\/tr\/wp-json\/wp\/v2\/media?parent=835"}],"curies":[{"name":"wp","href":"https:\/\/api.w.org\/{rel}","templated":true}]}}